{"id":12,"date":"2014-11-06T13:33:28","date_gmt":"2014-11-06T13:33:28","guid":{"rendered":"http:\/\/localhost\/orderoffhore\/?page_id=12"},"modified":"2021-04-16T15:33:41","modified_gmt":"2021-04-16T15:33:41","slug":"rolunk","status":"publish","type":"page","link":"https:\/\/orderoffshore.com\/en\/rolunk\/","title":{"rendered":"About us"},"content":{"rendered":"<p>The website provider of orderoffshore.com is Blue and Red Consulting Ltd. Our website is dedicated to offshore company formation, providing services for entrepreneurs who want to start an offshore company with a secure legal background. The main purpose of our site is to provide information to those who are interested and to provide a contact point for those who wish to enter the world of offshore business. Our aim is to put the legal benefits of offshore in the hands of small and medium-sized enterprises and investors. The strategy we represent and practice is the result of the work of a lawyer, tax adviser and several international specialists in international company law.<\/p>\n<p>We can guarantee fast and professional solutions, we can provide high quality at low prices, we have a network of contacts with many renowned international tax planning and consulting firms, we can guarantee a legally secure and regulated company and, most importantly, we have discretion at the top of our list. From a business point of view, our strategy is to prioritise the best offshore locations, so we can provide up-to-date information to our clients.<\/p>\n<p>Our aim is to make sure that more people know about offshore business and can take advantage of it. We can provide legal assistance to all those who turn to us with confidence. We are available to anyone who wants to grow or build their wealth more efficiently and safely.<\/p>\n<p>If one of our packages appeals to you, you can order it in the order menu.<\/p>\n<p>Your individual needs are also welcome! In this case, please let us know in the Request a quote section.<\/p>\n<p>Our e-mail address is info@orderoffshore.com<br \/>\nYou can reach our representative in Hungary at +36709415142.<\/p>\n<p>Our representative office is located at 30\/A T\u00f6r\u00f6kv\u00e9sz \u00fat, Budapest, District II (by appointment only)<\/p>\n<p>Our experienced staff is at your disposal with prompt, reliable, discreet and professional service!<\/p>","protected":false},"excerpt":{"rendered":"<p>The website provider of orderoffshore.com is Blue and Red Consulting Ltd. Our website is dedicated to offshore company formation, providing services for entrepreneurs who want to start an offshore company with a secure legal background. The main purpose of our site is to provide information to those who are interested and to provide a contact point for those who want to start an offshore business.<\/p>","protected":false},"author":2,"featured_media":0,"parent":0,"menu_order":0,"comment_status":"open","ping_status":"open","template":"","meta":{"footnotes":""},"yoast_head":"<!-- This site is optimized with the Yoast SEO Premium plugin v21.5 (Yoast SEO v21.5) - https:\/\/yoast.com\/wordpress\/plugins\/seo\/ -->\n<title>R\u00f3lunk - Offshore C\u00e9galap\u00edt\u00e1s<\/title>\n<meta name=\"robots\" content=\"index, follow, max-snippet:-1, max-image-preview:large, max-video-preview:-1\" \/>\n<link rel=\"canonical\" href=\"https:\/\/orderoffshore.com\/en\/rolunk\/\" \/>\n<meta property=\"og:locale\" content=\"en_GB\" \/>\n<meta property=\"og:type\" content=\"article\" \/>\n<meta property=\"og:title\" content=\"R\u00f3lunk\" \/>\n<meta property=\"og:description\" content=\"Az orderoffshore.com weblap szolg\u00e1ltat\u00f3ja a Blue and Red Consulting Ltd. Honlapunk az offshore c\u00e9g alap\u00edt\u00e1s\u00e1val foglalkozik, szolg\u00e1ltat\u00e1sokat ny\u00fajt azon v\u00e1llalkoz\u00f3k sz\u00e1m\u00e1ra, akik szeretn\u00e9nek biztos jogi h\u00e1tt\u00e9rrel belekezdeni egy offshore c\u00e9g alap\u00edt\u00e1s\u00e1ba. Oldalunk f\u0151 feladata, hogy inform\u00e1ci\u00f3t juttasson el az \u00e9rdekl\u0151d\u0151k fel\u00e9, illetve kapcsolat felv\u00e9teli lehet\u0151s\u00e9get ny\u00fajt azoknak, akik ezek ut\u00e1n szeretn\u00e9nek belev\u00e1gni az offshore business [&hellip;]\" \/>\n<meta property=\"og:url\" content=\"https:\/\/orderoffshore.com\/en\/rolunk\/\" \/>\n<meta property=\"og:site_name\" content=\"Offshore C\u00e9galap\u00edt\u00e1s\" \/>\n<meta property=\"article:modified_time\" content=\"2021-04-16T15:33:41+00:00\" \/>\n<meta name=\"twitter:card\" content=\"summary_large_image\" \/>\n<meta name=\"twitter:label1\" content=\"Estimated reading time\" \/>\n\t<meta name=\"twitter:data1\" content=\"2 minutes\" \/>\n<script type=\"application\/ld+json\" class=\"yoast-schema-graph\">{\n\t    \"@context\": \"https:\/\/schema.org\",\n\t    \"@graph\": [\n\t        {\n\t            \"@type\": \"WebPage\",\n\t            \"@id\": \"https:\/\/orderoffshore.com\/rolunk\/\",\n\t            \"url\": \"https:\/\/orderoffshore.com\/rolunk\/\",\n\t            \"name\": \"R\u00f3lunk - Offshore C\u00e9galap\u00edt\u00e1s\",\n\t            \"isPartOf\": {\n\t                \"@id\": \"https:\/\/orderoffshore.com\/#website\"\n\t            },\n\t            \"datePublished\": \"2014-11-06T13:33:28+00:00\",\n\t            \"dateModified\": \"2021-04-16T15:33:41+00:00\",\n\t            \"breadcrumb\": {\n\t                \"@id\": \"https:\/\/orderoffshore.com\/rolunk\/#breadcrumb\"\n\t            },\n\t            \"inLanguage\": \"en-GB\",\n\t            \"potentialAction\": [\n\t                {\n\t                    \"@type\": \"ReadAction\",\n\t                    \"target\": [\n\t                        \"https:\/\/orderoffshore.com\/rolunk\/\"\n\t                    ]\n\t                }\n\t            ]\n\t        },\n\t        {\n\t            \"@type\": \"BreadcrumbList\",\n\t            \"@id\": \"https:\/\/orderoffshore.com\/rolunk\/#breadcrumb\",\n\t            \"itemListElement\": [\n\t                {\n\t                    \"@type\": \"ListItem\",\n\t                    \"position\": 1,\n\t                    \"name\": \"Kezd\u0151lap\",\n\t                    \"item\": \"https:\/\/orderoffshore.com\/\"\n\t                },\n\t                {\n\t                    \"@type\": \"ListItem\",\n\t                    \"position\": 2,\n\t                    \"name\": \"R\u00f3lunk\"\n\t                }\n\t            ]\n\t        },\n\t        {\n\t            \"@type\": \"WebSite\",\n\t            \"@id\": \"https:\/\/orderoffshore.com\/#website\",\n\t            \"url\": \"https:\/\/orderoffshore.com\/\",\n\t            \"name\": \"Order Offshore\",\n\t            \"description\": \"C\u00e9galap\u00edt\u00e1s, v\u00edzum \u00e9s banksz\u00e1mla l\u00e9trehoz\u00e1s\",\n\t            \"publisher\": {\n\t                \"@id\": \"https:\/\/orderoffshore.com\/#organization\"\n\t            },\n\t            \"potentialAction\": [\n\t                {\n\t                    \"@type\": \"SearchAction\",\n\t                    \"target\": {\n\t                        \"@type\": \"EntryPoint\",\n\t                        \"urlTemplate\": \"https:\/\/orderoffshore.com\/?s={search_term_string}\"\n\t                    },\n\t                    \"query-input\": \"required name=search_term_string\"\n\t                }\n\t            ],\n\t            \"inLanguage\": \"en-GB\"\n\t        },\n\t        {\n\t            \"@type\": \"Organization\",\n\t            \"@id\": \"https:\/\/orderoffshore.com\/#organization\",\n\t            \"name\": \"Order Offshore\",\n\t            \"url\": \"https:\/\/orderoffshore.com\/\",\n\t            \"logo\": {\n\t                \"@type\": \"ImageObject\",\n\t                \"inLanguage\": \"en-GB\",\n\t                \"@id\": \"https:\/\/orderoffshore.com\/#\/schema\/logo\/image\/\",\n\t                \"url\": \"https:\/\/orderoffshore.com\/wp-content\/uploads\/2014\/11\/orderofshore_logo1.png\",\n\t                \"contentUrl\": \"https:\/\/orderoffshore.com\/wp-content\/uploads\/2014\/11\/orderofshore_logo1.png\",\n\t                \"width\": 250,\n\t                \"height\": 80,\n\t                \"caption\": \"Order Offshore\"\n\t            },\n\t            \"image\": {\n\t                \"@id\": \"https:\/\/orderoffshore.com\/#\/schema\/logo\/image\/\"\n\t            }\n\t        }\n\t    ]\n\t}<\/script>\n<!-- \/ Yoast SEO Premium plugin. -->","yoast_head_json":{"title":"R\u00f3lunk - Offshore C\u00e9galap\u00edt\u00e1s","robots":{"index":"index","follow":"follow","max-snippet":"max-snippet:-1","max-image-preview":"max-image-preview:large","max-video-preview":"max-video-preview:-1"},"canonical":"https:\/\/orderoffshore.com\/en\/rolunk\/","og_locale":"en_GB","og_type":"article","og_title":"R\u00f3lunk","og_description":"Az orderoffshore.com weblap szolg\u00e1ltat\u00f3ja a Blue and Red Consulting Ltd. Honlapunk az offshore c\u00e9g alap\u00edt\u00e1s\u00e1val foglalkozik, szolg\u00e1ltat\u00e1sokat ny\u00fajt azon v\u00e1llalkoz\u00f3k sz\u00e1m\u00e1ra, akik szeretn\u00e9nek biztos jogi h\u00e1tt\u00e9rrel belekezdeni egy offshore c\u00e9g alap\u00edt\u00e1s\u00e1ba. Oldalunk f\u0151 feladata, hogy inform\u00e1ci\u00f3t juttasson el az \u00e9rdekl\u0151d\u0151k fel\u00e9, illetve kapcsolat felv\u00e9teli lehet\u0151s\u00e9get ny\u00fajt azoknak, akik ezek ut\u00e1n szeretn\u00e9nek belev\u00e1gni az offshore business [&hellip;]","og_url":"https:\/\/orderoffshore.com\/en\/rolunk\/","og_site_name":"Offshore C\u00e9galap\u00edt\u00e1s","article_modified_time":"2021-04-16T15:33:41+00:00","twitter_card":"summary_large_image","twitter_misc":{"Estimated reading time":"2 minutes"},"schema":{"@context":"https:\/\/schema.org","@graph":[{"@type":"WebPage","@id":"https:\/\/orderoffshore.com\/rolunk\/","url":"https:\/\/orderoffshore.com\/rolunk\/","name":"R\u00f3lunk - Offshore C\u00e9galap\u00edt\u00e1s","isPartOf":{"@id":"https:\/\/orderoffshore.com\/#website"},"datePublished":"2014-11-06T13:33:28+00:00","dateModified":"2021-04-16T15:33:41+00:00","breadcrumb":{"@id":"https:\/\/orderoffshore.com\/rolunk\/#breadcrumb"},"inLanguage":"en-GB","potentialAction":[{"@type":"ReadAction","target":["https:\/\/orderoffshore.com\/rolunk\/"]}]},{"@type":"BreadcrumbList","@id":"https:\/\/orderoffshore.com\/rolunk\/#breadcrumb","itemListElement":[{"@type":"ListItem","position":1,"name":"Kezd\u0151lap","item":"https:\/\/orderoffshore.com\/"},{"@type":"ListItem","position":2,"name":"R\u00f3lunk"}]},{"@type":"WebSite","@id":"https:\/\/orderoffshore.com\/#website","url":"https:\/\/orderoffshore.com\/","name":"Order Offshore","description":"C\u00e9galap\u00edt\u00e1s, v\u00edzum \u00e9s banksz\u00e1mla l\u00e9trehoz\u00e1s","publisher":{"@id":"https:\/\/orderoffshore.com\/#organization"},"potentialAction":[{"@type":"SearchAction","target":{"@type":"EntryPoint","urlTemplate":"https:\/\/orderoffshore.com\/?s={search_term_string}"},"query-input":"required name=search_term_string"}],"inLanguage":"en-GB"},{"@type":"Organization","@id":"https:\/\/orderoffshore.com\/#organization","name":"Order Offshore","url":"https:\/\/orderoffshore.com\/","logo":{"@type":"ImageObject","inLanguage":"en-GB","@id":"https:\/\/orderoffshore.com\/#\/schema\/logo\/image\/","url":"https:\/\/orderoffshore.com\/wp-content\/uploads\/2014\/11\/orderofshore_logo1.png","contentUrl":"https:\/\/orderoffshore.com\/wp-content\/uploads\/2014\/11\/orderofshore_logo1.png","width":250,"height":80,"caption":"Order Offshore"},"image":{"@id":"https:\/\/orderoffshore.com\/#\/schema\/logo\/image\/"}}]}},"_links":{"self":[{"href":"https:\/\/orderoffshore.com\/en\/wp-json\/wp\/v2\/pages\/12"}],"collection":[{"href":"https:\/\/orderoffshore.com\/en\/wp-json\/wp\/v2\/pages"}],"about":[{"href":"https:\/\/orderoffshore.com\/en\/wp-json\/wp\/v2\/types\/page"}],"author":[{"embeddable":true,"href":"https:\/\/orderoffshore.com\/en\/wp-json\/wp\/v2\/users\/2"}],"replies":[{"embeddable":true,"href":"https:\/\/orderoffshore.com\/en\/wp-json\/wp\/v2\/comments?post=12"}],"version-history":[{"count":3,"href":"https:\/\/orderoffshore.com\/en\/wp-json\/wp\/v2\/pages\/12\/revisions"}],"predecessor-version":[{"id":334,"href":"https:\/\/orderoffshore.com\/en\/wp-json\/wp\/v2\/pages\/12\/revisions\/334"}],"wp:attachment":[{"href":"https:\/\/orderoffshore.com\/en\/wp-json\/wp\/v2\/media?parent=12"}],"curies":[{"name":"wp","href":"https:\/\/api.w.org\/{rel}","templated":true}]}}