{"id":313,"date":"2019-12-06T21:50:14","date_gmt":"2019-12-06T21:50:14","guid":{"rendered":"http:\/\/orderoffshore.com\/?page_id=313"},"modified":"2023-05-08T10:23:26","modified_gmt":"2023-05-08T10:23:26","slug":"maganszamlagruziaban","status":"publish","type":"page","link":"https:\/\/orderoffshore.com\/en\/maganszamlagruziaban\/","title":{"rendered":"Offshore Private Account - Keeping our banking information a secret"},"content":{"rendered":"<p>Today, in many parts of the world - currently 110 countries (the number is growing slowly but steadily) - banks are known to collect and transmit information to tax authorities. Banks determine the tax liability according to the CRS (Common Reporting Standard) and send the data for the previous calendar year to the relevant tax office by 30 June each year. In practice, this means that there is a unilateral exchange of data between banks and tax administrations once a year. However, this represents a volume of data for each tax administration which it is unlikely that they will be able to fully process in a meaningful way. We cannot be absolutely sure of this and cannot base our banking entirely on it. It is important to note, however, that at present these monies, unless they are the result of criminal activity, are not enforceable or are very difficult to enforce.<\/p>\n<p>But why should we pull the cat's whiskers if we can keep our bank details out of our hands?! We offer our partners the possibility to open a private offshore account that allows you to keep your bank details confidential. Our unique offer is the opening of a bank account in Georgia, as Georgia is not one of the 110 countries mentioned above and we currently have no information on their intention to join the system. However, you can bank at a low cost, have a high cash withdrawal limit, bank online and of course, as anywhere else, you can get a debit card with your account. We offer our partners a unique opportunity to open a bank account in Georgia with the assistance of our Georgian lawyer. This way you can get a private bank account without travelling, conveniently and cost-effectively. Of course, once the account has been opened, the lawyer does not have control over the account, his mandate is limited to the creation of the account.<\/p>","protected":false},"excerpt":{"rendered":"<p>Manaps\u00e1g a vil\u00e1g sz\u00e1mos r\u00e9sz\u00e9n &#8211; jelenleg 110 orsz\u00e1gban (ez a sz\u00e1m lassulva ugyen, de folyamatosan b\u0151v\u00fcl) &#8211; k\u00f6ztudottan a bankok inform\u00e1ci\u00f3kat gy\u0171jtenek \u00e9s tov\u00e1bb\u00edtanak az ad\u00f3hivatalok fel\u00e9. A bankok a CRS (Common Report Standart) szerint meg\u00e1llap\u00edtj\u00e1k az ad\u00f3illet\u0151s\u00e9get \u00e9s ennek megfelel\u0151en minden \u00e9v j\u00fanius 30-ig meg is k\u00fcldik az illet\u00e9kes ad\u00f3hivatal r\u00e9sz\u00e9re a megel\u0151z\u0151 [&hellip;]<\/p>","protected":false},"author":2,"featured_media":0,"parent":0,"menu_order":0,"comment_status":"closed","ping_status":"closed","template":"","meta":{"footnotes":""},"yoast_head":"<!-- This site is optimized with the Yoast SEO Premium plugin v21.5 (Yoast SEO v21.5) - https:\/\/yoast.com\/wordpress\/plugins\/seo\/ -->\n<title>Offshore Priv\u00e1t sz\u00e1mla - Bankinform\u00e1ci\u00f3ink val\u00f3s titokban tart\u00e1s\u00e1ra - Offshore C\u00e9galap\u00edt\u00e1s<\/title>\n<meta name=\"robots\" content=\"index, follow, max-snippet:-1, max-image-preview:large, max-video-preview:-1\" \/>\n<link rel=\"canonical\" href=\"https:\/\/orderoffshore.com\/en\/maganszamlagruziaban\/\" \/>\n<meta property=\"og:locale\" content=\"en_GB\" \/>\n<meta property=\"og:type\" content=\"article\" \/>\n<meta property=\"og:title\" content=\"Offshore Priv\u00e1t sz\u00e1mla - Bankinform\u00e1ci\u00f3ink val\u00f3s titokban tart\u00e1s\u00e1ra\" \/>\n<meta property=\"og:description\" content=\"Manaps\u00e1g a vil\u00e1g sz\u00e1mos r\u00e9sz\u00e9n &#8211; jelenleg 110 orsz\u00e1gban (ez a sz\u00e1m lassulva ugyen, de folyamatosan b\u0151v\u00fcl) &#8211; k\u00f6ztudottan a bankok inform\u00e1ci\u00f3kat gy\u0171jtenek \u00e9s tov\u00e1bb\u00edtanak az ad\u00f3hivatalok fel\u00e9. A bankok a CRS (Common Report Standart) szerint meg\u00e1llap\u00edtj\u00e1k az ad\u00f3illet\u0151s\u00e9get \u00e9s ennek megfelel\u0151en minden \u00e9v j\u00fanius 30-ig meg is k\u00fcldik az illet\u00e9kes ad\u00f3hivatal r\u00e9sz\u00e9re a megel\u0151z\u0151 [&hellip;]\" \/>\n<meta property=\"og:url\" content=\"https:\/\/orderoffshore.com\/en\/maganszamlagruziaban\/\" \/>\n<meta property=\"og:site_name\" content=\"Offshore C\u00e9galap\u00edt\u00e1s\" \/>\n<meta property=\"article:modified_time\" content=\"2023-05-08T10:23:26+00:00\" \/>\n<meta name=\"twitter:card\" content=\"summary_large_image\" \/>\n<meta name=\"twitter:label1\" content=\"Estimated reading time\" \/>\n\t<meta name=\"twitter:data1\" content=\"2 minutes\" \/>\n<script type=\"application\/ld+json\" class=\"yoast-schema-graph\">{\n\t    \"@context\": \"https:\/\/schema.org\",\n\t    \"@graph\": [\n\t        {\n\t            \"@type\": \"WebPage\",\n\t            \"@id\": \"https:\/\/orderoffshore.com\/maganszamlagruziaban\/\",\n\t            \"url\": \"https:\/\/orderoffshore.com\/maganszamlagruziaban\/\",\n\t            \"name\": \"Offshore Priv\u00e1t sz\u00e1mla - Bankinform\u00e1ci\u00f3ink val\u00f3s titokban tart\u00e1s\u00e1ra - Offshore C\u00e9galap\u00edt\u00e1s\",\n\t            \"isPartOf\": {\n\t                \"@id\": \"https:\/\/orderoffshore.com\/#website\"\n\t            },\n\t            \"datePublished\": \"2019-12-06T21:50:14+00:00\",\n\t            \"dateModified\": \"2023-05-08T10:23:26+00:00\",\n\t            \"breadcrumb\": {\n\t                \"@id\": \"https:\/\/orderoffshore.com\/maganszamlagruziaban\/#breadcrumb\"\n\t            },\n\t            \"inLanguage\": \"en-GB\",\n\t            \"potentialAction\": [\n\t                {\n\t                    \"@type\": \"ReadAction\",\n\t                    \"target\": [\n\t                        \"https:\/\/orderoffshore.com\/maganszamlagruziaban\/\"\n\t                    ]\n\t                }\n\t            ]\n\t        },\n\t        {\n\t            \"@type\": \"BreadcrumbList\",\n\t            \"@id\": \"https:\/\/orderoffshore.com\/maganszamlagruziaban\/#breadcrumb\",\n\t            \"itemListElement\": [\n\t                {\n\t                    \"@type\": \"ListItem\",\n\t                    \"position\": 1,\n\t                    \"name\": \"Kezd\u0151lap\",\n\t                    \"item\": \"https:\/\/orderoffshore.com\/\"\n\t                },\n\t                {\n\t                    \"@type\": \"ListItem\",\n\t                    \"position\": 2,\n\t                    \"name\": \"Offshore Priv\u00e1t sz\u00e1mla &#8211; Bankinform\u00e1ci\u00f3ink val\u00f3s titokban tart\u00e1s\u00e1ra\"\n\t                }\n\t            ]\n\t        },\n\t        {\n\t            \"@type\": \"WebSite\",\n\t            \"@id\": \"https:\/\/orderoffshore.com\/#website\",\n\t            \"url\": \"https:\/\/orderoffshore.com\/\",\n\t            \"name\": \"Order Offshore\",\n\t            \"description\": \"C\u00e9galap\u00edt\u00e1s, v\u00edzum \u00e9s banksz\u00e1mla l\u00e9trehoz\u00e1s\",\n\t            \"publisher\": {\n\t                \"@id\": \"https:\/\/orderoffshore.com\/#organization\"\n\t            },\n\t            \"potentialAction\": [\n\t                {\n\t                    \"@type\": \"SearchAction\",\n\t                    \"target\": {\n\t                        \"@type\": \"EntryPoint\",\n\t                        \"urlTemplate\": \"https:\/\/orderoffshore.com\/?s={search_term_string}\"\n\t                    },\n\t                    \"query-input\": \"required name=search_term_string\"\n\t                }\n\t            ],\n\t            \"inLanguage\": \"en-GB\"\n\t        },\n\t        {\n\t            \"@type\": \"Organization\",\n\t            \"@id\": \"https:\/\/orderoffshore.com\/#organization\",\n\t            \"name\": \"Order Offshore\",\n\t            \"url\": \"https:\/\/orderoffshore.com\/\",\n\t            \"logo\": {\n\t                \"@type\": \"ImageObject\",\n\t                \"inLanguage\": \"en-GB\",\n\t                \"@id\": \"https:\/\/orderoffshore.com\/#\/schema\/logo\/image\/\",\n\t                \"url\": \"https:\/\/orderoffshore.com\/wp-content\/uploads\/2014\/11\/orderofshore_logo1.png\",\n\t                \"contentUrl\": \"https:\/\/orderoffshore.com\/wp-content\/uploads\/2014\/11\/orderofshore_logo1.png\",\n\t                \"width\": 250,\n\t                \"height\": 80,\n\t                \"caption\": \"Order Offshore\"\n\t            },\n\t            \"image\": {\n\t                \"@id\": \"https:\/\/orderoffshore.com\/#\/schema\/logo\/image\/\"\n\t            }\n\t        }\n\t    ]\n\t}<\/script>\n<!-- \/ Yoast SEO Premium plugin. -->","yoast_head_json":{"title":"Offshore Priv\u00e1t sz\u00e1mla - Bankinform\u00e1ci\u00f3ink val\u00f3s titokban tart\u00e1s\u00e1ra - Offshore C\u00e9galap\u00edt\u00e1s","robots":{"index":"index","follow":"follow","max-snippet":"max-snippet:-1","max-image-preview":"max-image-preview:large","max-video-preview":"max-video-preview:-1"},"canonical":"https:\/\/orderoffshore.com\/en\/maganszamlagruziaban\/","og_locale":"en_GB","og_type":"article","og_title":"Offshore Priv\u00e1t sz\u00e1mla - Bankinform\u00e1ci\u00f3ink val\u00f3s titokban tart\u00e1s\u00e1ra","og_description":"Manaps\u00e1g a vil\u00e1g sz\u00e1mos r\u00e9sz\u00e9n &#8211; jelenleg 110 orsz\u00e1gban (ez a sz\u00e1m lassulva ugyen, de folyamatosan b\u0151v\u00fcl) &#8211; k\u00f6ztudottan a bankok inform\u00e1ci\u00f3kat gy\u0171jtenek \u00e9s tov\u00e1bb\u00edtanak az ad\u00f3hivatalok fel\u00e9. A bankok a CRS (Common Report Standart) szerint meg\u00e1llap\u00edtj\u00e1k az ad\u00f3illet\u0151s\u00e9get \u00e9s ennek megfelel\u0151en minden \u00e9v j\u00fanius 30-ig meg is k\u00fcldik az illet\u00e9kes ad\u00f3hivatal r\u00e9sz\u00e9re a megel\u0151z\u0151 [&hellip;]","og_url":"https:\/\/orderoffshore.com\/en\/maganszamlagruziaban\/","og_site_name":"Offshore C\u00e9galap\u00edt\u00e1s","article_modified_time":"2023-05-08T10:23:26+00:00","twitter_card":"summary_large_image","twitter_misc":{"Estimated reading time":"2 minutes"},"schema":{"@context":"https:\/\/schema.org","@graph":[{"@type":"WebPage","@id":"https:\/\/orderoffshore.com\/maganszamlagruziaban\/","url":"https:\/\/orderoffshore.com\/maganszamlagruziaban\/","name":"Offshore Priv\u00e1t sz\u00e1mla - Bankinform\u00e1ci\u00f3ink val\u00f3s titokban tart\u00e1s\u00e1ra - Offshore C\u00e9galap\u00edt\u00e1s","isPartOf":{"@id":"https:\/\/orderoffshore.com\/#website"},"datePublished":"2019-12-06T21:50:14+00:00","dateModified":"2023-05-08T10:23:26+00:00","breadcrumb":{"@id":"https:\/\/orderoffshore.com\/maganszamlagruziaban\/#breadcrumb"},"inLanguage":"en-GB","potentialAction":[{"@type":"ReadAction","target":["https:\/\/orderoffshore.com\/maganszamlagruziaban\/"]}]},{"@type":"BreadcrumbList","@id":"https:\/\/orderoffshore.com\/maganszamlagruziaban\/#breadcrumb","itemListElement":[{"@type":"ListItem","position":1,"name":"Kezd\u0151lap","item":"https:\/\/orderoffshore.com\/"},{"@type":"ListItem","position":2,"name":"Offshore Priv\u00e1t sz\u00e1mla &#8211; Bankinform\u00e1ci\u00f3ink val\u00f3s titokban tart\u00e1s\u00e1ra"}]},{"@type":"WebSite","@id":"https:\/\/orderoffshore.com\/#website","url":"https:\/\/orderoffshore.com\/","name":"Order Offshore","description":"C\u00e9galap\u00edt\u00e1s, v\u00edzum \u00e9s banksz\u00e1mla l\u00e9trehoz\u00e1s","publisher":{"@id":"https:\/\/orderoffshore.com\/#organization"},"potentialAction":[{"@type":"SearchAction","target":{"@type":"EntryPoint","urlTemplate":"https:\/\/orderoffshore.com\/?s={search_term_string}"},"query-input":"required name=search_term_string"}],"inLanguage":"en-GB"},{"@type":"Organization","@id":"https:\/\/orderoffshore.com\/#organization","name":"Order Offshore","url":"https:\/\/orderoffshore.com\/","logo":{"@type":"ImageObject","inLanguage":"en-GB","@id":"https:\/\/orderoffshore.com\/#\/schema\/logo\/image\/","url":"https:\/\/orderoffshore.com\/wp-content\/uploads\/2014\/11\/orderofshore_logo1.png","contentUrl":"https:\/\/orderoffshore.com\/wp-content\/uploads\/2014\/11\/orderofshore_logo1.png","width":250,"height":80,"caption":"Order Offshore"},"image":{"@id":"https:\/\/orderoffshore.com\/#\/schema\/logo\/image\/"}}]}},"_links":{"self":[{"href":"https:\/\/orderoffshore.com\/en\/wp-json\/wp\/v2\/pages\/313"}],"collection":[{"href":"https:\/\/orderoffshore.com\/en\/wp-json\/wp\/v2\/pages"}],"about":[{"href":"https:\/\/orderoffshore.com\/en\/wp-json\/wp\/v2\/types\/page"}],"author":[{"embeddable":true,"href":"https:\/\/orderoffshore.com\/en\/wp-json\/wp\/v2\/users\/2"}],"replies":[{"embeddable":true,"href":"https:\/\/orderoffshore.com\/en\/wp-json\/wp\/v2\/comments?post=313"}],"version-history":[{"count":2,"href":"https:\/\/orderoffshore.com\/en\/wp-json\/wp\/v2\/pages\/313\/revisions"}],"predecessor-version":[{"id":315,"href":"https:\/\/orderoffshore.com\/en\/wp-json\/wp\/v2\/pages\/313\/revisions\/315"}],"wp:attachment":[{"href":"https:\/\/orderoffshore.com\/en\/wp-json\/wp\/v2\/media?parent=313"}],"curies":[{"name":"wp","href":"https:\/\/api.w.org\/{rel}","templated":true}]}}