{"id":55,"date":"2014-11-06T13:52:32","date_gmt":"2014-11-06T13:52:32","guid":{"rendered":"http:\/\/localhost\/orderoffhore\/?page_id=55"},"modified":"2023-05-30T21:52:35","modified_gmt":"2023-05-30T21:52:35","slug":"offshore-cegalapitas","status":"publish","type":"page","link":"https:\/\/orderoffshore.com\/en\/","title":{"rendered":"Offshore Company Formation"},"content":{"rendered":"<h1>Offshore Company Formation<\/h1>\n<p><img fetchpriority=\"high\" decoding=\"async\" class=\"aligncenter size-full wp-image-877\" src=\"https:\/\/orderoffshore.com\/wp-content\/uploads\/2014\/11\/welcome_orderoffshore_tropical_dollar-2.jpeg\" alt=\"offshore company formation\" width=\"560\" height=\"271\" \/><\/p>\n<p>The point of setting up an offshore company is that the company is taxed in the tax jurisdiction of the offshore country of its choice, saving a considerable amount of income. It is not a scam, it is not a \"loophole\", it is a way for anyone to take advantage of the opportunities offshore offers.<\/p>\n<p>The main condition for the establishment of an offshore company is that only the founder or group of founding members transfers their assets to the chosen country, i.e. the economic activity of the company - i.e. production, sales, purchases - is not carried out in the territory of the offshore country. So the offshore company is only domiciled in the territory of the offshore state. Thus, the offshore company and the company incorporated in the foreign country are not the same; the offshore company is a completely separate company, governed by a separate legal regime. As such, offshore companies can enjoy the benefits of the country's tax regime.<\/p>\n<h2>Benefits of Starting an Offshore Business<\/h2>\n<p>The main advantage of offshore incorporation is that in most cases, offshore companies in these countries are not subject to corporate and other taxes, but only to a minimum annual fee.<\/p>\n<p>Another important argument in favour of offshore incorporation is that it is legally simpler, but at the same time regulated. Administrative processes are shortened. No unnecessary paperwork. There are different expectations of offshore companies in these countries. Most differences are in the provision of data and the availability of company information. But these countries offer much more favourable conditions for offshore companies than for local companies.<\/p>\n<p>Among the advantages, one of the most important is anonymity. For offshore states, and also for offshore companies, data protection is of paramount importance, which is ensured by the confidentiality regime in offshore jurisdictions. Not only do they focus on the protection of business data, but they also pay great attention to the protection of personal data.<\/p>\n<p>The most popular offshore countries, the so-called \"tax havens\", are Anguilla, British Virgin Islands (BVI), Belize, Dominica, St. Kitts &amp; Nevis, Seychelles, Panama, Cyprus, Gibraltar, Jersey, Liechtenstein. These examples show that there are potential locations all over the world - in the Caribbean, the Americas, Europe or the Indian Ocean - where offshore companies can be set up.<\/p>\n<p>The first and almost most important step in setting up an offshore company is to define how the company will operate. This is important to ensure that the company is registered in the most ideal location for tax, legal and confidentiality purposes.<\/p>\n<p>In summary, the main reasons for setting up an offshore company are the minimal administrative and other requirements of the chosen offshore state, the minimal or non-existent taxation and obligations, and the all-important data protection regimes.<\/p>","protected":false},"excerpt":{"rendered":"<p>Offshore Company Formation The idea of offshore company formation is that the company is taxed in the tax jurisdiction of the offshore country of its choice, saving a considerable amount of income. It is not a scam, it is not a \"loophole\", anyone can take advantage of the opportunities offshore offers. The main condition for setting up an offshore company is that only the founder or a group of founding members, i.e. the [...]<\/p>","protected":false},"author":2,"featured_media":0,"parent":0,"menu_order":0,"comment_status":"open","ping_status":"open","template":"","meta":{"footnotes":""},"yoast_head":"<!-- This site is optimized with the Yoast SEO Premium plugin v21.5 (Yoast SEO v21.5) - https:\/\/yoast.com\/wordpress\/plugins\/seo\/ -->\n<title>Offshore C\u00e9galap\u00edt\u00e1s - Offshore C\u00e9g Banksz\u00e1mlanyit\u00e1s<\/title>\n<meta name=\"description\" content=\"Az offshore c\u00e9galap\u00edt\u00e1s l\u00e9nyege, hogy a c\u00e9g a kiv\u00e1lasztott offshore orsz\u00e1g ad\u00f3rendszer\u00e9ben ad\u00f3zik, ezzel j\u00f3csk\u00e1n megtakar\u00edt j\u00f6vedelm\u00e9b\u0151l.\" \/>\n<meta name=\"robots\" content=\"index, follow, max-snippet:-1, max-image-preview:large, max-video-preview:-1\" \/>\n<link rel=\"canonical\" href=\"https:\/\/orderoffshore.com\/en\/\" \/>\n<meta property=\"og:locale\" content=\"en_GB\" \/>\n<meta property=\"og:type\" content=\"article\" \/>\n<meta property=\"og:title\" content=\"Offshore C\u00e9galap\u00edt\u00e1s\" \/>\n<meta property=\"og:description\" content=\"Az offshore c\u00e9galap\u00edt\u00e1s l\u00e9nyege, hogy a c\u00e9g a kiv\u00e1lasztott offshore orsz\u00e1g ad\u00f3rendszer\u00e9ben ad\u00f3zik, ezzel j\u00f3csk\u00e1n megtakar\u00edt j\u00f6vedelm\u00e9b\u0151l.\" \/>\n<meta property=\"og:url\" content=\"https:\/\/orderoffshore.com\/en\/\" \/>\n<meta property=\"og:site_name\" content=\"Offshore C\u00e9galap\u00edt\u00e1s\" \/>\n<meta property=\"article:modified_time\" content=\"2023-05-30T21:52:35+00:00\" \/>\n<meta property=\"og:image\" content=\"https:\/\/orderoffshore.com\/wp-content\/uploads\/2014\/11\/welcome_orderoffshore_tropical_dollar-2.jpeg\" \/>\n<meta name=\"twitter:card\" content=\"summary_large_image\" \/>\n<meta name=\"twitter:label1\" content=\"Estimated reading time\" \/>\n\t<meta name=\"twitter:data1\" content=\"3 minutes\" \/>\n<script type=\"application\/ld+json\" class=\"yoast-schema-graph\">{\n\t    \"@context\": \"https:\/\/schema.org\",\n\t    \"@graph\": [\n\t        {\n\t            \"@type\": \"WebPage\",\n\t            \"@id\": \"https:\/\/orderoffshore.com\/\",\n\t            \"url\": \"https:\/\/orderoffshore.com\/\",\n\t            \"name\": \"Offshore C\u00e9galap\u00edt\u00e1s - Offshore C\u00e9g Banksz\u00e1mlanyit\u00e1s\",\n\t            \"isPartOf\": {\n\t                \"@id\": \"https:\/\/orderoffshore.com\/#website\"\n\t            },\n\t            \"datePublished\": \"2014-11-06T13:52:32+00:00\",\n\t            \"dateModified\": \"2023-05-30T21:52:35+00:00\",\n\t            \"description\": \"Az offshore c\u00e9galap\u00edt\u00e1s l\u00e9nyege, hogy a c\u00e9g a kiv\u00e1lasztott offshore orsz\u00e1g ad\u00f3rendszer\u00e9ben ad\u00f3zik, ezzel j\u00f3csk\u00e1n megtakar\u00edt j\u00f6vedelm\u00e9b\u0151l.\",\n\t            \"breadcrumb\": {\n\t                \"@id\": \"https:\/\/orderoffshore.com\/#breadcrumb\"\n\t            },\n\t            \"inLanguage\": \"en-GB\",\n\t            \"potentialAction\": [\n\t                {\n\t                    \"@type\": \"ReadAction\",\n\t                    \"target\": [\n\t                        \"https:\/\/orderoffshore.com\/\"\n\t                    ]\n\t                }\n\t            ]\n\t        },\n\t        {\n\t            \"@type\": \"BreadcrumbList\",\n\t            \"@id\": \"https:\/\/orderoffshore.com\/#breadcrumb\",\n\t            \"itemListElement\": [\n\t                {\n\t                    \"@type\": \"ListItem\",\n\t                    \"position\": 1,\n\t                    \"name\": \"Kezd\u0151lap\",\n\t                    \"item\": \"https:\/\/orderoffshore.com\/\"\n\t                },\n\t                {\n\t                    \"@type\": \"ListItem\",\n\t                    \"position\": 2,\n\t                    \"name\": \"Offshore C\u00e9galap\u00edt\u00e1s\"\n\t                }\n\t            ]\n\t        },\n\t        {\n\t            \"@type\": \"WebSite\",\n\t            \"@id\": \"https:\/\/orderoffshore.com\/#website\",\n\t            \"url\": \"https:\/\/orderoffshore.com\/\",\n\t            \"name\": \"Order Offshore\",\n\t            \"description\": \"C\u00e9galap\u00edt\u00e1s, v\u00edzum \u00e9s banksz\u00e1mla l\u00e9trehoz\u00e1s\",\n\t            \"publisher\": {\n\t                \"@id\": \"https:\/\/orderoffshore.com\/#organization\"\n\t            },\n\t            \"potentialAction\": [\n\t                {\n\t                    \"@type\": \"SearchAction\",\n\t                    \"target\": {\n\t                        \"@type\": \"EntryPoint\",\n\t                        \"urlTemplate\": \"https:\/\/orderoffshore.com\/?s={search_term_string}\"\n\t                    },\n\t                    \"query-input\": \"required name=search_term_string\"\n\t                }\n\t            ],\n\t            \"inLanguage\": \"en-GB\"\n\t        },\n\t        {\n\t            \"@type\": \"Organization\",\n\t            \"@id\": \"https:\/\/orderoffshore.com\/#organization\",\n\t            \"name\": \"Order Offshore\",\n\t            \"url\": \"https:\/\/orderoffshore.com\/\",\n\t            \"logo\": {\n\t                \"@type\": \"ImageObject\",\n\t                \"inLanguage\": \"en-GB\",\n\t                \"@id\": \"https:\/\/orderoffshore.com\/#\/schema\/logo\/image\/\",\n\t                \"url\": \"https:\/\/orderoffshore.com\/wp-content\/uploads\/2014\/11\/orderofshore_logo1.png\",\n\t                \"contentUrl\": \"https:\/\/orderoffshore.com\/wp-content\/uploads\/2014\/11\/orderofshore_logo1.png\",\n\t                \"width\": 250,\n\t                \"height\": 80,\n\t                \"caption\": \"Order Offshore\"\n\t            },\n\t            \"image\": {\n\t                \"@id\": \"https:\/\/orderoffshore.com\/#\/schema\/logo\/image\/\"\n\t            }\n\t        }\n\t    ]\n\t}<\/script>\n<!-- \/ Yoast SEO Premium plugin. -->","yoast_head_json":{"title":"Offshore C\u00e9galap\u00edt\u00e1s - Offshore C\u00e9g Banksz\u00e1mlanyit\u00e1s","description":"Az offshore c\u00e9galap\u00edt\u00e1s l\u00e9nyege, hogy a c\u00e9g a kiv\u00e1lasztott offshore orsz\u00e1g ad\u00f3rendszer\u00e9ben ad\u00f3zik, ezzel j\u00f3csk\u00e1n megtakar\u00edt j\u00f6vedelm\u00e9b\u0151l.","robots":{"index":"index","follow":"follow","max-snippet":"max-snippet:-1","max-image-preview":"max-image-preview:large","max-video-preview":"max-video-preview:-1"},"canonical":"https:\/\/orderoffshore.com\/en\/","og_locale":"en_GB","og_type":"article","og_title":"Offshore C\u00e9galap\u00edt\u00e1s","og_description":"Az offshore c\u00e9galap\u00edt\u00e1s l\u00e9nyege, hogy a c\u00e9g a kiv\u00e1lasztott offshore orsz\u00e1g ad\u00f3rendszer\u00e9ben ad\u00f3zik, ezzel j\u00f3csk\u00e1n megtakar\u00edt j\u00f6vedelm\u00e9b\u0151l.","og_url":"https:\/\/orderoffshore.com\/en\/","og_site_name":"Offshore C\u00e9galap\u00edt\u00e1s","article_modified_time":"2023-05-30T21:52:35+00:00","og_image":[{"url":"https:\/\/orderoffshore.com\/wp-content\/uploads\/2014\/11\/welcome_orderoffshore_tropical_dollar-2.jpeg"}],"twitter_card":"summary_large_image","twitter_misc":{"Estimated reading time":"3 minutes"},"schema":{"@context":"https:\/\/schema.org","@graph":[{"@type":"WebPage","@id":"https:\/\/orderoffshore.com\/","url":"https:\/\/orderoffshore.com\/","name":"Offshore C\u00e9galap\u00edt\u00e1s - Offshore C\u00e9g Banksz\u00e1mlanyit\u00e1s","isPartOf":{"@id":"https:\/\/orderoffshore.com\/#website"},"datePublished":"2014-11-06T13:52:32+00:00","dateModified":"2023-05-30T21:52:35+00:00","description":"Az offshore c\u00e9galap\u00edt\u00e1s l\u00e9nyege, hogy a c\u00e9g a kiv\u00e1lasztott offshore orsz\u00e1g ad\u00f3rendszer\u00e9ben ad\u00f3zik, ezzel j\u00f3csk\u00e1n megtakar\u00edt j\u00f6vedelm\u00e9b\u0151l.","breadcrumb":{"@id":"https:\/\/orderoffshore.com\/#breadcrumb"},"inLanguage":"en-GB","potentialAction":[{"@type":"ReadAction","target":["https:\/\/orderoffshore.com\/"]}]},{"@type":"BreadcrumbList","@id":"https:\/\/orderoffshore.com\/#breadcrumb","itemListElement":[{"@type":"ListItem","position":1,"name":"Kezd\u0151lap","item":"https:\/\/orderoffshore.com\/"},{"@type":"ListItem","position":2,"name":"Offshore C\u00e9galap\u00edt\u00e1s"}]},{"@type":"WebSite","@id":"https:\/\/orderoffshore.com\/#website","url":"https:\/\/orderoffshore.com\/","name":"Order Offshore","description":"C\u00e9galap\u00edt\u00e1s, v\u00edzum \u00e9s banksz\u00e1mla l\u00e9trehoz\u00e1s","publisher":{"@id":"https:\/\/orderoffshore.com\/#organization"},"potentialAction":[{"@type":"SearchAction","target":{"@type":"EntryPoint","urlTemplate":"https:\/\/orderoffshore.com\/?s={search_term_string}"},"query-input":"required name=search_term_string"}],"inLanguage":"en-GB"},{"@type":"Organization","@id":"https:\/\/orderoffshore.com\/#organization","name":"Order Offshore","url":"https:\/\/orderoffshore.com\/","logo":{"@type":"ImageObject","inLanguage":"en-GB","@id":"https:\/\/orderoffshore.com\/#\/schema\/logo\/image\/","url":"https:\/\/orderoffshore.com\/wp-content\/uploads\/2014\/11\/orderofshore_logo1.png","contentUrl":"https:\/\/orderoffshore.com\/wp-content\/uploads\/2014\/11\/orderofshore_logo1.png","width":250,"height":80,"caption":"Order Offshore"},"image":{"@id":"https:\/\/orderoffshore.com\/#\/schema\/logo\/image\/"}}]}},"_links":{"self":[{"href":"https:\/\/orderoffshore.com\/en\/wp-json\/wp\/v2\/pages\/55"}],"collection":[{"href":"https:\/\/orderoffshore.com\/en\/wp-json\/wp\/v2\/pages"}],"about":[{"href":"https:\/\/orderoffshore.com\/en\/wp-json\/wp\/v2\/types\/page"}],"author":[{"embeddable":true,"href":"https:\/\/orderoffshore.com\/en\/wp-json\/wp\/v2\/users\/2"}],"replies":[{"embeddable":true,"href":"https:\/\/orderoffshore.com\/en\/wp-json\/wp\/v2\/comments?post=55"}],"version-history":[{"count":8,"href":"https:\/\/orderoffshore.com\/en\/wp-json\/wp\/v2\/pages\/55\/revisions"}],"predecessor-version":[{"id":880,"href":"https:\/\/orderoffshore.com\/en\/wp-json\/wp\/v2\/pages\/55\/revisions\/880"}],"wp:attachment":[{"href":"https:\/\/orderoffshore.com\/en\/wp-json\/wp\/v2\/media?parent=55"}],"curies":[{"name":"wp","href":"https:\/\/api.w.org\/{rel}","templated":true}]}}