{"id":6,"date":"2014-11-06T13:31:54","date_gmt":"2014-11-06T13:31:54","guid":{"rendered":"http:\/\/localhost\/orderoffhore\/?page_id=6"},"modified":"2024-02-13T10:33:27","modified_gmt":"2024-02-13T10:33:27","slug":"offshore-cegalapitas-arak","status":"publish","type":"page","link":"https:\/\/orderoffshore.com\/en\/offshore-company-prices\/","title":{"rendered":"Offshore company formation rates in 2023!"},"content":{"rendered":"<h1 class=\"wp-block-heading\" id=\"h-offshore-cegalapitas-arak-amit-tudni-erdemes\"><span style=\"font-weight: 400;\">Offshore C\u00e9galap\u00edt\u00e1s \u00c1rak &#8211; amit tudni \u00e9rdemes<\/span><\/h1>\n\n\n\n<p>Ebben a cikkben bemutatjuk, milyen t\u00e9telekkel kell sz\u00e1molni az offshore c\u00e9galap\u00edt\u00e1s \u00e1rak k\u00f6z\u00f6tt. Milyen elemeket kell tartalmazzon, ahhoz, hogy a megfelel\u0151 csomagot kapjuk k\u00e9szhez.<\/p>\n\n\n\n<h3 class=\"wp-block-heading\" id=\"h-az-offshore-cegalapitas-koltsegei-2-csoportra-oszthatoak\"><span style=\"font-weight: 400;\">az offshore c\u00e9galap\u00edt\u00e1s k\u00f6lts\u00e9gei 2 csoportra oszthat\u00f3ak:<\/span><\/h3>\n\n\n\n<ul>\n<li><span style=\"font-weight: 400;\">company formation costs, which are only incurred at the time of incorporation<\/span><\/li>\n\n\n\n<li><span style=\"font-weight: 400;\">fees for the maintenance of the company, which each year<\/span><\/li>\n<\/ul>\n\n\n\n<h3 class=\"wp-block-heading\" id=\"h-a-z-offshore-cegalapitas-arak-igy-tobb-tenyezotol-fuggenek\"><span style=\"font-weight: 400;\">A<\/span>z <span style=\"font-weight: 400;\">offshore c\u00e9galap\u00edt\u00e1s \u00e1rak \u00edgy t\u00f6bb t\u00e9nyez\u0151t\u0151l f\u00fcggenek:<\/span><\/h3>\n\n\n\n<ul>\n<li><span style=\"font-weight: 400;\">which is registered offshore<\/span><\/li>\n\n\n\n<li><span style=\"font-weight: 400;\">what service package is included<\/span><\/li>\n\n\n\n<li><span style=\"font-weight: 400;\">the level of authentication of the documents<\/span><\/li>\n\n\n\n<li><span style=\"font-weight: 400;\">whether there are specific requests<\/span><\/li>\n<\/ul>\n\n\n\n<h3 class=\"wp-block-heading\" id=\"h-az-offshore-cegbejegyzes-koltsegei-a-kovetkezo-tetelekbol-allnak\"><span style=\"font-weight: 400;\">Az offshore c\u00e9gbejegyz\u00e9s k\u00f6lts\u00e9gei a k\u00f6vetkez\u0151 t\u00e9telekb\u0151l \u00e1llnak:<\/span><\/h3>\n\n\n\n<ul>\n<li><span style=\"font-weight: 400;\"><img decoding=\"async\" class=\"alignright wp-image-499\" src=\"http:\/\/orderoffshore.com\/wp-content\/uploads\/2023\/05\/PhotoFunia-1683029335.jpg\" alt=\"offshore c\u00e9galap\u00edt\u00e1s \u00e1rak\" width=\"252\" height=\"168\" srcset=\"https:\/\/orderoffshore.com\/wp-content\/uploads\/2023\/05\/PhotoFunia-1683029335.jpg 750w, https:\/\/orderoffshore.com\/wp-content\/uploads\/2023\/05\/PhotoFunia-1683029335-300x200.jpg 300w\" sizes=\"(max-width: 252px) 100vw, 252px\" \/>government fees<\/span><\/li>\n\n\n\n<li><span style=\"font-weight: 400;\">seat fees<\/span><\/li>\n\n\n\n<li><span style=\"font-weight: 400;\">notarial and other certification fees<\/span><\/li>\n\n\n\n<li><span style=\"font-weight: 400;\">cost of international delivery<\/span><\/li>\n\n\n\n<li><span style=\"font-weight: 400;\">legal fees<\/span><\/li>\n\n\n\n<li><span style=\"font-weight: 400;\">optional fee for nominal officers<\/span><\/li>\n<\/ul>\n\n\n\n<p><span style=\"font-weight: 400;\">On the internet you will find a wide variety of pricing techniques. When setting up a company, we usually apostille at least the following documents:<\/span><\/p>\n\n\n\n<ul>\n<li><span style=\"font-weight: 400;\">Certificate of Incorporation, amely a c\u00e9gbejegyz\u00e9st igazol\u00f3 dokumentum<\/span><\/li>\n\n\n\n<li><span style=\"font-weight: 400;\">Memorandum &amp; Articles of Association, amely a c\u00e9g t\u00e1rsas\u00e1gi szerz\u0151d\u00e9se \u00e9s alap\u00edt\u00f3 okirata<\/span><\/li>\n\n\n\n<li><span style=\"font-weight: 400;\">Resolution of Subscriber vagy m\u00e1s elnevez\u00e9s\u0171 igazgat\u00f3 kinevez\u00e9s<\/span><\/li>\n\n\n\n<li><span style=\"font-weight: 400;\">Power of Attorney (if van)<\/span><\/li>\n<\/ul>\n\n\n\n<p><span style=\"font-weight: 400;\">All the packages we advertise include apostille certification, power of attorney and express mail (DHL, FedEx).<\/span><\/p>\n\n\n\n<h3 class=\"wp-block-heading\" id=\"h-offshore-cegek-bejegyzesenek-es-fenntartasanak-koltsegei\">Offshore c\u00e9gek bejegyz\u00e9s\u00e9nek \u00e9s fenntart\u00e1s\u00e1nak k\u00f6lts\u00e9gei<\/h3>\n\n\n\n<figure class=\"wp-block-table\"><table><tbody><tr><th>Offshore<br>Helysz\u00ednek<\/th><th>Nyilv\u00e1nos<br>Alap\u00edt\u00e1s<\/th><th>Nyilv\u00e1nos<br>Meg\u00faj\u00edt\u00e1s<\/th><th>Anonim<br>Alap\u00edt\u00e1s<\/th><th>Anonim<br>Meg\u00faj\u00edt\u00e1s<\/th><\/tr><tr><td><a href=\"https:\/\/orderoffshore.com\/en\/seychelles\/\"><strong>Seychelles<\/strong><\/a><\/td><td>990\u20ac<\/td><td>700\u20ac<\/td><td>1400\u20ac<\/td><td>1100\u20ac<\/td><\/tr><tr><td><strong>Belize<\/strong><\/td><td>1400$<\/td><td>1500$<\/td><td>1800$<\/td><td>2000$<\/td><\/tr><tr><td><strong>British Virgin-sig.<\/strong><\/td><td>1300\u20ac<\/td><td>800\u20ac<\/td><td>1600\u20ac<\/td><td>1300\u20ac<\/td><\/tr><tr><td><strong>Anguilla<\/strong><\/td><td>1600\u20ac<\/td><td>1200\u20ac<\/td><td>2000\u20ac<\/td><td>1600\u20ac<\/td><\/tr><tr><td><strong>Hong Kong<\/strong><\/td><td>1600\u20ac<\/td><td>1200\u20ac<\/td><td>2500\u20ac<\/td><td>1800\u20ac<\/td><\/tr><tr><td><strong>St Vincent<\/strong><\/td><td>1600\u20ac<\/td><td>1200\u20ac<\/td><td>2000\u20ac<\/td><td>1800\u20ac<\/td><\/tr><tr><td><a href=\"https:\/\/orderoffshore.com\/en\/panama\/\"><strong>Panama<\/strong><\/a><\/td><td>1600\u20ac<\/td><td>1100\u20ac<\/td><td>2500\u20ac<\/td><td>1500\u20ac<\/td><\/tr><\/tbody><\/table><\/figure>\n\n\n\n<p>A c\u00e9galap\u00edt\u00e1s \u00e1rai minden esetben fedezi a c\u00e9galap\u00edt\u00e1si dokumentumokon az <a href=\"https:\/\/orderoffshore.com\/en\/apostille\/\">apostille hiteles\u00edt\u00e9st<\/a>, \u00edgy a Certificate of Incorporation-t, Memorandum and Articles of Association-t \u00e9s Resolution of Subscriber-t, mint igazgat\u00f3i kinevez\u00e9s apostille fel\u00fclhiteles\u00edt\u00e9s\u00e9t. Az anonim c\u00e9gekn\u00e9l tartalmazza a n\u00e9vleges igazgat\u00f3 \u00e9s r\u00e9szv\u00e9nyes d\u00edj\u00e1t, illetve az igazgat\u00f3 \u00e1ltal al\u00e1\u00edrt egy darab meghatalmaz\u00e1st, ami hasonl\u00f3an k\u00f6zjegyz\u0151 el\u0151tt k\u00e9sz\u00fcl \u00e9s apostille fel\u00fclhiteles\u00edt\u00e9st kap.<\/p>\n\n\n\n<p class=\"has-text-align-center\"><strong>Optional costs:<\/strong><\/p>\n\n\n\n<figure class=\"wp-block-table\"><table><tbody><tr><td><strong>Certificate of Good Standing (apostille-lel)<\/strong><\/td><td>280 \u20ac<\/td><\/tr><tr><td><strong>Certificate of Good Standing<\/strong><\/td><td>160 \u20ac<\/td><\/tr><tr><td><strong>Certificate of Incumbency (apostille-lel)<\/strong><\/td><td>280 \u20ac<\/td><\/tr><tr><td><strong>Certificate of Incumbency<\/strong><\/td><td>160 \u20ac<\/td><\/tr><tr><td><strong>Power of Attorney with apostille (public power of attorney)<\/strong><\/td><td>350 \u20ac<\/td><\/tr><tr><td><strong>Unique power of attorney with apostille<\/strong><\/td><td>350 \u20ac<\/td><\/tr><tr><td><strong>Documents signed by the local administrator<\/strong><\/td><td>50 \u20ac<\/td><\/tr><tr><td><strong>Signing documents and contracts before a notary, certified by a notary public<\/strong><\/td><td>200 \u20ac<\/td><\/tr><tr><td><strong>Delivery cost to our Budapest office<\/strong><\/td><td>80 \u20ac<\/td><\/tr><tr><td><strong>Bank account opening fee<\/strong><\/td><td>2000 \u20ac<\/td><\/tr><\/tbody><\/table><\/figure>\n\n\n\n<p>Dubai c\u00e9galap\u00edt\u00e1ssal kapcsolatban nem tudunk ilyen felsorol\u00e1s szer\u0171 \u00e1rakat kitenni, mivel rengeteg v\u00e1ltoz\u00f3 t\u00e9nyez\u0151 van. \u00cdgy amennyiben <a href=\"https:\/\/orderoffshore.com\/en\/dubai-company-setup\/\">Starting a company in Dubai<\/a>ban gondolkozol, k\u00e9rlek vedd fel vel\u00fcnk a kapcsolatot annak \u00e9rdek\u00e9ben, hogy pontos aj\u00e1nlatot tudjunk adni.<\/p>","protected":false},"excerpt":{"rendered":"<p>Offshore C\u00e9galap\u00edt\u00e1s \u00c1rak &#8211; amit tudni \u00e9rdemes Ebben a cikkben bemutatjuk, milyen t\u00e9telekkel kell sz\u00e1molni az offshore c\u00e9galap\u00edt\u00e1s \u00e1rak k\u00f6z\u00f6tt. Milyen elemeket kell tartalmazzon, ahhoz, hogy a megfelel\u0151 csomagot kapjuk k\u00e9szhez. az offshore c\u00e9galap\u00edt\u00e1s k\u00f6lts\u00e9gei 2 csoportra oszthat\u00f3ak: Az offshore c\u00e9galap\u00edt\u00e1s \u00e1rak \u00edgy t\u00f6bb t\u00e9nyez\u0151t\u0151l f\u00fcggenek: Az offshore c\u00e9gbejegyz\u00e9s k\u00f6lts\u00e9gei a k\u00f6vetkez\u0151 t\u00e9telekb\u0151l \u00e1llnak: Az [&hellip;]<\/p>","protected":false},"author":2,"featured_media":0,"parent":0,"menu_order":0,"comment_status":"open","ping_status":"open","template":"","meta":{"footnotes":""},"yoast_head":"<!-- This site is optimized with the Yoast SEO Premium plugin v21.5 (Yoast SEO v21.5) - https:\/\/yoast.com\/wordpress\/plugins\/seo\/ -->\n<title>Offshore C\u00e9galap\u00edt\u00e1s \u00c1rak<\/title>\n<meta name=\"description\" content=\"Minden fontos inform\u00e1ci\u00f3, amelyet tudni \u00e9rdemes egy offshore c\u00e9galap\u00edt\u00e1s el\u0151tt. Offshore c\u00e9galap\u00edt\u00e1s \u00e1rak - Mib\u0151l \u00e1ll \u00f6ssze, mit tartalmaz?\" \/>\n<meta name=\"robots\" content=\"index, follow, max-snippet:-1, max-image-preview:large, max-video-preview:-1\" \/>\n<link rel=\"canonical\" href=\"https:\/\/orderoffshore.com\/en\/offshore-company-prices\/\" \/>\n<meta property=\"og:locale\" content=\"en_GB\" \/>\n<meta property=\"og:type\" content=\"article\" \/>\n<meta property=\"og:title\" content=\"Offshore c\u00e9galap\u00edt\u00e1s \u00e1rak 2023-ban!\" \/>\n<meta property=\"og:description\" content=\"Minden fontos inform\u00e1ci\u00f3, amelyet tudni \u00e9rdemes egy offshore c\u00e9galap\u00edt\u00e1s el\u0151tt. Offshore c\u00e9galap\u00edt\u00e1s \u00e1rak - Mib\u0151l \u00e1ll \u00f6ssze, mit tartalmaz?\" \/>\n<meta property=\"og:url\" content=\"https:\/\/orderoffshore.com\/en\/offshore-company-prices\/\" \/>\n<meta property=\"og:site_name\" content=\"Offshore C\u00e9galap\u00edt\u00e1s\" \/>\n<meta property=\"article:modified_time\" content=\"2024-02-13T10:33:27+00:00\" \/>\n<meta property=\"og:image\" content=\"http:\/\/orderoffshore.com\/wp-content\/uploads\/2023\/05\/PhotoFunia-1683029335.jpg\" \/>\n<meta name=\"twitter:card\" content=\"summary_large_image\" \/>\n<meta name=\"twitter:label1\" content=\"Estimated reading time\" \/>\n\t<meta name=\"twitter:data1\" content=\"3 minutes\" \/>\n<script type=\"application\/ld+json\" class=\"yoast-schema-graph\">{\n\t    \"@context\": \"https:\/\/schema.org\",\n\t    \"@graph\": [\n\t        {\n\t            \"@type\": \"WebPage\",\n\t            \"@id\": \"https:\/\/orderoffshore.com\/offshore-cegalapitas-arak\/\",\n\t            \"url\": \"https:\/\/orderoffshore.com\/offshore-cegalapitas-arak\/\",\n\t            \"name\": \"Offshore C\u00e9galap\u00edt\u00e1s \u00c1rak\",\n\t            \"isPartOf\": {\n\t                \"@id\": \"https:\/\/orderoffshore.com\/#website\"\n\t            },\n\t            \"datePublished\": \"2014-11-06T13:31:54+00:00\",\n\t            \"dateModified\": \"2024-02-13T10:33:27+00:00\",\n\t            \"description\": \"Minden fontos inform\u00e1ci\u00f3, amelyet tudni \u00e9rdemes egy offshore c\u00e9galap\u00edt\u00e1s el\u0151tt. Offshore c\u00e9galap\u00edt\u00e1s \u00e1rak - Mib\u0151l \u00e1ll \u00f6ssze, mit tartalmaz?\",\n\t            \"breadcrumb\": {\n\t                \"@id\": \"https:\/\/orderoffshore.com\/offshore-cegalapitas-arak\/#breadcrumb\"\n\t            },\n\t            \"inLanguage\": \"en-GB\",\n\t            \"potentialAction\": [\n\t                {\n\t                    \"@type\": \"ReadAction\",\n\t                    \"target\": [\n\t                        \"https:\/\/orderoffshore.com\/offshore-cegalapitas-arak\/\"\n\t                    ]\n\t                }\n\t            ]\n\t        },\n\t        {\n\t            \"@type\": \"BreadcrumbList\",\n\t            \"@id\": \"https:\/\/orderoffshore.com\/offshore-cegalapitas-arak\/#breadcrumb\",\n\t            \"itemListElement\": [\n\t                {\n\t                    \"@type\": \"ListItem\",\n\t                    \"position\": 1,\n\t                    \"name\": \"Kezd\u0151lap\",\n\t                    \"item\": \"https:\/\/orderoffshore.com\/\"\n\t                },\n\t                {\n\t                    \"@type\": \"ListItem\",\n\t                    \"position\": 2,\n\t                    \"name\": \"Offshore c\u00e9galap\u00edt\u00e1s \u00e1rak 2023-ban!\"\n\t                }\n\t            ]\n\t        },\n\t        {\n\t            \"@type\": \"WebSite\",\n\t            \"@id\": \"https:\/\/orderoffshore.com\/#website\",\n\t            \"url\": \"https:\/\/orderoffshore.com\/\",\n\t            \"name\": \"Order Offshore\",\n\t            \"description\": \"C\u00e9galap\u00edt\u00e1s, v\u00edzum \u00e9s banksz\u00e1mla l\u00e9trehoz\u00e1s\",\n\t            \"publisher\": {\n\t                \"@id\": \"https:\/\/orderoffshore.com\/#organization\"\n\t            },\n\t            \"potentialAction\": [\n\t                {\n\t                    \"@type\": \"SearchAction\",\n\t                    \"target\": {\n\t                        \"@type\": \"EntryPoint\",\n\t                        \"urlTemplate\": \"https:\/\/orderoffshore.com\/?s={search_term_string}\"\n\t                    },\n\t                    \"query-input\": \"required name=search_term_string\"\n\t                }\n\t            ],\n\t            \"inLanguage\": \"en-GB\"\n\t        },\n\t        {\n\t            \"@type\": \"Organization\",\n\t            \"@id\": \"https:\/\/orderoffshore.com\/#organization\",\n\t            \"name\": \"Order Offshore\",\n\t            \"url\": \"https:\/\/orderoffshore.com\/\",\n\t            \"logo\": {\n\t                \"@type\": \"ImageObject\",\n\t                \"inLanguage\": \"en-GB\",\n\t                \"@id\": \"https:\/\/orderoffshore.com\/#\/schema\/logo\/image\/\",\n\t                \"url\": \"https:\/\/orderoffshore.com\/wp-content\/uploads\/2014\/11\/orderofshore_logo1.png\",\n\t                \"contentUrl\": \"https:\/\/orderoffshore.com\/wp-content\/uploads\/2014\/11\/orderofshore_logo1.png\",\n\t                \"width\": 250,\n\t                \"height\": 80,\n\t                \"caption\": \"Order Offshore\"\n\t            },\n\t            \"image\": {\n\t                \"@id\": \"https:\/\/orderoffshore.com\/#\/schema\/logo\/image\/\"\n\t            }\n\t        }\n\t    ]\n\t}<\/script>\n<!-- \/ Yoast SEO Premium plugin. -->","yoast_head_json":{"title":"Offshore C\u00e9galap\u00edt\u00e1s \u00c1rak","description":"Minden fontos inform\u00e1ci\u00f3, amelyet tudni \u00e9rdemes egy offshore c\u00e9galap\u00edt\u00e1s el\u0151tt. Offshore c\u00e9galap\u00edt\u00e1s \u00e1rak - Mib\u0151l \u00e1ll \u00f6ssze, mit tartalmaz?","robots":{"index":"index","follow":"follow","max-snippet":"max-snippet:-1","max-image-preview":"max-image-preview:large","max-video-preview":"max-video-preview:-1"},"canonical":"https:\/\/orderoffshore.com\/en\/offshore-company-prices\/","og_locale":"en_GB","og_type":"article","og_title":"Offshore c\u00e9galap\u00edt\u00e1s \u00e1rak 2023-ban!","og_description":"Minden fontos inform\u00e1ci\u00f3, amelyet tudni \u00e9rdemes egy offshore c\u00e9galap\u00edt\u00e1s el\u0151tt. Offshore c\u00e9galap\u00edt\u00e1s \u00e1rak - Mib\u0151l \u00e1ll \u00f6ssze, mit tartalmaz?","og_url":"https:\/\/orderoffshore.com\/en\/offshore-company-prices\/","og_site_name":"Offshore C\u00e9galap\u00edt\u00e1s","article_modified_time":"2024-02-13T10:33:27+00:00","og_image":[{"url":"http:\/\/orderoffshore.com\/wp-content\/uploads\/2023\/05\/PhotoFunia-1683029335.jpg"}],"twitter_card":"summary_large_image","twitter_misc":{"Estimated reading time":"3 minutes"},"schema":{"@context":"https:\/\/schema.org","@graph":[{"@type":"WebPage","@id":"https:\/\/orderoffshore.com\/offshore-cegalapitas-arak\/","url":"https:\/\/orderoffshore.com\/offshore-cegalapitas-arak\/","name":"Offshore C\u00e9galap\u00edt\u00e1s \u00c1rak","isPartOf":{"@id":"https:\/\/orderoffshore.com\/#website"},"datePublished":"2014-11-06T13:31:54+00:00","dateModified":"2024-02-13T10:33:27+00:00","description":"Minden fontos inform\u00e1ci\u00f3, amelyet tudni \u00e9rdemes egy offshore c\u00e9galap\u00edt\u00e1s el\u0151tt. Offshore c\u00e9galap\u00edt\u00e1s \u00e1rak - Mib\u0151l \u00e1ll \u00f6ssze, mit tartalmaz?","breadcrumb":{"@id":"https:\/\/orderoffshore.com\/offshore-cegalapitas-arak\/#breadcrumb"},"inLanguage":"en-GB","potentialAction":[{"@type":"ReadAction","target":["https:\/\/orderoffshore.com\/offshore-cegalapitas-arak\/"]}]},{"@type":"BreadcrumbList","@id":"https:\/\/orderoffshore.com\/offshore-cegalapitas-arak\/#breadcrumb","itemListElement":[{"@type":"ListItem","position":1,"name":"Kezd\u0151lap","item":"https:\/\/orderoffshore.com\/"},{"@type":"ListItem","position":2,"name":"Offshore c\u00e9galap\u00edt\u00e1s \u00e1rak 2023-ban!"}]},{"@type":"WebSite","@id":"https:\/\/orderoffshore.com\/#website","url":"https:\/\/orderoffshore.com\/","name":"Order Offshore","description":"C\u00e9galap\u00edt\u00e1s, v\u00edzum \u00e9s banksz\u00e1mla l\u00e9trehoz\u00e1s","publisher":{"@id":"https:\/\/orderoffshore.com\/#organization"},"potentialAction":[{"@type":"SearchAction","target":{"@type":"EntryPoint","urlTemplate":"https:\/\/orderoffshore.com\/?s={search_term_string}"},"query-input":"required name=search_term_string"}],"inLanguage":"en-GB"},{"@type":"Organization","@id":"https:\/\/orderoffshore.com\/#organization","name":"Order Offshore","url":"https:\/\/orderoffshore.com\/","logo":{"@type":"ImageObject","inLanguage":"en-GB","@id":"https:\/\/orderoffshore.com\/#\/schema\/logo\/image\/","url":"https:\/\/orderoffshore.com\/wp-content\/uploads\/2014\/11\/orderofshore_logo1.png","contentUrl":"https:\/\/orderoffshore.com\/wp-content\/uploads\/2014\/11\/orderofshore_logo1.png","width":250,"height":80,"caption":"Order Offshore"},"image":{"@id":"https:\/\/orderoffshore.com\/#\/schema\/logo\/image\/"}}]}},"_links":{"self":[{"href":"https:\/\/orderoffshore.com\/en\/wp-json\/wp\/v2\/pages\/6"}],"collection":[{"href":"https:\/\/orderoffshore.com\/en\/wp-json\/wp\/v2\/pages"}],"about":[{"href":"https:\/\/orderoffshore.com\/en\/wp-json\/wp\/v2\/types\/page"}],"author":[{"embeddable":true,"href":"https:\/\/orderoffshore.com\/en\/wp-json\/wp\/v2\/users\/2"}],"replies":[{"embeddable":true,"href":"https:\/\/orderoffshore.com\/en\/wp-json\/wp\/v2\/comments?post=6"}],"version-history":[{"count":8,"href":"https:\/\/orderoffshore.com\/en\/wp-json\/wp\/v2\/pages\/6\/revisions"}],"predecessor-version":[{"id":1710,"href":"https:\/\/orderoffshore.com\/en\/wp-json\/wp\/v2\/pages\/6\/revisions\/1710"}],"wp:attachment":[{"href":"https:\/\/orderoffshore.com\/en\/wp-json\/wp\/v2\/media?parent=6"}],"curies":[{"name":"wp","href":"https:\/\/api.w.org\/{rel}","templated":true}]}}