{"id":74,"date":"2014-11-06T14:18:12","date_gmt":"2014-11-06T14:18:12","guid":{"rendered":"http:\/\/localhost\/orderoffhore\/?page_id=74"},"modified":"2015-06-30T09:44:23","modified_gmt":"2015-06-30T09:44:23","slug":"mire-jo-egy-offshore-ceg","status":"publish","type":"page","link":"https:\/\/orderoffshore.com\/en\/what-an-offshore-ceg-does\/","title":{"rendered":"What is an Offshore Company for?"},"content":{"rendered":"<p>A key decision in setting up an offshore company is what you want to use your new business for. Nowadays, there are many options to choose from, allowing the client to tailor the offshore company to their own activities. Of course, some of the most common uses of offshore companies include:<!--more--><\/p>\n<ul>\n<li>1. tax reduction, lowering profit tax - most offshore companies are created with this aim<\/li>\n<li>2. conducting international trade transactions -<\/li>\n<li>3. holding companies<\/li>\n<li>4. employer companies, temporary work agencies<\/li>\n<li>5. foreign investment<\/li>\n<li>6. financing companies<\/li>\n<li>7. retention of interest tax, capital gains tax<\/li>\n<li>8. payment of dividends, trading in securities, sale of shares exempt from tax<\/li>\n<li>9. asset protection<\/li>\n<li>10. royalties, patents, trademarks<\/li>\n<li>11. offshore banks, insurance companies<\/li>\n<li>12. prestige company<\/li>\n<\/ul>\n<p>It is important to choose an offshore jurisdiction according to the type of offshore jurisdiction you choose, as legal and tax differences may offer even better deals for certain types. This is where OrderOffshore.com can help you, where we keep track of changes in offshore issues, whether legal or business, and of course this affects both the most popular offshore states and the current offshore policy in Hungary.<\/p>","protected":false},"excerpt":{"rendered":"<p>A key decision in setting up an offshore company is what you want to use your new business for. Nowadays, there are many options to choose from, allowing the client to tailor the offshore company to their own activities. Of course, some of the most common uses of offshore companies include:<\/p>","protected":false},"author":2,"featured_media":0,"parent":0,"menu_order":0,"comment_status":"open","ping_status":"open","template":"","meta":{"footnotes":""},"yoast_head":"<!-- This site is optimized with the Yoast SEO Premium plugin v21.5 (Yoast SEO v21.5) - https:\/\/yoast.com\/wordpress\/plugins\/seo\/ -->\n<title>Mire J\u00f3 egy Offshore C\u00e9g? - Offshore C\u00e9galap\u00edt\u00e1s<\/title>\n<meta name=\"description\" content=\"Egy offshore c\u00e9g alap\u00edt\u00e1s\u00e1nak kulcs d\u00f6nt\u00e9se, hogy mire is szeretn\u00e9nk felhaszn\u00e1lni \u00faj v\u00e1llalkoz\u00e1sunkat.\" \/>\n<meta name=\"robots\" content=\"index, follow, max-snippet:-1, max-image-preview:large, max-video-preview:-1\" \/>\n<link rel=\"canonical\" href=\"https:\/\/orderoffshore.com\/en\/what-an-offshore-ceg-does\/\" \/>\n<meta property=\"og:locale\" content=\"en_GB\" \/>\n<meta property=\"og:type\" content=\"article\" \/>\n<meta property=\"og:title\" content=\"Mire J\u00f3 egy Offshore C\u00e9g?\" \/>\n<meta property=\"og:description\" content=\"Egy offshore c\u00e9g alap\u00edt\u00e1s\u00e1nak kulcs d\u00f6nt\u00e9se, hogy mire is szeretn\u00e9nk felhaszn\u00e1lni \u00faj v\u00e1llalkoz\u00e1sunkat.\" \/>\n<meta property=\"og:url\" content=\"https:\/\/orderoffshore.com\/en\/what-an-offshore-ceg-does\/\" \/>\n<meta property=\"og:site_name\" content=\"Offshore C\u00e9galap\u00edt\u00e1s\" \/>\n<meta property=\"article:modified_time\" content=\"2015-06-30T09:44:23+00:00\" \/>\n<meta name=\"twitter:card\" content=\"summary_large_image\" \/>\n<meta name=\"twitter:label1\" content=\"Estimated reading time\" \/>\n\t<meta name=\"twitter:data1\" content=\"1 minute\" \/>\n<script type=\"application\/ld+json\" class=\"yoast-schema-graph\">{\n\t    \"@context\": \"https:\/\/schema.org\",\n\t    \"@graph\": [\n\t        {\n\t            \"@type\": \"WebPage\",\n\t            \"@id\": \"https:\/\/orderoffshore.com\/mire-jo-egy-offshore-ceg\/\",\n\t            \"url\": \"https:\/\/orderoffshore.com\/mire-jo-egy-offshore-ceg\/\",\n\t            \"name\": \"Mire J\u00f3 egy Offshore C\u00e9g? - Offshore C\u00e9galap\u00edt\u00e1s\",\n\t            \"isPartOf\": {\n\t                \"@id\": \"https:\/\/orderoffshore.com\/#website\"\n\t            },\n\t            \"datePublished\": \"2014-11-06T14:18:12+00:00\",\n\t            \"dateModified\": \"2015-06-30T09:44:23+00:00\",\n\t            \"description\": \"Egy offshore c\u00e9g alap\u00edt\u00e1s\u00e1nak kulcs d\u00f6nt\u00e9se, hogy mire is szeretn\u00e9nk felhaszn\u00e1lni \u00faj v\u00e1llalkoz\u00e1sunkat.\",\n\t            \"breadcrumb\": {\n\t                \"@id\": \"https:\/\/orderoffshore.com\/mire-jo-egy-offshore-ceg\/#breadcrumb\"\n\t            },\n\t            \"inLanguage\": \"en-GB\",\n\t            \"potentialAction\": [\n\t                {\n\t                    \"@type\": \"ReadAction\",\n\t                    \"target\": [\n\t                        \"https:\/\/orderoffshore.com\/mire-jo-egy-offshore-ceg\/\"\n\t                    ]\n\t                }\n\t            ]\n\t        },\n\t        {\n\t            \"@type\": \"BreadcrumbList\",\n\t            \"@id\": \"https:\/\/orderoffshore.com\/mire-jo-egy-offshore-ceg\/#breadcrumb\",\n\t            \"itemListElement\": [\n\t                {\n\t                    \"@type\": \"ListItem\",\n\t                    \"position\": 1,\n\t                    \"name\": \"Kezd\u0151lap\",\n\t                    \"item\": \"https:\/\/orderoffshore.com\/\"\n\t                },\n\t                {\n\t                    \"@type\": \"ListItem\",\n\t                    \"position\": 2,\n\t                    \"name\": \"Mire J\u00f3 egy Offshore C\u00e9g?\"\n\t                }\n\t            ]\n\t        },\n\t        {\n\t            \"@type\": \"WebSite\",\n\t            \"@id\": \"https:\/\/orderoffshore.com\/#website\",\n\t            \"url\": \"https:\/\/orderoffshore.com\/\",\n\t            \"name\": \"Order Offshore\",\n\t            \"description\": \"C\u00e9galap\u00edt\u00e1s, v\u00edzum \u00e9s banksz\u00e1mla l\u00e9trehoz\u00e1s\",\n\t            \"publisher\": {\n\t                \"@id\": \"https:\/\/orderoffshore.com\/#organization\"\n\t            },\n\t            \"potentialAction\": [\n\t                {\n\t                    \"@type\": \"SearchAction\",\n\t                    \"target\": {\n\t                        \"@type\": \"EntryPoint\",\n\t                        \"urlTemplate\": \"https:\/\/orderoffshore.com\/?s={search_term_string}\"\n\t                    },\n\t                    \"query-input\": \"required name=search_term_string\"\n\t                }\n\t            ],\n\t            \"inLanguage\": \"en-GB\"\n\t        },\n\t        {\n\t            \"@type\": \"Organization\",\n\t            \"@id\": \"https:\/\/orderoffshore.com\/#organization\",\n\t            \"name\": \"Order Offshore\",\n\t            \"url\": \"https:\/\/orderoffshore.com\/\",\n\t            \"logo\": {\n\t                \"@type\": \"ImageObject\",\n\t                \"inLanguage\": \"en-GB\",\n\t                \"@id\": \"https:\/\/orderoffshore.com\/#\/schema\/logo\/image\/\",\n\t                \"url\": \"https:\/\/orderoffshore.com\/wp-content\/uploads\/2014\/11\/orderofshore_logo1.png\",\n\t                \"contentUrl\": \"https:\/\/orderoffshore.com\/wp-content\/uploads\/2014\/11\/orderofshore_logo1.png\",\n\t                \"width\": 250,\n\t                \"height\": 80,\n\t                \"caption\": \"Order Offshore\"\n\t            },\n\t            \"image\": {\n\t                \"@id\": \"https:\/\/orderoffshore.com\/#\/schema\/logo\/image\/\"\n\t            }\n\t        }\n\t    ]\n\t}<\/script>\n<!-- \/ Yoast SEO Premium plugin. -->","yoast_head_json":{"title":"Mire J\u00f3 egy Offshore C\u00e9g? - Offshore C\u00e9galap\u00edt\u00e1s","description":"Egy offshore c\u00e9g alap\u00edt\u00e1s\u00e1nak kulcs d\u00f6nt\u00e9se, hogy mire is szeretn\u00e9nk felhaszn\u00e1lni \u00faj v\u00e1llalkoz\u00e1sunkat.","robots":{"index":"index","follow":"follow","max-snippet":"max-snippet:-1","max-image-preview":"max-image-preview:large","max-video-preview":"max-video-preview:-1"},"canonical":"https:\/\/orderoffshore.com\/en\/what-an-offshore-ceg-does\/","og_locale":"en_GB","og_type":"article","og_title":"Mire J\u00f3 egy Offshore C\u00e9g?","og_description":"Egy offshore c\u00e9g alap\u00edt\u00e1s\u00e1nak kulcs d\u00f6nt\u00e9se, hogy mire is szeretn\u00e9nk felhaszn\u00e1lni \u00faj v\u00e1llalkoz\u00e1sunkat.","og_url":"https:\/\/orderoffshore.com\/en\/what-an-offshore-ceg-does\/","og_site_name":"Offshore C\u00e9galap\u00edt\u00e1s","article_modified_time":"2015-06-30T09:44:23+00:00","twitter_card":"summary_large_image","twitter_misc":{"Estimated reading time":"1 minute"},"schema":{"@context":"https:\/\/schema.org","@graph":[{"@type":"WebPage","@id":"https:\/\/orderoffshore.com\/mire-jo-egy-offshore-ceg\/","url":"https:\/\/orderoffshore.com\/mire-jo-egy-offshore-ceg\/","name":"Mire J\u00f3 egy Offshore C\u00e9g? - Offshore C\u00e9galap\u00edt\u00e1s","isPartOf":{"@id":"https:\/\/orderoffshore.com\/#website"},"datePublished":"2014-11-06T14:18:12+00:00","dateModified":"2015-06-30T09:44:23+00:00","description":"Egy offshore c\u00e9g alap\u00edt\u00e1s\u00e1nak kulcs d\u00f6nt\u00e9se, hogy mire is szeretn\u00e9nk felhaszn\u00e1lni \u00faj v\u00e1llalkoz\u00e1sunkat.","breadcrumb":{"@id":"https:\/\/orderoffshore.com\/mire-jo-egy-offshore-ceg\/#breadcrumb"},"inLanguage":"en-GB","potentialAction":[{"@type":"ReadAction","target":["https:\/\/orderoffshore.com\/mire-jo-egy-offshore-ceg\/"]}]},{"@type":"BreadcrumbList","@id":"https:\/\/orderoffshore.com\/mire-jo-egy-offshore-ceg\/#breadcrumb","itemListElement":[{"@type":"ListItem","position":1,"name":"Kezd\u0151lap","item":"https:\/\/orderoffshore.com\/"},{"@type":"ListItem","position":2,"name":"Mire J\u00f3 egy Offshore C\u00e9g?"}]},{"@type":"WebSite","@id":"https:\/\/orderoffshore.com\/#website","url":"https:\/\/orderoffshore.com\/","name":"Order Offshore","description":"C\u00e9galap\u00edt\u00e1s, v\u00edzum \u00e9s banksz\u00e1mla l\u00e9trehoz\u00e1s","publisher":{"@id":"https:\/\/orderoffshore.com\/#organization"},"potentialAction":[{"@type":"SearchAction","target":{"@type":"EntryPoint","urlTemplate":"https:\/\/orderoffshore.com\/?s={search_term_string}"},"query-input":"required name=search_term_string"}],"inLanguage":"en-GB"},{"@type":"Organization","@id":"https:\/\/orderoffshore.com\/#organization","name":"Order Offshore","url":"https:\/\/orderoffshore.com\/","logo":{"@type":"ImageObject","inLanguage":"en-GB","@id":"https:\/\/orderoffshore.com\/#\/schema\/logo\/image\/","url":"https:\/\/orderoffshore.com\/wp-content\/uploads\/2014\/11\/orderofshore_logo1.png","contentUrl":"https:\/\/orderoffshore.com\/wp-content\/uploads\/2014\/11\/orderofshore_logo1.png","width":250,"height":80,"caption":"Order Offshore"},"image":{"@id":"https:\/\/orderoffshore.com\/#\/schema\/logo\/image\/"}}]}},"_links":{"self":[{"href":"https:\/\/orderoffshore.com\/en\/wp-json\/wp\/v2\/pages\/74"}],"collection":[{"href":"https:\/\/orderoffshore.com\/en\/wp-json\/wp\/v2\/pages"}],"about":[{"href":"https:\/\/orderoffshore.com\/en\/wp-json\/wp\/v2\/types\/page"}],"author":[{"embeddable":true,"href":"https:\/\/orderoffshore.com\/en\/wp-json\/wp\/v2\/users\/2"}],"replies":[{"embeddable":true,"href":"https:\/\/orderoffshore.com\/en\/wp-json\/wp\/v2\/comments?post=74"}],"version-history":[{"count":2,"href":"https:\/\/orderoffshore.com\/en\/wp-json\/wp\/v2\/pages\/74\/revisions"}],"predecessor-version":[{"id":79,"href":"https:\/\/orderoffshore.com\/en\/wp-json\/wp\/v2\/pages\/74\/revisions\/79"}],"wp:attachment":[{"href":"https:\/\/orderoffshore.com\/en\/wp-json\/wp\/v2\/media?parent=74"}],"curies":[{"name":"wp","href":"https:\/\/api.w.org\/{rel}","templated":true}]}}