{"id":10,"date":"2014-11-06T13:33:00","date_gmt":"2014-11-06T13:33:00","guid":{"rendered":"http:\/\/localhost\/orderoffhore\/?page_id=10"},"modified":"2015-06-30T09:37:41","modified_gmt":"2015-06-30T09:37:41","slug":"offshore-bankszamlanyitas","status":"publish","type":"page","link":"https:\/\/orderoffshore.com\/ru\/offshore-bankszamlanyitas\/","title":{"rendered":"Offshore banksz\u00e1mlanyit\u00e1s"},"content":{"rendered":"<p>A Karibi t\u00e9rs\u00e9g egyik legnagyobb bankj\u00e1ban nyitunk sz\u00e1ml\u00e1t, melynek 135 orsz\u00e1gb\u00f3l vannak \u00fcgyfelei. A helyi t\u00f6rv\u00e9ny garant\u00e1lja a titoktart\u00e1st. Nagyon komoly b\u0171ncselekm\u00e9nyt kell bizony\u00edtottan elk\u00f6vetni, hogy a bank b\u00e1rmilyen adatot kiadjon. Erre akkor van lehet\u0151s\u00e9g, ha m\u00e1r nemzetk\u00f6zi elfogat\u00f3parancsot adtak ki.<br \/>\nTagja a MasterCardnak \u00e9s a SWIFT-nek. Enged\u00e9ly\u00e9t a Nemzetk\u00f6zi P\u00e9nz\u00fcgyi Szolg\u00e1ltat\u00f3k Hivatala adta ki 1997-ben, \u00e9s m\u00e1ra a vil\u00e1g egyik legnagyobb internet bankj\u00e1v\u00e1 v\u00e1lt.<\/p>\n<p>A bankn\u00e1l szab\u00e1ly a Know your Customer (KYC) \u201eismerd meg az \u00fcgyfeled\u201d ir\u00e1nyelv \u00e9s szigor\u00faan be is tartja, de ez az \u00fcgyfelek \u00e9rdek\u00e9t is szolg\u00e1lja.<\/p>\n<p>Internetes bankol\u00e1s, bankk\u00e1rtya term\u00e9szetesen van. Hitelez\u00e9sben \u00e9s kock\u00e1zatos befektet\u00e9sekben nem \u00e9rdekelt, teljesen biztons\u00e1gos bank.<\/p>\n<p>14 nyelven besz\u00e9l\u0151 telefonos \u00fcgyf\u00e9lszolg\u00e1lat a h\u00e9t minden napj\u00e1n 0-24-ig.<\/p>\n<p>Nincs minimum elv\u00e1rt bet\u00e9t.<\/p>\n<p>A kond\u00edci\u00f3kr\u00f3l term\u00e9szetesen minden jelentkez\u0151t t\u00e1j\u00e9koztatunk.<\/p>\n<p>\u00dcgyint\u00e9z\u00e9si d\u00edj 500\u20ac. Amennyiben n\u00e1lunk alap\u00edtja c\u00e9g\u00e9t kedvezm\u00e9nyes \u00e1ron biztos\u00edtjuk a banksz\u00e1mla \u00fcgyint\u00e9z\u00e9st.<\/p>\n<p>&nbsp;<\/p>\n<p>&nbsp;<\/p>\n<p><img decoding=\"async\" class=\"aligncenter\" title=\"orderoffshore-bankszmlanyitas\" src=\"http:\/\/www.orderoffshore.com\/images\/stories\/orderoffshore-bankszmlanyitas.jpg\" alt=\"orderoffshore-bankszmlanyitas\" border=\"0\" \/><\/p>","protected":false},"excerpt":{"rendered":"<p>A Karibi t\u00e9rs\u00e9g egyik legnagyobb bankj\u00e1ban nyitunk sz\u00e1ml\u00e1t, melynek 135 orsz\u00e1gb\u00f3l vannak \u00fcgyfelei. A helyi t\u00f6rv\u00e9ny garant\u00e1lja a titoktart\u00e1st. Nagyon komoly b\u0171ncselekm\u00e9nyt kell bizony\u00edtottan elk\u00f6vetni, hogy a bank b\u00e1rmilyen adatot kiadjon. Erre akkor van lehet\u0151s\u00e9g, ha m\u00e1r nemzetk\u00f6zi elfogat\u00f3parancsot adtak ki. Tagja a MasterCardnak \u00e9s a SWIFT-nek. Enged\u00e9ly\u00e9t a Nemzetk\u00f6zi P\u00e9nz\u00fcgyi Szolg\u00e1ltat\u00f3k Hivatala adta ki [&hellip;]<\/p>","protected":false},"author":2,"featured_media":0,"parent":0,"menu_order":0,"comment_status":"open","ping_status":"open","template":"","meta":{"footnotes":""},"yoast_head":"<!-- This site is optimized with the Yoast SEO Premium plugin v21.5 (Yoast SEO v21.5) - https:\/\/yoast.com\/wordpress\/plugins\/seo\/ -->\n<title>Offshore Banksz\u00e1mla Nyit\u00e1s<\/title>\n<meta name=\"description\" content=\"A Karibi t\u00e9rs\u00e9g egyik legnagyobb bankj\u00e1ban nyitunk sz\u00e1ml\u00e1t, melynek 135 orsz\u00e1gb\u00f3l vannak \u00fcgyfelei. A helyi t\u00f6rv\u00e9ny garant\u00e1lja a titoktart\u00e1st.\" \/>\n<meta name=\"robots\" content=\"index, follow, max-snippet:-1, max-image-preview:large, max-video-preview:-1\" \/>\n<link rel=\"canonical\" href=\"https:\/\/orderoffshore.com\/ru\/offshore-bankszamlanyitas\/\" \/>\n<meta property=\"og:locale\" content=\"ru_RU\" \/>\n<meta property=\"og:type\" content=\"article\" \/>\n<meta property=\"og:title\" content=\"Offshore banksz\u00e1mlanyit\u00e1s\" \/>\n<meta property=\"og:description\" content=\"A Karibi t\u00e9rs\u00e9g egyik legnagyobb bankj\u00e1ban nyitunk sz\u00e1ml\u00e1t, melynek 135 orsz\u00e1gb\u00f3l vannak \u00fcgyfelei. A helyi t\u00f6rv\u00e9ny garant\u00e1lja a titoktart\u00e1st.\" \/>\n<meta property=\"og:url\" content=\"https:\/\/orderoffshore.com\/ru\/offshore-bankszamlanyitas\/\" \/>\n<meta property=\"og:site_name\" content=\"Offshore C\u00e9galap\u00edt\u00e1s\" \/>\n<meta property=\"article:modified_time\" content=\"2015-06-30T09:37:41+00:00\" \/>\n<meta property=\"og:image\" content=\"http:\/\/www.orderoffshore.com\/images\/stories\/orderoffshore-bankszmlanyitas.jpg\" \/>\n<meta name=\"twitter:card\" content=\"summary_large_image\" \/>\n<meta name=\"twitter:label1\" content=\"\u041f\u0440\u0438\u043c\u0435\u0440\u043d\u043e\u0435 \u0432\u0440\u0435\u043c\u044f \u0434\u043b\u044f \u0447\u0442\u0435\u043d\u0438\u044f\" \/>\n\t<meta name=\"twitter:data1\" content=\"1 \u043c\u0438\u043d\u0443\u0442\u0430\" \/>\n<script type=\"application\/ld+json\" class=\"yoast-schema-graph\">{\n\t    \"@context\": \"https:\/\/schema.org\",\n\t    \"@graph\": [\n\t        {\n\t            \"@type\": \"WebPage\",\n\t            \"@id\": \"https:\/\/orderoffshore.com\/offshore-bankszamlanyitas\/\",\n\t            \"url\": \"https:\/\/orderoffshore.com\/offshore-bankszamlanyitas\/\",\n\t            \"name\": \"Offshore Banksz\u00e1mla Nyit\u00e1s\",\n\t            \"isPartOf\": {\n\t                \"@id\": \"https:\/\/orderoffshore.com\/#website\"\n\t            },\n\t            \"datePublished\": \"2014-11-06T13:33:00+00:00\",\n\t            \"dateModified\": \"2015-06-30T09:37:41+00:00\",\n\t            \"description\": \"A Karibi t\u00e9rs\u00e9g egyik legnagyobb bankj\u00e1ban nyitunk sz\u00e1ml\u00e1t, melynek 135 orsz\u00e1gb\u00f3l vannak \u00fcgyfelei. A helyi t\u00f6rv\u00e9ny garant\u00e1lja a titoktart\u00e1st.\",\n\t            \"breadcrumb\": {\n\t                \"@id\": \"https:\/\/orderoffshore.com\/offshore-bankszamlanyitas\/#breadcrumb\"\n\t            },\n\t            \"inLanguage\": \"ru-RU\",\n\t            \"potentialAction\": [\n\t                {\n\t                    \"@type\": \"ReadAction\",\n\t                    \"target\": [\n\t                        \"https:\/\/orderoffshore.com\/offshore-bankszamlanyitas\/\"\n\t                    ]\n\t                }\n\t            ]\n\t        },\n\t        {\n\t            \"@type\": \"BreadcrumbList\",\n\t            \"@id\": \"https:\/\/orderoffshore.com\/offshore-bankszamlanyitas\/#breadcrumb\",\n\t            \"itemListElement\": [\n\t                {\n\t                    \"@type\": \"ListItem\",\n\t                    \"position\": 1,\n\t                    \"name\": \"Kezd\u0151lap\",\n\t                    \"item\": \"https:\/\/orderoffshore.com\/\"\n\t                },\n\t                {\n\t                    \"@type\": \"ListItem\",\n\t                    \"position\": 2,\n\t                    \"name\": \"Offshore banksz\u00e1mlanyit\u00e1s\"\n\t                }\n\t            ]\n\t        },\n\t        {\n\t            \"@type\": \"WebSite\",\n\t            \"@id\": \"https:\/\/orderoffshore.com\/#website\",\n\t            \"url\": \"https:\/\/orderoffshore.com\/\",\n\t            \"name\": \"Order Offshore\",\n\t            \"description\": \"C\u00e9galap\u00edt\u00e1s, v\u00edzum \u00e9s banksz\u00e1mla l\u00e9trehoz\u00e1s\",\n\t            \"publisher\": {\n\t                \"@id\": \"https:\/\/orderoffshore.com\/#organization\"\n\t            },\n\t            \"potentialAction\": [\n\t                {\n\t                    \"@type\": \"SearchAction\",\n\t                    \"target\": {\n\t                        \"@type\": \"EntryPoint\",\n\t                        \"urlTemplate\": \"https:\/\/orderoffshore.com\/?s={search_term_string}\"\n\t                    },\n\t                    \"query-input\": \"required name=search_term_string\"\n\t                }\n\t            ],\n\t            \"inLanguage\": \"ru-RU\"\n\t        },\n\t        {\n\t            \"@type\": \"Organization\",\n\t            \"@id\": \"https:\/\/orderoffshore.com\/#organization\",\n\t            \"name\": \"Order Offshore\",\n\t            \"url\": \"https:\/\/orderoffshore.com\/\",\n\t            \"logo\": {\n\t                \"@type\": \"ImageObject\",\n\t                \"inLanguage\": \"ru-RU\",\n\t                \"@id\": \"https:\/\/orderoffshore.com\/#\/schema\/logo\/image\/\",\n\t                \"url\": \"https:\/\/orderoffshore.com\/wp-content\/uploads\/2014\/11\/orderofshore_logo1.png\",\n\t                \"contentUrl\": \"https:\/\/orderoffshore.com\/wp-content\/uploads\/2014\/11\/orderofshore_logo1.png\",\n\t                \"width\": 250,\n\t                \"height\": 80,\n\t                \"caption\": \"Order Offshore\"\n\t            },\n\t            \"image\": {\n\t                \"@id\": \"https:\/\/orderoffshore.com\/#\/schema\/logo\/image\/\"\n\t            }\n\t        }\n\t    ]\n\t}<\/script>\n<!-- \/ Yoast SEO Premium plugin. -->","yoast_head_json":{"title":"Offshore Banksz\u00e1mla Nyit\u00e1s","description":"A Karibi t\u00e9rs\u00e9g egyik legnagyobb bankj\u00e1ban nyitunk sz\u00e1ml\u00e1t, melynek 135 orsz\u00e1gb\u00f3l vannak \u00fcgyfelei. A helyi t\u00f6rv\u00e9ny garant\u00e1lja a titoktart\u00e1st.","robots":{"index":"index","follow":"follow","max-snippet":"max-snippet:-1","max-image-preview":"max-image-preview:large","max-video-preview":"max-video-preview:-1"},"canonical":"https:\/\/orderoffshore.com\/ru\/offshore-bankszamlanyitas\/","og_locale":"ru_RU","og_type":"article","og_title":"Offshore banksz\u00e1mlanyit\u00e1s","og_description":"A Karibi t\u00e9rs\u00e9g egyik legnagyobb bankj\u00e1ban nyitunk sz\u00e1ml\u00e1t, melynek 135 orsz\u00e1gb\u00f3l vannak \u00fcgyfelei. A helyi t\u00f6rv\u00e9ny garant\u00e1lja a titoktart\u00e1st.","og_url":"https:\/\/orderoffshore.com\/ru\/offshore-bankszamlanyitas\/","og_site_name":"Offshore C\u00e9galap\u00edt\u00e1s","article_modified_time":"2015-06-30T09:37:41+00:00","og_image":[{"url":"http:\/\/www.orderoffshore.com\/images\/stories\/orderoffshore-bankszmlanyitas.jpg"}],"twitter_card":"summary_large_image","twitter_misc":{"\u041f\u0440\u0438\u043c\u0435\u0440\u043d\u043e\u0435 \u0432\u0440\u0435\u043c\u044f \u0434\u043b\u044f \u0447\u0442\u0435\u043d\u0438\u044f":"1 \u043c\u0438\u043d\u0443\u0442\u0430"},"schema":{"@context":"https:\/\/schema.org","@graph":[{"@type":"WebPage","@id":"https:\/\/orderoffshore.com\/offshore-bankszamlanyitas\/","url":"https:\/\/orderoffshore.com\/offshore-bankszamlanyitas\/","name":"Offshore Banksz\u00e1mla Nyit\u00e1s","isPartOf":{"@id":"https:\/\/orderoffshore.com\/#website"},"datePublished":"2014-11-06T13:33:00+00:00","dateModified":"2015-06-30T09:37:41+00:00","description":"A Karibi t\u00e9rs\u00e9g egyik legnagyobb bankj\u00e1ban nyitunk sz\u00e1ml\u00e1t, melynek 135 orsz\u00e1gb\u00f3l vannak \u00fcgyfelei. A helyi t\u00f6rv\u00e9ny garant\u00e1lja a titoktart\u00e1st.","breadcrumb":{"@id":"https:\/\/orderoffshore.com\/offshore-bankszamlanyitas\/#breadcrumb"},"inLanguage":"ru-RU","potentialAction":[{"@type":"ReadAction","target":["https:\/\/orderoffshore.com\/offshore-bankszamlanyitas\/"]}]},{"@type":"BreadcrumbList","@id":"https:\/\/orderoffshore.com\/offshore-bankszamlanyitas\/#breadcrumb","itemListElement":[{"@type":"ListItem","position":1,"name":"Kezd\u0151lap","item":"https:\/\/orderoffshore.com\/"},{"@type":"ListItem","position":2,"name":"Offshore banksz\u00e1mlanyit\u00e1s"}]},{"@type":"WebSite","@id":"https:\/\/orderoffshore.com\/#website","url":"https:\/\/orderoffshore.com\/","name":"Order Offshore","description":"C\u00e9galap\u00edt\u00e1s, v\u00edzum \u00e9s banksz\u00e1mla l\u00e9trehoz\u00e1s","publisher":{"@id":"https:\/\/orderoffshore.com\/#organization"},"potentialAction":[{"@type":"SearchAction","target":{"@type":"EntryPoint","urlTemplate":"https:\/\/orderoffshore.com\/?s={search_term_string}"},"query-input":"required name=search_term_string"}],"inLanguage":"ru-RU"},{"@type":"Organization","@id":"https:\/\/orderoffshore.com\/#organization","name":"Order Offshore","url":"https:\/\/orderoffshore.com\/","logo":{"@type":"ImageObject","inLanguage":"ru-RU","@id":"https:\/\/orderoffshore.com\/#\/schema\/logo\/image\/","url":"https:\/\/orderoffshore.com\/wp-content\/uploads\/2014\/11\/orderofshore_logo1.png","contentUrl":"https:\/\/orderoffshore.com\/wp-content\/uploads\/2014\/11\/orderofshore_logo1.png","width":250,"height":80,"caption":"Order Offshore"},"image":{"@id":"https:\/\/orderoffshore.com\/#\/schema\/logo\/image\/"}}]}},"_links":{"self":[{"href":"https:\/\/orderoffshore.com\/ru\/wp-json\/wp\/v2\/pages\/10"}],"collection":[{"href":"https:\/\/orderoffshore.com\/ru\/wp-json\/wp\/v2\/pages"}],"about":[{"href":"https:\/\/orderoffshore.com\/ru\/wp-json\/wp\/v2\/types\/page"}],"author":[{"embeddable":true,"href":"https:\/\/orderoffshore.com\/ru\/wp-json\/wp\/v2\/users\/2"}],"replies":[{"embeddable":true,"href":"https:\/\/orderoffshore.com\/ru\/wp-json\/wp\/v2\/comments?post=10"}],"version-history":[{"count":2,"href":"https:\/\/orderoffshore.com\/ru\/wp-json\/wp\/v2\/pages\/10\/revisions"}],"predecessor-version":[{"id":238,"href":"https:\/\/orderoffshore.com\/ru\/wp-json\/wp\/v2\/pages\/10\/revisions\/238"}],"wp:attachment":[{"href":"https:\/\/orderoffshore.com\/ru\/wp-json\/wp\/v2\/media?parent=10"}],"curies":[{"name":"wp","href":"https:\/\/api.w.org\/{rel}","templated":true}]}}