{"id":12,"date":"2014-11-06T13:33:28","date_gmt":"2014-11-06T13:33:28","guid":{"rendered":"http:\/\/localhost\/orderoffhore\/?page_id=12"},"modified":"2021-04-16T15:33:41","modified_gmt":"2021-04-16T15:33:41","slug":"rolunk","status":"publish","type":"page","link":"https:\/\/orderoffshore.com\/ru\/\u0440\u043e\u043b\u0430\u043d\u043a\/","title":{"rendered":"\u041e \u043d\u0430\u0441"},"content":{"rendered":"<p>Az orderoffshore.com weblap szolg\u00e1ltat\u00f3ja a Blue and Red Consulting Ltd. Honlapunk az offshore c\u00e9g alap\u00edt\u00e1s\u00e1val foglalkozik, szolg\u00e1ltat\u00e1sokat ny\u00fajt azon v\u00e1llalkoz\u00f3k sz\u00e1m\u00e1ra, akik szeretn\u00e9nek biztos jogi h\u00e1tt\u00e9rrel belekezdeni egy offshore c\u00e9g alap\u00edt\u00e1s\u00e1ba. Oldalunk f\u0151 feladata, hogy inform\u00e1ci\u00f3t juttasson el az \u00e9rdekl\u0151d\u0151k fel\u00e9, illetve kapcsolat felv\u00e9teli lehet\u0151s\u00e9get ny\u00fajt azoknak, akik ezek ut\u00e1n szeretn\u00e9nek belev\u00e1gni az offshore business vil\u00e1g\u00e1ba. C\u00e9lunk, hogy a kis- \u00e9s k\u00f6z\u00e9pm\u00e9ret\u0171 v\u00e1llalkoz\u00e1sok illetve befektet\u0151k kez\u00e9be adjuk az offshore ny\u00fajtotta leg\u00e1lis el\u0151ny\u00f6ket. Az \u00e1ltalunk k\u00e9pviselt, \u00e9s gyakorolt strat\u00e9gia nemzetk\u00f6zi t\u00e1rsas\u00e1gi jogban j\u00e1rtas jog\u00e1sz, ad\u00f3tan\u00e1csad\u00f3 \u00e9s t\u00f6bb nemzetk\u00f6zi szakember munk\u00e1jak\u00e9nt sz\u00fcletett.<\/p>\n<p>Mellett\u00fcnk sz\u00f3l, hogy garant\u00e1ljuk a gyors \u00e9s szakszer\u0171 megold\u00e1sokat, alacsony \u00e1ron tudunk magas min\u0151s\u00e9get biztos\u00edtani, kapcsolatrendszer\u00fcnk sok neves nemzetk\u00f6zi ad\u00f3tervez\u0151 \u00e9s tan\u00e1csad\u00f3 c\u00e9get mag\u00e1ba foglal, jogi alapokban biztos, szab\u00e1lyozott c\u00e9get tudunk garant\u00e1lni, s ami m\u00e9g fontosabb, n\u00e1lunk a diszkr\u00e9ci\u00f3 a legfontosabb pontok k\u00f6z\u00f6tt szerepel. Az \u00fczlet szempontj\u00e1b\u00f3l strat\u00e9gi\u00e1nk az, hogy a legjobb offshore helysz\u00ednekkel kiemelten foglalkozunk, \u00edgy biztos\u00edthatjuk folyamatosan a naprak\u00e9sz inform\u00e1ci\u00f3t az \u00e9rdekl\u0151d\u0151knek.<\/p>\n<p>\u041d\u0430\u0448\u0430 \u0446\u0435\u043b\u044c - \u0441\u0434\u0435\u043b\u0430\u0442\u044c \u0442\u0430\u043a, \u0447\u0442\u043e\u0431\u044b \u043a\u0430\u043a \u043c\u043e\u0436\u043d\u043e \u0431\u043e\u043b\u044c\u0448\u0435 \u043b\u044e\u0434\u0435\u0439 \u0443\u0437\u043d\u0430\u043b\u0438 \u043e \u0432\u043e\u0437\u043c\u043e\u0436\u043d\u043e\u0441\u0442\u044f\u0445, \u043a\u043e\u0442\u043e\u0440\u044b\u0435 \u043f\u0440\u0435\u0434\u043e\u0441\u0442\u0430\u0432\u043b\u044f\u0435\u0442 \u043e\u0444\u0444\u0448\u043e\u0440\u043d\u044b\u0439 \u0431\u0438\u0437\u043d\u0435\u0441, \u0438 \u0441\u043c\u043e\u0433\u043b\u0438 \u0438\u043c\u0438 \u0432\u043e\u0441\u043f\u043e\u043b\u044c\u0437\u043e\u0432\u0430\u0442\u044c\u0441\u044f. \u041c\u044b \u043c\u043e\u0436\u0435\u043c \u043e\u043a\u0430\u0437\u0430\u0442\u044c \u044e\u0440\u0438\u0434\u0438\u0447\u0435\u0441\u043a\u0443\u044e \u043f\u043e\u043c\u043e\u0449\u044c \u0432\u0441\u0435\u043c, \u043a\u0442\u043e \u0441 \u0443\u0432\u0435\u0440\u0435\u043d\u043d\u043e\u0441\u0442\u044c\u044e \u043e\u0431\u0440\u0430\u0442\u0438\u0442\u0441\u044f \u043a \u043d\u0430\u043c. \u041c\u044b \u0433\u043e\u0442\u043e\u0432\u044b \u043f\u043e\u043c\u043e\u0447\u044c \u0432\u0441\u0435\u043c, \u043a\u0442\u043e \u0445\u043e\u0447\u0435\u0442 \u0443\u0432\u0435\u043b\u0438\u0447\u0438\u0442\u044c \u0438\u043b\u0438 \u043f\u0440\u0438\u0443\u043c\u043d\u043e\u0436\u0438\u0442\u044c \u0441\u0432\u043e\u0435 \u0441\u043e\u0441\u0442\u043e\u044f\u043d\u0438\u0435 \u0431\u043e\u043b\u0435\u0435 \u044d\u0444\u0444\u0435\u043a\u0442\u0438\u0432\u043d\u043e \u0438 \u0431\u0435\u0437\u043e\u043f\u0430\u0441\u043d\u043e.<\/p>\n<p>Amennyiben valamelyik csomagunk elnyerte tetsz\u00e9s\u00e9t, a megrendel\u00e9s men\u00fcpontban megrendelheti azt.<\/p>\n<p>Egyedi ig\u00e9nyeit is sz\u00edvesen fogadjuk! K\u00e9rj\u00fck ebben az esetben az aj\u00e1nlat k\u00e9r\u00e9s men\u00fcpontban jelezze fel\u00e9nk.<\/p>\n<p>\u041d\u0430\u0448 \u0430\u0434\u0440\u0435\u0441 \u044d\u043b\u0435\u043a\u0442\u0440\u043e\u043d\u043d\u043e\u0439 \u043f\u043e\u0447\u0442\u044b: info@orderoffshore.com<br \/>\n\u0412\u044b \u043c\u043e\u0436\u0435\u0442\u0435 \u0441\u0432\u044f\u0437\u0430\u0442\u044c\u0441\u044f \u0441 \u043d\u0430\u0448\u0438\u043c \u043f\u0440\u0435\u0434\u0441\u0442\u0430\u0432\u0438\u0442\u0435\u043b\u0435\u043c \u0432 \u0412\u0435\u043d\u0433\u0440\u0438\u0438 \u043f\u043e \u0442\u0435\u043b\u0435\u0444\u043e\u043d\u0443 +36709415142.<\/p>\n<p>\u041d\u0430\u0448\u0435 \u043f\u0440\u0435\u0434\u0441\u0442\u0430\u0432\u0438\u0442\u0435\u043b\u044c\u0441\u0442\u0432\u043e \u043d\u0430\u0445\u043e\u0434\u0438\u0442\u0441\u044f \u043f\u043e \u0430\u0434\u0440\u0435\u0441\u0443: 30\/A T\u00f6r\u00f6kv\u00e9sz \u00fat, Budapest, District II (\u0442\u043e\u043b\u044c\u043a\u043e \u043f\u043e \u043f\u0440\u0435\u0434\u0432\u0430\u0440\u0438\u0442\u0435\u043b\u044c\u043d\u043e\u0439 \u0437\u0430\u043f\u0438\u0441\u0438)<\/p>\n<p>\u041d\u0430\u0448 \u043e\u043f\u044b\u0442\u043d\u044b\u0439 \u043f\u0435\u0440\u0441\u043e\u043d\u0430\u043b \u0432\u0441\u0435\u0433\u0434\u0430 \u043a \u0432\u0430\u0448\u0438\u043c \u0443\u0441\u043b\u0443\u0433\u0430\u043c - \u0431\u044b\u0441\u0442\u0440\u043e\u0435, \u043d\u0430\u0434\u0435\u0436\u043d\u043e\u0435, \u043d\u0435\u043d\u0430\u0432\u044f\u0437\u0447\u0438\u0432\u043e\u0435 \u0438 \u043f\u0440\u043e\u0444\u0435\u0441\u0441\u0438\u043e\u043d\u0430\u043b\u044c\u043d\u043e\u0435 \u043e\u0431\u0441\u043b\u0443\u0436\u0438\u0432\u0430\u043d\u0438\u0435!<\/p>","protected":false},"excerpt":{"rendered":"<p>Az orderoffshore.com weblap szolg\u00e1ltat\u00f3ja a Blue and Red Consulting Ltd. Honlapunk az offshore c\u00e9g alap\u00edt\u00e1s\u00e1val foglalkozik, szolg\u00e1ltat\u00e1sokat ny\u00fajt azon v\u00e1llalkoz\u00f3k sz\u00e1m\u00e1ra, akik szeretn\u00e9nek biztos jogi h\u00e1tt\u00e9rrel belekezdeni egy offshore c\u00e9g alap\u00edt\u00e1s\u00e1ba. Oldalunk f\u0151 feladata, hogy inform\u00e1ci\u00f3t juttasson el az \u00e9rdekl\u0151d\u0151k fel\u00e9, illetve kapcsolat felv\u00e9teli lehet\u0151s\u00e9get ny\u00fajt azoknak, akik ezek ut\u00e1n szeretn\u00e9nek belev\u00e1gni az offshore business [&hellip;]<\/p>","protected":false},"author":2,"featured_media":0,"parent":0,"menu_order":0,"comment_status":"open","ping_status":"open","template":"","meta":{"footnotes":""},"yoast_head":"<!-- This site is optimized with the Yoast SEO Premium plugin v21.5 (Yoast SEO v21.5) - https:\/\/yoast.com\/wordpress\/plugins\/seo\/ -->\n<title>R\u00f3lunk - Offshore C\u00e9galap\u00edt\u00e1s<\/title>\n<meta name=\"robots\" content=\"index, follow, max-snippet:-1, max-image-preview:large, max-video-preview:-1\" \/>\n<link rel=\"canonical\" href=\"https:\/\/orderoffshore.com\/ru\/\u0440\u043e\u043b\u0430\u043d\u043a\/\" \/>\n<meta property=\"og:locale\" content=\"ru_RU\" \/>\n<meta property=\"og:type\" content=\"article\" \/>\n<meta property=\"og:title\" content=\"R\u00f3lunk\" \/>\n<meta property=\"og:description\" content=\"Az orderoffshore.com weblap szolg\u00e1ltat\u00f3ja a Blue and Red Consulting Ltd. Honlapunk az offshore c\u00e9g alap\u00edt\u00e1s\u00e1val foglalkozik, szolg\u00e1ltat\u00e1sokat ny\u00fajt azon v\u00e1llalkoz\u00f3k sz\u00e1m\u00e1ra, akik szeretn\u00e9nek biztos jogi h\u00e1tt\u00e9rrel belekezdeni egy offshore c\u00e9g alap\u00edt\u00e1s\u00e1ba. Oldalunk f\u0151 feladata, hogy inform\u00e1ci\u00f3t juttasson el az \u00e9rdekl\u0151d\u0151k fel\u00e9, illetve kapcsolat felv\u00e9teli lehet\u0151s\u00e9get ny\u00fajt azoknak, akik ezek ut\u00e1n szeretn\u00e9nek belev\u00e1gni az offshore business [&hellip;]\" \/>\n<meta property=\"og:url\" content=\"https:\/\/orderoffshore.com\/ru\/\u0440\u043e\u043b\u0430\u043d\u043a\/\" \/>\n<meta property=\"og:site_name\" content=\"Offshore C\u00e9galap\u00edt\u00e1s\" \/>\n<meta property=\"article:modified_time\" content=\"2021-04-16T15:33:41+00:00\" \/>\n<meta name=\"twitter:card\" content=\"summary_large_image\" \/>\n<meta name=\"twitter:label1\" content=\"\u041f\u0440\u0438\u043c\u0435\u0440\u043d\u043e\u0435 \u0432\u0440\u0435\u043c\u044f \u0434\u043b\u044f \u0447\u0442\u0435\u043d\u0438\u044f\" \/>\n\t<meta name=\"twitter:data1\" content=\"2 \u043c\u0438\u043d\u0443\u0442\u044b\" \/>\n<script type=\"application\/ld+json\" class=\"yoast-schema-graph\">{\n\t    \"@context\": \"https:\/\/schema.org\",\n\t    \"@graph\": [\n\t        {\n\t            \"@type\": \"WebPage\",\n\t            \"@id\": \"https:\/\/orderoffshore.com\/rolunk\/\",\n\t            \"url\": \"https:\/\/orderoffshore.com\/rolunk\/\",\n\t            \"name\": \"R\u00f3lunk - Offshore C\u00e9galap\u00edt\u00e1s\",\n\t            \"isPartOf\": {\n\t                \"@id\": \"https:\/\/orderoffshore.com\/#website\"\n\t            },\n\t            \"datePublished\": \"2014-11-06T13:33:28+00:00\",\n\t            \"dateModified\": \"2021-04-16T15:33:41+00:00\",\n\t            \"breadcrumb\": {\n\t                \"@id\": \"https:\/\/orderoffshore.com\/rolunk\/#breadcrumb\"\n\t            },\n\t            \"inLanguage\": \"ru-RU\",\n\t            \"potentialAction\": [\n\t                {\n\t                    \"@type\": \"ReadAction\",\n\t                    \"target\": [\n\t                        \"https:\/\/orderoffshore.com\/rolunk\/\"\n\t                    ]\n\t                }\n\t            ]\n\t        },\n\t        {\n\t            \"@type\": \"BreadcrumbList\",\n\t            \"@id\": \"https:\/\/orderoffshore.com\/rolunk\/#breadcrumb\",\n\t            \"itemListElement\": [\n\t                {\n\t                    \"@type\": \"ListItem\",\n\t                    \"position\": 1,\n\t                    \"name\": \"Kezd\u0151lap\",\n\t                    \"item\": \"https:\/\/orderoffshore.com\/\"\n\t                },\n\t                {\n\t                    \"@type\": \"ListItem\",\n\t                    \"position\": 2,\n\t                    \"name\": \"R\u00f3lunk\"\n\t                }\n\t            ]\n\t        },\n\t        {\n\t            \"@type\": \"WebSite\",\n\t            \"@id\": \"https:\/\/orderoffshore.com\/#website\",\n\t            \"url\": \"https:\/\/orderoffshore.com\/\",\n\t            \"name\": \"Order Offshore\",\n\t            \"description\": \"C\u00e9galap\u00edt\u00e1s, v\u00edzum \u00e9s banksz\u00e1mla l\u00e9trehoz\u00e1s\",\n\t            \"publisher\": {\n\t                \"@id\": \"https:\/\/orderoffshore.com\/#organization\"\n\t            },\n\t            \"potentialAction\": [\n\t                {\n\t                    \"@type\": \"SearchAction\",\n\t                    \"target\": {\n\t                        \"@type\": \"EntryPoint\",\n\t                        \"urlTemplate\": \"https:\/\/orderoffshore.com\/?s={search_term_string}\"\n\t                    },\n\t                    \"query-input\": \"required name=search_term_string\"\n\t                }\n\t            ],\n\t            \"inLanguage\": \"ru-RU\"\n\t        },\n\t        {\n\t            \"@type\": \"Organization\",\n\t            \"@id\": \"https:\/\/orderoffshore.com\/#organization\",\n\t            \"name\": \"Order Offshore\",\n\t            \"url\": \"https:\/\/orderoffshore.com\/\",\n\t            \"logo\": {\n\t                \"@type\": \"ImageObject\",\n\t                \"inLanguage\": \"ru-RU\",\n\t                \"@id\": \"https:\/\/orderoffshore.com\/#\/schema\/logo\/image\/\",\n\t                \"url\": \"https:\/\/orderoffshore.com\/wp-content\/uploads\/2014\/11\/orderofshore_logo1.png\",\n\t                \"contentUrl\": \"https:\/\/orderoffshore.com\/wp-content\/uploads\/2014\/11\/orderofshore_logo1.png\",\n\t                \"width\": 250,\n\t                \"height\": 80,\n\t                \"caption\": \"Order Offshore\"\n\t            },\n\t            \"image\": {\n\t                \"@id\": \"https:\/\/orderoffshore.com\/#\/schema\/logo\/image\/\"\n\t            }\n\t        }\n\t    ]\n\t}<\/script>\n<!-- \/ Yoast SEO Premium plugin. -->","yoast_head_json":{"title":"R\u00f3lunk - Offshore C\u00e9galap\u00edt\u00e1s","robots":{"index":"index","follow":"follow","max-snippet":"max-snippet:-1","max-image-preview":"max-image-preview:large","max-video-preview":"max-video-preview:-1"},"canonical":"https:\/\/orderoffshore.com\/ru\/\u0440\u043e\u043b\u0430\u043d\u043a\/","og_locale":"ru_RU","og_type":"article","og_title":"R\u00f3lunk","og_description":"Az orderoffshore.com weblap szolg\u00e1ltat\u00f3ja a Blue and Red Consulting Ltd. Honlapunk az offshore c\u00e9g alap\u00edt\u00e1s\u00e1val foglalkozik, szolg\u00e1ltat\u00e1sokat ny\u00fajt azon v\u00e1llalkoz\u00f3k sz\u00e1m\u00e1ra, akik szeretn\u00e9nek biztos jogi h\u00e1tt\u00e9rrel belekezdeni egy offshore c\u00e9g alap\u00edt\u00e1s\u00e1ba. Oldalunk f\u0151 feladata, hogy inform\u00e1ci\u00f3t juttasson el az \u00e9rdekl\u0151d\u0151k fel\u00e9, illetve kapcsolat felv\u00e9teli lehet\u0151s\u00e9get ny\u00fajt azoknak, akik ezek ut\u00e1n szeretn\u00e9nek belev\u00e1gni az offshore business [&hellip;]","og_url":"https:\/\/orderoffshore.com\/ru\/\u0440\u043e\u043b\u0430\u043d\u043a\/","og_site_name":"Offshore C\u00e9galap\u00edt\u00e1s","article_modified_time":"2021-04-16T15:33:41+00:00","twitter_card":"summary_large_image","twitter_misc":{"\u041f\u0440\u0438\u043c\u0435\u0440\u043d\u043e\u0435 \u0432\u0440\u0435\u043c\u044f \u0434\u043b\u044f \u0447\u0442\u0435\u043d\u0438\u044f":"2 \u043c\u0438\u043d\u0443\u0442\u044b"},"schema":{"@context":"https:\/\/schema.org","@graph":[{"@type":"WebPage","@id":"https:\/\/orderoffshore.com\/rolunk\/","url":"https:\/\/orderoffshore.com\/rolunk\/","name":"R\u00f3lunk - Offshore C\u00e9galap\u00edt\u00e1s","isPartOf":{"@id":"https:\/\/orderoffshore.com\/#website"},"datePublished":"2014-11-06T13:33:28+00:00","dateModified":"2021-04-16T15:33:41+00:00","breadcrumb":{"@id":"https:\/\/orderoffshore.com\/rolunk\/#breadcrumb"},"inLanguage":"ru-RU","potentialAction":[{"@type":"ReadAction","target":["https:\/\/orderoffshore.com\/rolunk\/"]}]},{"@type":"BreadcrumbList","@id":"https:\/\/orderoffshore.com\/rolunk\/#breadcrumb","itemListElement":[{"@type":"ListItem","position":1,"name":"Kezd\u0151lap","item":"https:\/\/orderoffshore.com\/"},{"@type":"ListItem","position":2,"name":"R\u00f3lunk"}]},{"@type":"WebSite","@id":"https:\/\/orderoffshore.com\/#website","url":"https:\/\/orderoffshore.com\/","name":"Order Offshore","description":"C\u00e9galap\u00edt\u00e1s, v\u00edzum \u00e9s banksz\u00e1mla l\u00e9trehoz\u00e1s","publisher":{"@id":"https:\/\/orderoffshore.com\/#organization"},"potentialAction":[{"@type":"SearchAction","target":{"@type":"EntryPoint","urlTemplate":"https:\/\/orderoffshore.com\/?s={search_term_string}"},"query-input":"required name=search_term_string"}],"inLanguage":"ru-RU"},{"@type":"Organization","@id":"https:\/\/orderoffshore.com\/#organization","name":"Order Offshore","url":"https:\/\/orderoffshore.com\/","logo":{"@type":"ImageObject","inLanguage":"ru-RU","@id":"https:\/\/orderoffshore.com\/#\/schema\/logo\/image\/","url":"https:\/\/orderoffshore.com\/wp-content\/uploads\/2014\/11\/orderofshore_logo1.png","contentUrl":"https:\/\/orderoffshore.com\/wp-content\/uploads\/2014\/11\/orderofshore_logo1.png","width":250,"height":80,"caption":"Order Offshore"},"image":{"@id":"https:\/\/orderoffshore.com\/#\/schema\/logo\/image\/"}}]}},"_links":{"self":[{"href":"https:\/\/orderoffshore.com\/ru\/wp-json\/wp\/v2\/pages\/12"}],"collection":[{"href":"https:\/\/orderoffshore.com\/ru\/wp-json\/wp\/v2\/pages"}],"about":[{"href":"https:\/\/orderoffshore.com\/ru\/wp-json\/wp\/v2\/types\/page"}],"author":[{"embeddable":true,"href":"https:\/\/orderoffshore.com\/ru\/wp-json\/wp\/v2\/users\/2"}],"replies":[{"embeddable":true,"href":"https:\/\/orderoffshore.com\/ru\/wp-json\/wp\/v2\/comments?post=12"}],"version-history":[{"count":3,"href":"https:\/\/orderoffshore.com\/ru\/wp-json\/wp\/v2\/pages\/12\/revisions"}],"predecessor-version":[{"id":334,"href":"https:\/\/orderoffshore.com\/ru\/wp-json\/wp\/v2\/pages\/12\/revisions\/334"}],"wp:attachment":[{"href":"https:\/\/orderoffshore.com\/ru\/wp-json\/wp\/v2\/media?parent=12"}],"curies":[{"name":"wp","href":"https:\/\/api.w.org\/{rel}","templated":true}]}}