{"id":248,"date":"2015-04-10T14:44:10","date_gmt":"2015-04-10T14:44:10","guid":{"rendered":"http:\/\/orderoffshore.com\/?page_id=248"},"modified":"2015-04-10T14:44:10","modified_gmt":"2015-04-10T14:44:10","slug":"offshore-bankszamlanyitas-uzleti-terv","status":"publish","type":"page","link":"https:\/\/orderoffshore.com\/ru\/offshore-bankszamlanyitas-uzleti-terv\/","title":{"rendered":"Offshore banksz\u00e1mlanyit\u00e1s &#8211; \u00dczleti terv"},"content":{"rendered":"<p>Az \u00fczleti terv \u00edr\u00e1s\u00e1nak f\u0151 c\u00e9lja, hogy a bankban \u00fcl\u0151 alkalmazott megismerje \u00e9s meg\u00e9rtse, hogy mivel foglalkozik a c\u00e9g \u00e9s mire, hogyan fogja haszn\u00e1lni a banksz\u00e1ml\u00e1t. Egyszer\u0171en, r\u00f6viden bele szokott f\u00e9rni f\u00e9l vagy maximum egy oldalba. Az al\u00e1bbi fontos tudnival\u00f3kat mindenk\u00e9ppen tartalmaznia kell egy offshore c\u00e9g banksz\u00e1mlanyit\u00e1s\u00e1hoz k\u00e9sz\u00fcl\u0151 \u00fczleti tervnek (ha valami m\u00e9gsem vil\u00e1gos a bank\u00e1r sz\u00e1m\u00e1ra, akkor k\u00e9rd\u00e9seket tehetnek fel):<\/p>\n<ul>\n<li>A c\u00e9g \u00e9s a tulajdonosok bemutat\u00e1sa n\u00e9h\u00e1ny mondatban.<\/li>\n<li>A c\u00e9g \u00fczleti tev\u00e9kenys\u00e9g\u00e9nek bemutat\u00e1sa.<\/li>\n<li>Amennyiben a c\u00e9gnek fix partnere van, megnevezni, ak\u00e1r weboldalal.<\/li>\n<li>A c\u00e9g v\u00e1rhat\u00f3 sz\u00e1mlaforgalm\u00e1t megadni. V\u00e1rhat\u00f3 kimen\u0151 \u00e9s be\u00e9rkez\u0151 utal\u00e1sok sz\u00e1ma \u00e9s \u00e9rt\u00e9ke havi \u00e1tlagban.<\/li>\n<li>A c\u00e9g weboldalai<\/li>\n<\/ul>\n<p>Mi\u00e9rt van erre sz\u00fcks\u00e9g? B\u00e1rmilyen c\u00e9ges sz\u00e1ml\u00e1t akarunk nyitni, a bank megk\u00e9rdezi, hogy mi lesz a tev\u00e9kenys\u00e9g. Csak am\u00edg egy hagyom\u00e1nyos, ak\u00e1r magyarorsz\u00e1gi c\u00e9g eset\u00e9ben, bes\u00e9t\u00e1lunk a bankba, ezeket \u00fagy k\u00e9rdezik meg, hogy fel sem t\u0171nik. Mivel itt az \u00fcgyf\u00e9l nem s\u00e9t\u00e1l be a bankba, ez\u00e9rt k\u00e9rik a sz\u00fcks\u00e9ges inform\u00e1ci\u00f3kat \u00edr\u00e1sban. Ez biztons\u00e1g a banknak is \u00e9s az \u00fcgyf\u00e9lnek is.<\/p>","protected":false},"excerpt":{"rendered":"<p>Az \u00fczleti terv \u00edr\u00e1s\u00e1nak f\u0151 c\u00e9lja, hogy a bankban \u00fcl\u0151 alkalmazott megismerje \u00e9s meg\u00e9rtse, hogy mivel foglalkozik a c\u00e9g \u00e9s mire, hogyan fogja haszn\u00e1lni a banksz\u00e1ml\u00e1t. Egyszer\u0171en, r\u00f6viden bele szokott f\u00e9rni f\u00e9l vagy maximum egy oldalba. Az al\u00e1bbi fontos tudnival\u00f3kat mindenk\u00e9ppen tartalmaznia kell egy offshore c\u00e9g banksz\u00e1mlanyit\u00e1s\u00e1hoz k\u00e9sz\u00fcl\u0151 \u00fczleti tervnek (ha valami m\u00e9gsem vil\u00e1gos a [&hellip;]<\/p>","protected":false},"author":2,"featured_media":0,"parent":0,"menu_order":0,"comment_status":"open","ping_status":"open","template":"","meta":{"footnotes":""},"yoast_head":"<!-- This site is optimized with the Yoast SEO Premium plugin v21.5 (Yoast SEO v21.5) - https:\/\/yoast.com\/wordpress\/plugins\/seo\/ -->\n<title>Offshore banksz\u00e1mlanyit\u00e1s - \u00dczleti terv<\/title>\n<meta name=\"description\" content=\"offshore c\u00e9g banksz\u00e1mla nyit\u00e1s\" \/>\n<meta name=\"robots\" content=\"index, follow, max-snippet:-1, max-image-preview:large, max-video-preview:-1\" \/>\n<link rel=\"canonical\" href=\"https:\/\/orderoffshore.com\/ru\/offshore-bankszamlanyitas-uzleti-terv\/\" \/>\n<meta property=\"og:locale\" content=\"ru_RU\" \/>\n<meta property=\"og:type\" content=\"article\" \/>\n<meta property=\"og:title\" content=\"Offshore banksz\u00e1mlanyit\u00e1s - \u00dczleti terv\" \/>\n<meta property=\"og:description\" content=\"offshore c\u00e9g banksz\u00e1mla nyit\u00e1s\" \/>\n<meta property=\"og:url\" content=\"https:\/\/orderoffshore.com\/ru\/offshore-bankszamlanyitas-uzleti-terv\/\" \/>\n<meta property=\"og:site_name\" content=\"Offshore C\u00e9galap\u00edt\u00e1s\" \/>\n<meta name=\"twitter:card\" content=\"summary_large_image\" \/>\n<meta name=\"twitter:label1\" content=\"\u041f\u0440\u0438\u043c\u0435\u0440\u043d\u043e\u0435 \u0432\u0440\u0435\u043c\u044f \u0434\u043b\u044f \u0447\u0442\u0435\u043d\u0438\u044f\" \/>\n\t<meta name=\"twitter:data1\" content=\"1 \u043c\u0438\u043d\u0443\u0442\u0430\" \/>\n<script type=\"application\/ld+json\" class=\"yoast-schema-graph\">{\n\t    \"@context\": \"https:\/\/schema.org\",\n\t    \"@graph\": [\n\t        {\n\t            \"@type\": \"WebPage\",\n\t            \"@id\": \"https:\/\/orderoffshore.com\/offshore-bankszamlanyitas-uzleti-terv\/\",\n\t            \"url\": \"https:\/\/orderoffshore.com\/offshore-bankszamlanyitas-uzleti-terv\/\",\n\t            \"name\": \"Offshore banksz\u00e1mlanyit\u00e1s - \u00dczleti terv\",\n\t            \"isPartOf\": {\n\t                \"@id\": \"https:\/\/orderoffshore.com\/#website\"\n\t            },\n\t            \"datePublished\": \"2015-04-10T14:44:10+00:00\",\n\t            \"dateModified\": \"2015-04-10T14:44:10+00:00\",\n\t            \"description\": \"offshore c\u00e9g banksz\u00e1mla nyit\u00e1s\",\n\t            \"breadcrumb\": {\n\t                \"@id\": \"https:\/\/orderoffshore.com\/offshore-bankszamlanyitas-uzleti-terv\/#breadcrumb\"\n\t            },\n\t            \"inLanguage\": \"ru-RU\",\n\t            \"potentialAction\": [\n\t                {\n\t                    \"@type\": \"ReadAction\",\n\t                    \"target\": [\n\t                        \"https:\/\/orderoffshore.com\/offshore-bankszamlanyitas-uzleti-terv\/\"\n\t                    ]\n\t                }\n\t            ]\n\t        },\n\t        {\n\t            \"@type\": \"BreadcrumbList\",\n\t            \"@id\": \"https:\/\/orderoffshore.com\/offshore-bankszamlanyitas-uzleti-terv\/#breadcrumb\",\n\t            \"itemListElement\": [\n\t                {\n\t                    \"@type\": \"ListItem\",\n\t                    \"position\": 1,\n\t                    \"name\": \"Kezd\u0151lap\",\n\t                    \"item\": \"https:\/\/orderoffshore.com\/\"\n\t                },\n\t                {\n\t                    \"@type\": \"ListItem\",\n\t                    \"position\": 2,\n\t                    \"name\": \"Offshore banksz\u00e1mlanyit\u00e1s &#8211; \u00dczleti terv\"\n\t                }\n\t            ]\n\t        },\n\t        {\n\t            \"@type\": \"WebSite\",\n\t            \"@id\": \"https:\/\/orderoffshore.com\/#website\",\n\t            \"url\": \"https:\/\/orderoffshore.com\/\",\n\t            \"name\": \"Order Offshore\",\n\t            \"description\": \"C\u00e9galap\u00edt\u00e1s, v\u00edzum \u00e9s banksz\u00e1mla l\u00e9trehoz\u00e1s\",\n\t            \"publisher\": {\n\t                \"@id\": \"https:\/\/orderoffshore.com\/#organization\"\n\t            },\n\t            \"potentialAction\": [\n\t                {\n\t                    \"@type\": \"SearchAction\",\n\t                    \"target\": {\n\t                        \"@type\": \"EntryPoint\",\n\t                        \"urlTemplate\": \"https:\/\/orderoffshore.com\/?s={search_term_string}\"\n\t                    },\n\t                    \"query-input\": \"required name=search_term_string\"\n\t                }\n\t            ],\n\t            \"inLanguage\": \"ru-RU\"\n\t        },\n\t        {\n\t            \"@type\": \"Organization\",\n\t            \"@id\": \"https:\/\/orderoffshore.com\/#organization\",\n\t            \"name\": \"Order Offshore\",\n\t            \"url\": \"https:\/\/orderoffshore.com\/\",\n\t            \"logo\": {\n\t                \"@type\": \"ImageObject\",\n\t                \"inLanguage\": \"ru-RU\",\n\t                \"@id\": \"https:\/\/orderoffshore.com\/#\/schema\/logo\/image\/\",\n\t                \"url\": \"https:\/\/orderoffshore.com\/wp-content\/uploads\/2014\/11\/orderofshore_logo1.png\",\n\t                \"contentUrl\": \"https:\/\/orderoffshore.com\/wp-content\/uploads\/2014\/11\/orderofshore_logo1.png\",\n\t                \"width\": 250,\n\t                \"height\": 80,\n\t                \"caption\": \"Order Offshore\"\n\t            },\n\t            \"image\": {\n\t                \"@id\": \"https:\/\/orderoffshore.com\/#\/schema\/logo\/image\/\"\n\t            }\n\t        }\n\t    ]\n\t}<\/script>\n<!-- \/ Yoast SEO Premium plugin. -->","yoast_head_json":{"title":"Offshore banksz\u00e1mlanyit\u00e1s - \u00dczleti terv","description":"offshore c\u00e9g banksz\u00e1mla nyit\u00e1s","robots":{"index":"index","follow":"follow","max-snippet":"max-snippet:-1","max-image-preview":"max-image-preview:large","max-video-preview":"max-video-preview:-1"},"canonical":"https:\/\/orderoffshore.com\/ru\/offshore-bankszamlanyitas-uzleti-terv\/","og_locale":"ru_RU","og_type":"article","og_title":"Offshore banksz\u00e1mlanyit\u00e1s - \u00dczleti terv","og_description":"offshore c\u00e9g banksz\u00e1mla nyit\u00e1s","og_url":"https:\/\/orderoffshore.com\/ru\/offshore-bankszamlanyitas-uzleti-terv\/","og_site_name":"Offshore C\u00e9galap\u00edt\u00e1s","twitter_card":"summary_large_image","twitter_misc":{"\u041f\u0440\u0438\u043c\u0435\u0440\u043d\u043e\u0435 \u0432\u0440\u0435\u043c\u044f \u0434\u043b\u044f \u0447\u0442\u0435\u043d\u0438\u044f":"1 \u043c\u0438\u043d\u0443\u0442\u0430"},"schema":{"@context":"https:\/\/schema.org","@graph":[{"@type":"WebPage","@id":"https:\/\/orderoffshore.com\/offshore-bankszamlanyitas-uzleti-terv\/","url":"https:\/\/orderoffshore.com\/offshore-bankszamlanyitas-uzleti-terv\/","name":"Offshore banksz\u00e1mlanyit\u00e1s - \u00dczleti terv","isPartOf":{"@id":"https:\/\/orderoffshore.com\/#website"},"datePublished":"2015-04-10T14:44:10+00:00","dateModified":"2015-04-10T14:44:10+00:00","description":"offshore c\u00e9g banksz\u00e1mla nyit\u00e1s","breadcrumb":{"@id":"https:\/\/orderoffshore.com\/offshore-bankszamlanyitas-uzleti-terv\/#breadcrumb"},"inLanguage":"ru-RU","potentialAction":[{"@type":"ReadAction","target":["https:\/\/orderoffshore.com\/offshore-bankszamlanyitas-uzleti-terv\/"]}]},{"@type":"BreadcrumbList","@id":"https:\/\/orderoffshore.com\/offshore-bankszamlanyitas-uzleti-terv\/#breadcrumb","itemListElement":[{"@type":"ListItem","position":1,"name":"Kezd\u0151lap","item":"https:\/\/orderoffshore.com\/"},{"@type":"ListItem","position":2,"name":"Offshore banksz\u00e1mlanyit\u00e1s &#8211; \u00dczleti terv"}]},{"@type":"WebSite","@id":"https:\/\/orderoffshore.com\/#website","url":"https:\/\/orderoffshore.com\/","name":"Order Offshore","description":"C\u00e9galap\u00edt\u00e1s, v\u00edzum \u00e9s banksz\u00e1mla l\u00e9trehoz\u00e1s","publisher":{"@id":"https:\/\/orderoffshore.com\/#organization"},"potentialAction":[{"@type":"SearchAction","target":{"@type":"EntryPoint","urlTemplate":"https:\/\/orderoffshore.com\/?s={search_term_string}"},"query-input":"required name=search_term_string"}],"inLanguage":"ru-RU"},{"@type":"Organization","@id":"https:\/\/orderoffshore.com\/#organization","name":"Order Offshore","url":"https:\/\/orderoffshore.com\/","logo":{"@type":"ImageObject","inLanguage":"ru-RU","@id":"https:\/\/orderoffshore.com\/#\/schema\/logo\/image\/","url":"https:\/\/orderoffshore.com\/wp-content\/uploads\/2014\/11\/orderofshore_logo1.png","contentUrl":"https:\/\/orderoffshore.com\/wp-content\/uploads\/2014\/11\/orderofshore_logo1.png","width":250,"height":80,"caption":"Order Offshore"},"image":{"@id":"https:\/\/orderoffshore.com\/#\/schema\/logo\/image\/"}}]}},"_links":{"self":[{"href":"https:\/\/orderoffshore.com\/ru\/wp-json\/wp\/v2\/pages\/248"}],"collection":[{"href":"https:\/\/orderoffshore.com\/ru\/wp-json\/wp\/v2\/pages"}],"about":[{"href":"https:\/\/orderoffshore.com\/ru\/wp-json\/wp\/v2\/types\/page"}],"author":[{"embeddable":true,"href":"https:\/\/orderoffshore.com\/ru\/wp-json\/wp\/v2\/users\/2"}],"replies":[{"embeddable":true,"href":"https:\/\/orderoffshore.com\/ru\/wp-json\/wp\/v2\/comments?post=248"}],"version-history":[{"count":1,"href":"https:\/\/orderoffshore.com\/ru\/wp-json\/wp\/v2\/pages\/248\/revisions"}],"predecessor-version":[{"id":249,"href":"https:\/\/orderoffshore.com\/ru\/wp-json\/wp\/v2\/pages\/248\/revisions\/249"}],"wp:attachment":[{"href":"https:\/\/orderoffshore.com\/ru\/wp-json\/wp\/v2\/media?parent=248"}],"curies":[{"name":"wp","href":"https:\/\/api.w.org\/{rel}","templated":true}]}}