{"id":313,"date":"2019-12-06T21:50:14","date_gmt":"2019-12-06T21:50:14","guid":{"rendered":"http:\/\/orderoffshore.com\/?page_id=313"},"modified":"2023-05-08T10:23:26","modified_gmt":"2023-05-08T10:23:26","slug":"maganszamlagruziaban","status":"publish","type":"page","link":"https:\/\/orderoffshore.com\/ru\/maganszamlagruziaban\/","title":{"rendered":"Offshore Priv\u00e1t sz\u00e1mla &#8211; Bankinform\u00e1ci\u00f3ink val\u00f3s titokban tart\u00e1s\u00e1ra"},"content":{"rendered":"<p>Manaps\u00e1g a vil\u00e1g sz\u00e1mos r\u00e9sz\u00e9n &#8211; jelenleg 110 orsz\u00e1gban (ez a sz\u00e1m lassulva ugyen, de folyamatosan b\u0151v\u00fcl) &#8211; k\u00f6ztudottan a bankok inform\u00e1ci\u00f3kat gy\u0171jtenek \u00e9s tov\u00e1bb\u00edtanak az ad\u00f3hivatalok fel\u00e9. A bankok a CRS (Common Report Standart) szerint meg\u00e1llap\u00edtj\u00e1k az ad\u00f3illet\u0151s\u00e9get \u00e9s ennek megfelel\u0151en minden \u00e9v j\u00fanius 30-ig meg is k\u00fcldik az illet\u00e9kes ad\u00f3hivatal r\u00e9sz\u00e9re a megel\u0151z\u0151 napt\u00e1ri \u00e9v adatait. A gyakorlatban ez annyit jelent, hogy a bankok \u00e9s az ad\u00f3hivatalok k\u00f6z\u00f6tt \u00e9vente egyszer egy egyoldal\u00fa adatk\u00fcld\u00e9s val\u00f3sul meg. Ez azonban akkora mennyis\u00e9g\u0171 adatt\u00f6meget jelent az egyes ad\u00f3hivatalok sz\u00e1m\u00e1ra, amekkor\u00e1t val\u00f3sz\u00edn\u0171s\u00edthet\u0151en \u00e9rdemben nem \u00e1ll m\u00f3djukban m\u00e9g teljes m\u00e9rt\u00e9kben feldolgozni. Ebben az\u00e9rt nem lehet\u00fcnk teljesen biztosak \u00e9s erre nem alapozhatjuk teljes m\u00e9rt\u00e9kben bankol\u00e1sunkat. Fontos megjegyezn\u00fcnk azonban, hogy jelenleg ezek a p\u00e9nzek, hacsak nem b\u0171ncselekm\u00e9nyb\u0151l sz\u00e1rmaznak, nem v\u00e9grehajtat\u00f3ak illetve csak nagyon nehezen.<\/p>\n<p>De mi\u00e9rt is huzogatn\u00e1nk a macska bajsz\u00e1t, amennyiben megoldhat\u00f3, hogy a banki adataink ne ker\u00fcljenek ki kezeink k\u00f6z\u00fcl?! Olyan priv\u00e1t offshore sz\u00e1mla megnyit\u00e1s\u00e1t aj\u00e1nljuk partnereink r\u00e9sz\u00e9re, amely lehet\u0151v\u00e9 teszi a banki adatok titokban tart\u00e1s\u00e1t. Egyedi aj\u00e1nlatunk gr\u00faziai banksz\u00e1mla nyit\u00e1sa, mivel Gr\u00fazia nem tartozik a fent eml\u00edtett 110 orsz\u00e1g k\u00f6z\u00e9 \u00e9s jelenleg nincs is arra vonatkoz\u00f3 inform\u00e1ci\u00f3nk, hogy csatlakozni k\u00edv\u00e1nn\u00e1nak a rendszerhez. Ugyanakkor kedvez\u0151 \u00e1ron lehet bankolni, magas k\u00e9szp\u00e9nzfelv\u00e9teli limitet biztos\u00edt, online lehet bankolni \u00e9s term\u00e9szetesen ugyan\u00fagy mint b\u00e1rhol m\u00e1shol bankk\u00e1rtya is j\u00e1r a banksz\u00e1ml\u00e1hoz. Partnereink sz\u00e1m\u00e1ra egyed\u00fcl\u00e1ll\u00f3 lehet\u0151s\u00e9gk\u00e9nt k\u00edn\u00e1ljuk gr\u00faziai banksz\u00e1mla nyit\u00e1s\u00e1t irod\u00e1nk gr\u00faz \u00fcgyv\u00e9dj\u00e9nek meghatalamaz\u00e1s\u00e1val. \u00cdgy kiutaz\u00e1s n\u00e9lk\u00fcl, k\u00e9nyelmesen \u00e9s k\u00f6lts\u00e9ghat\u00e9konyan tehet szert priv\u00e1t banksz\u00e1ml\u00e1ra. Term\u00e9szetesen a sz\u00e1mla megnyit\u00e1s\u00e1t k\u00f6vet\u0151en az \u00fcgyv\u00e9d a banksz\u00e1mla felett nem rendelkezik, megbizat\u00e1sa csak a sz\u00e1mla l\u00e9trehoz\u00e1s\u00e1ra sz\u00f3l.<\/p>","protected":false},"excerpt":{"rendered":"<p>Manaps\u00e1g a vil\u00e1g sz\u00e1mos r\u00e9sz\u00e9n &#8211; jelenleg 110 orsz\u00e1gban (ez a sz\u00e1m lassulva ugyen, de folyamatosan b\u0151v\u00fcl) &#8211; k\u00f6ztudottan a bankok inform\u00e1ci\u00f3kat gy\u0171jtenek \u00e9s tov\u00e1bb\u00edtanak az ad\u00f3hivatalok fel\u00e9. A bankok a CRS (Common Report Standart) szerint meg\u00e1llap\u00edtj\u00e1k az ad\u00f3illet\u0151s\u00e9get \u00e9s ennek megfelel\u0151en minden \u00e9v j\u00fanius 30-ig meg is k\u00fcldik az illet\u00e9kes ad\u00f3hivatal r\u00e9sz\u00e9re a megel\u0151z\u0151 [&hellip;]<\/p>","protected":false},"author":2,"featured_media":0,"parent":0,"menu_order":0,"comment_status":"closed","ping_status":"closed","template":"","meta":{"footnotes":""},"yoast_head":"<!-- This site is optimized with the Yoast SEO Premium plugin v21.5 (Yoast SEO v21.5) - https:\/\/yoast.com\/wordpress\/plugins\/seo\/ -->\n<title>Offshore Priv\u00e1t sz\u00e1mla - Bankinform\u00e1ci\u00f3ink val\u00f3s titokban tart\u00e1s\u00e1ra - Offshore C\u00e9galap\u00edt\u00e1s<\/title>\n<meta name=\"robots\" content=\"index, follow, max-snippet:-1, max-image-preview:large, max-video-preview:-1\" \/>\n<link rel=\"canonical\" href=\"https:\/\/orderoffshore.com\/ru\/maganszamlagruziaban\/\" \/>\n<meta property=\"og:locale\" content=\"ru_RU\" \/>\n<meta property=\"og:type\" content=\"article\" \/>\n<meta property=\"og:title\" content=\"Offshore Priv\u00e1t sz\u00e1mla - Bankinform\u00e1ci\u00f3ink val\u00f3s titokban tart\u00e1s\u00e1ra\" \/>\n<meta property=\"og:description\" content=\"Manaps\u00e1g a vil\u00e1g sz\u00e1mos r\u00e9sz\u00e9n &#8211; jelenleg 110 orsz\u00e1gban (ez a sz\u00e1m lassulva ugyen, de folyamatosan b\u0151v\u00fcl) &#8211; k\u00f6ztudottan a bankok inform\u00e1ci\u00f3kat gy\u0171jtenek \u00e9s tov\u00e1bb\u00edtanak az ad\u00f3hivatalok fel\u00e9. A bankok a CRS (Common Report Standart) szerint meg\u00e1llap\u00edtj\u00e1k az ad\u00f3illet\u0151s\u00e9get \u00e9s ennek megfelel\u0151en minden \u00e9v j\u00fanius 30-ig meg is k\u00fcldik az illet\u00e9kes ad\u00f3hivatal r\u00e9sz\u00e9re a megel\u0151z\u0151 [&hellip;]\" \/>\n<meta property=\"og:url\" content=\"https:\/\/orderoffshore.com\/ru\/maganszamlagruziaban\/\" \/>\n<meta property=\"og:site_name\" content=\"Offshore C\u00e9galap\u00edt\u00e1s\" \/>\n<meta property=\"article:modified_time\" content=\"2023-05-08T10:23:26+00:00\" \/>\n<meta name=\"twitter:card\" content=\"summary_large_image\" \/>\n<meta name=\"twitter:label1\" content=\"\u041f\u0440\u0438\u043c\u0435\u0440\u043d\u043e\u0435 \u0432\u0440\u0435\u043c\u044f \u0434\u043b\u044f \u0447\u0442\u0435\u043d\u0438\u044f\" \/>\n\t<meta name=\"twitter:data1\" content=\"2 \u043c\u0438\u043d\u0443\u0442\u044b\" \/>\n<script type=\"application\/ld+json\" class=\"yoast-schema-graph\">{\n\t    \"@context\": \"https:\/\/schema.org\",\n\t    \"@graph\": [\n\t        {\n\t            \"@type\": \"WebPage\",\n\t            \"@id\": \"https:\/\/orderoffshore.com\/maganszamlagruziaban\/\",\n\t            \"url\": \"https:\/\/orderoffshore.com\/maganszamlagruziaban\/\",\n\t            \"name\": \"Offshore Priv\u00e1t sz\u00e1mla - Bankinform\u00e1ci\u00f3ink val\u00f3s titokban tart\u00e1s\u00e1ra - Offshore C\u00e9galap\u00edt\u00e1s\",\n\t            \"isPartOf\": {\n\t                \"@id\": \"https:\/\/orderoffshore.com\/#website\"\n\t            },\n\t            \"datePublished\": \"2019-12-06T21:50:14+00:00\",\n\t            \"dateModified\": \"2023-05-08T10:23:26+00:00\",\n\t            \"breadcrumb\": {\n\t                \"@id\": \"https:\/\/orderoffshore.com\/maganszamlagruziaban\/#breadcrumb\"\n\t            },\n\t            \"inLanguage\": \"ru-RU\",\n\t            \"potentialAction\": [\n\t                {\n\t                    \"@type\": \"ReadAction\",\n\t                    \"target\": [\n\t                        \"https:\/\/orderoffshore.com\/maganszamlagruziaban\/\"\n\t                    ]\n\t                }\n\t            ]\n\t        },\n\t        {\n\t            \"@type\": \"BreadcrumbList\",\n\t            \"@id\": \"https:\/\/orderoffshore.com\/maganszamlagruziaban\/#breadcrumb\",\n\t            \"itemListElement\": [\n\t                {\n\t                    \"@type\": \"ListItem\",\n\t                    \"position\": 1,\n\t                    \"name\": \"Kezd\u0151lap\",\n\t                    \"item\": \"https:\/\/orderoffshore.com\/\"\n\t                },\n\t                {\n\t                    \"@type\": \"ListItem\",\n\t                    \"position\": 2,\n\t                    \"name\": \"Offshore Priv\u00e1t sz\u00e1mla &#8211; Bankinform\u00e1ci\u00f3ink val\u00f3s titokban tart\u00e1s\u00e1ra\"\n\t                }\n\t            ]\n\t        },\n\t        {\n\t            \"@type\": \"WebSite\",\n\t            \"@id\": \"https:\/\/orderoffshore.com\/#website\",\n\t            \"url\": \"https:\/\/orderoffshore.com\/\",\n\t            \"name\": \"Order Offshore\",\n\t            \"description\": \"C\u00e9galap\u00edt\u00e1s, v\u00edzum \u00e9s banksz\u00e1mla l\u00e9trehoz\u00e1s\",\n\t            \"publisher\": {\n\t                \"@id\": \"https:\/\/orderoffshore.com\/#organization\"\n\t            },\n\t            \"potentialAction\": [\n\t                {\n\t                    \"@type\": \"SearchAction\",\n\t                    \"target\": {\n\t                        \"@type\": \"EntryPoint\",\n\t                        \"urlTemplate\": \"https:\/\/orderoffshore.com\/?s={search_term_string}\"\n\t                    },\n\t                    \"query-input\": \"required name=search_term_string\"\n\t                }\n\t            ],\n\t            \"inLanguage\": \"ru-RU\"\n\t        },\n\t        {\n\t            \"@type\": \"Organization\",\n\t            \"@id\": \"https:\/\/orderoffshore.com\/#organization\",\n\t            \"name\": \"Order Offshore\",\n\t            \"url\": \"https:\/\/orderoffshore.com\/\",\n\t            \"logo\": {\n\t                \"@type\": \"ImageObject\",\n\t                \"inLanguage\": \"ru-RU\",\n\t                \"@id\": \"https:\/\/orderoffshore.com\/#\/schema\/logo\/image\/\",\n\t                \"url\": \"https:\/\/orderoffshore.com\/wp-content\/uploads\/2014\/11\/orderofshore_logo1.png\",\n\t                \"contentUrl\": \"https:\/\/orderoffshore.com\/wp-content\/uploads\/2014\/11\/orderofshore_logo1.png\",\n\t                \"width\": 250,\n\t                \"height\": 80,\n\t                \"caption\": \"Order Offshore\"\n\t            },\n\t            \"image\": {\n\t                \"@id\": \"https:\/\/orderoffshore.com\/#\/schema\/logo\/image\/\"\n\t            }\n\t        }\n\t    ]\n\t}<\/script>\n<!-- \/ Yoast SEO Premium plugin. -->","yoast_head_json":{"title":"Offshore Priv\u00e1t sz\u00e1mla - Bankinform\u00e1ci\u00f3ink val\u00f3s titokban tart\u00e1s\u00e1ra - Offshore C\u00e9galap\u00edt\u00e1s","robots":{"index":"index","follow":"follow","max-snippet":"max-snippet:-1","max-image-preview":"max-image-preview:large","max-video-preview":"max-video-preview:-1"},"canonical":"https:\/\/orderoffshore.com\/ru\/maganszamlagruziaban\/","og_locale":"ru_RU","og_type":"article","og_title":"Offshore Priv\u00e1t sz\u00e1mla - Bankinform\u00e1ci\u00f3ink val\u00f3s titokban tart\u00e1s\u00e1ra","og_description":"Manaps\u00e1g a vil\u00e1g sz\u00e1mos r\u00e9sz\u00e9n &#8211; jelenleg 110 orsz\u00e1gban (ez a sz\u00e1m lassulva ugyen, de folyamatosan b\u0151v\u00fcl) &#8211; k\u00f6ztudottan a bankok inform\u00e1ci\u00f3kat gy\u0171jtenek \u00e9s tov\u00e1bb\u00edtanak az ad\u00f3hivatalok fel\u00e9. A bankok a CRS (Common Report Standart) szerint meg\u00e1llap\u00edtj\u00e1k az ad\u00f3illet\u0151s\u00e9get \u00e9s ennek megfelel\u0151en minden \u00e9v j\u00fanius 30-ig meg is k\u00fcldik az illet\u00e9kes ad\u00f3hivatal r\u00e9sz\u00e9re a megel\u0151z\u0151 [&hellip;]","og_url":"https:\/\/orderoffshore.com\/ru\/maganszamlagruziaban\/","og_site_name":"Offshore C\u00e9galap\u00edt\u00e1s","article_modified_time":"2023-05-08T10:23:26+00:00","twitter_card":"summary_large_image","twitter_misc":{"\u041f\u0440\u0438\u043c\u0435\u0440\u043d\u043e\u0435 \u0432\u0440\u0435\u043c\u044f \u0434\u043b\u044f \u0447\u0442\u0435\u043d\u0438\u044f":"2 \u043c\u0438\u043d\u0443\u0442\u044b"},"schema":{"@context":"https:\/\/schema.org","@graph":[{"@type":"WebPage","@id":"https:\/\/orderoffshore.com\/maganszamlagruziaban\/","url":"https:\/\/orderoffshore.com\/maganszamlagruziaban\/","name":"Offshore Priv\u00e1t sz\u00e1mla - Bankinform\u00e1ci\u00f3ink val\u00f3s titokban tart\u00e1s\u00e1ra - Offshore C\u00e9galap\u00edt\u00e1s","isPartOf":{"@id":"https:\/\/orderoffshore.com\/#website"},"datePublished":"2019-12-06T21:50:14+00:00","dateModified":"2023-05-08T10:23:26+00:00","breadcrumb":{"@id":"https:\/\/orderoffshore.com\/maganszamlagruziaban\/#breadcrumb"},"inLanguage":"ru-RU","potentialAction":[{"@type":"ReadAction","target":["https:\/\/orderoffshore.com\/maganszamlagruziaban\/"]}]},{"@type":"BreadcrumbList","@id":"https:\/\/orderoffshore.com\/maganszamlagruziaban\/#breadcrumb","itemListElement":[{"@type":"ListItem","position":1,"name":"Kezd\u0151lap","item":"https:\/\/orderoffshore.com\/"},{"@type":"ListItem","position":2,"name":"Offshore Priv\u00e1t sz\u00e1mla &#8211; Bankinform\u00e1ci\u00f3ink val\u00f3s titokban tart\u00e1s\u00e1ra"}]},{"@type":"WebSite","@id":"https:\/\/orderoffshore.com\/#website","url":"https:\/\/orderoffshore.com\/","name":"Order Offshore","description":"C\u00e9galap\u00edt\u00e1s, v\u00edzum \u00e9s banksz\u00e1mla l\u00e9trehoz\u00e1s","publisher":{"@id":"https:\/\/orderoffshore.com\/#organization"},"potentialAction":[{"@type":"SearchAction","target":{"@type":"EntryPoint","urlTemplate":"https:\/\/orderoffshore.com\/?s={search_term_string}"},"query-input":"required name=search_term_string"}],"inLanguage":"ru-RU"},{"@type":"Organization","@id":"https:\/\/orderoffshore.com\/#organization","name":"Order Offshore","url":"https:\/\/orderoffshore.com\/","logo":{"@type":"ImageObject","inLanguage":"ru-RU","@id":"https:\/\/orderoffshore.com\/#\/schema\/logo\/image\/","url":"https:\/\/orderoffshore.com\/wp-content\/uploads\/2014\/11\/orderofshore_logo1.png","contentUrl":"https:\/\/orderoffshore.com\/wp-content\/uploads\/2014\/11\/orderofshore_logo1.png","width":250,"height":80,"caption":"Order Offshore"},"image":{"@id":"https:\/\/orderoffshore.com\/#\/schema\/logo\/image\/"}}]}},"_links":{"self":[{"href":"https:\/\/orderoffshore.com\/ru\/wp-json\/wp\/v2\/pages\/313"}],"collection":[{"href":"https:\/\/orderoffshore.com\/ru\/wp-json\/wp\/v2\/pages"}],"about":[{"href":"https:\/\/orderoffshore.com\/ru\/wp-json\/wp\/v2\/types\/page"}],"author":[{"embeddable":true,"href":"https:\/\/orderoffshore.com\/ru\/wp-json\/wp\/v2\/users\/2"}],"replies":[{"embeddable":true,"href":"https:\/\/orderoffshore.com\/ru\/wp-json\/wp\/v2\/comments?post=313"}],"version-history":[{"count":2,"href":"https:\/\/orderoffshore.com\/ru\/wp-json\/wp\/v2\/pages\/313\/revisions"}],"predecessor-version":[{"id":315,"href":"https:\/\/orderoffshore.com\/ru\/wp-json\/wp\/v2\/pages\/313\/revisions\/315"}],"wp:attachment":[{"href":"https:\/\/orderoffshore.com\/ru\/wp-json\/wp\/v2\/media?parent=313"}],"curies":[{"name":"wp","href":"https:\/\/api.w.org\/{rel}","templated":true}]}}