{"id":55,"date":"2014-11-06T13:52:32","date_gmt":"2014-11-06T13:52:32","guid":{"rendered":"http:\/\/localhost\/orderoffhore\/?page_id=55"},"modified":"2023-05-30T21:52:35","modified_gmt":"2023-05-30T21:52:35","slug":"offshore-cegalapitas","status":"publish","type":"page","link":"https:\/\/orderoffshore.com\/ru\/","title":{"rendered":"\u0424\u043e\u0440\u043c\u0438\u0440\u043e\u0432\u0430\u043d\u0438\u0435 \u043e\u0444\u0444\u0448\u043e\u0440\u043d\u043e\u0439 \u043a\u043e\u043c\u043f\u0430\u043d\u0438\u0438"},"content":{"rendered":"<h1>\u0424\u043e\u0440\u043c\u0438\u0440\u043e\u0432\u0430\u043d\u0438\u0435 \u043e\u0444\u0444\u0448\u043e\u0440\u043d\u043e\u0439 \u043a\u043e\u043c\u043f\u0430\u043d\u0438\u0438<\/h1>\n<p><img fetchpriority=\"high\" decoding=\"async\" class=\"aligncenter size-full wp-image-877\" src=\"https:\/\/orderoffshore.com\/wp-content\/uploads\/2014\/11\/welcome_orderoffshore_tropical_dollar-2.jpeg\" alt=\"\u0441\u043e\u0437\u0434\u0430\u043d\u0438\u0435 \u043e\u0444\u0444\u0448\u043e\u0440\u043d\u043e\u0439 \u043a\u043e\u043c\u043f\u0430\u043d\u0438\u0438\" width=\"560\" height=\"271\" \/><\/p>\n<p>Az offshore c\u00e9galap\u00edt\u00e1s l\u00e9nyege, hogy a c\u00e9g a kiv\u00e1lasztott offshore orsz\u00e1g ad\u00f3rendszer\u00e9ben ad\u00f3zik, ezzel j\u00f3csk\u00e1n megtakar\u00edt j\u00f6vedelm\u00e9b\u0151l. Ez nem csal\u00e1s, nem \u201ekiskapu\u201d, b\u00e1rkinek lehet\u0151s\u00e9ge van kihaszn\u00e1lni az offshore ny\u00fajtotta lehet\u0151s\u00e9geket.<\/p>\n<p>Az offshore c\u00e9g alap\u00edt\u00e1s\u00e1nak f\u0151 felt\u00e9tele, hogy a kiv\u00e1lasztott orsz\u00e1gba csak vagyonukat helyezi ki az alap\u00edt\u00f3 vagy az alap\u00edt\u00f3 tagok csoportja, vagyis a c\u00e9g gazdas\u00e1gi tev\u00e9kenys\u00e9g\u00e9t &#8211; azaz a termel\u00e9st, elad\u00e1st, v\u00e1s\u00e1rl\u00e1st \u2013 nem az adott offshore orsz\u00e1g ter\u00fclet\u00e9n v\u00e9gzik. Teh\u00e1t az offshore c\u00e9gnek csak a sz\u00e9khelye van az adott offshore \u00e1llam ter\u00fclet\u00e9n. \u00cdgy az offshore c\u00e9g, illetve a k\u00fclf\u00f6ldi orsz\u00e1gban alap\u00edtott t\u00e1rsas\u00e1g nem azonos; az offshore c\u00e9g egy teljesen k\u00fcl\u00f6n \u00e1ll\u00f3, jogilag is k\u00fcl\u00f6n szab\u00e1lyozott t\u00e1rsas\u00e1g. Az offshore c\u00e9gek ilyen form\u00e1ban tudj\u00e1k \u00e9lvezni az orsz\u00e1g ad\u00f3z\u00e1s\u00e1nak pozit\u00edvumait.<\/p>\n<h2>\u041f\u0440\u0435\u0438\u043c\u0443\u0449\u0435\u0441\u0442\u0432\u0430 \u043e\u0442\u043a\u0440\u044b\u0442\u0438\u044f \u043e\u0444\u0444\u0448\u043e\u0440\u043d\u043e\u0433\u043e \u0431\u0438\u0437\u043d\u0435\u0441\u0430<\/h2>\n<p>\u041e\u0441\u043d\u043e\u0432\u043d\u043e\u0435 \u043f\u0440\u0435\u0438\u043c\u0443\u0449\u0435\u0441\u0442\u0432\u043e \u043e\u0444\u0444\u0448\u043e\u0440\u043d\u043e\u0439 \u0440\u0435\u0433\u0438\u0441\u0442\u0440\u0430\u0446\u0438\u0438 \u0437\u0430\u043a\u043b\u044e\u0447\u0430\u0435\u0442\u0441\u044f \u0432 \u0442\u043e\u043c, \u0447\u0442\u043e \u0432 \u0431\u043e\u043b\u044c\u0448\u0438\u043d\u0441\u0442\u0432\u0435 \u0441\u043b\u0443\u0447\u0430\u0435\u0432 \u043e\u0444\u0444\u0448\u043e\u0440\u043d\u044b\u0435 \u043a\u043e\u043c\u043f\u0430\u043d\u0438\u0438 \u0432 \u044d\u0442\u0438\u0445 \u0441\u0442\u0440\u0430\u043d\u0430\u0445 \u043d\u0435 \u043e\u0431\u043b\u0430\u0433\u0430\u044e\u0442\u0441\u044f \u043a\u043e\u0440\u043f\u043e\u0440\u0430\u0442\u0438\u0432\u043d\u044b\u043c\u0438 \u0438 \u0434\u0440\u0443\u0433\u0438\u043c\u0438 \u043d\u0430\u043b\u043e\u0433\u0430\u043c\u0438, \u0430 \u043b\u0438\u0448\u044c \u043f\u043b\u0430\u0442\u044f\u0442 \u043c\u0438\u043d\u0438\u043c\u0430\u043b\u044c\u043d\u044b\u0439 \u0435\u0436\u0435\u0433\u043e\u0434\u043d\u044b\u0439 \u0441\u0431\u043e\u0440.<\/p>\n<p>M\u00e1sik fontos\u00a0\u00e9rv az offshore c\u00e9galap\u00edt\u00e1s mellett, hogy jogilag egyszer\u0171bb, ugyanakkor szab\u00e1lyozott rendszerekr\u0151l van sz\u00f3. Az adminisztr\u00e1ci\u00f3s folyamatok ler\u00f6vid\u00fclnek. Nincs felesleges pap\u00edrmunka. Az offshore v\u00e1llalatokkal szemben ezekben az orsz\u00e1gokban m\u00e1s-m\u00e1s elv\u00e1r\u00e1sok vannak. A legt\u00f6bb k\u00fcl\u00f6nbs\u00e9g az adatszolg\u00e1ltat\u00e1sban \u00e9s a c\u00e9ginform\u00e1ci\u00f3k el\u00e9rhet\u0151s\u00e9g\u00e9ben van. De ezek az \u00e1llamok az offshore c\u00e9geknek l\u00e9nyegesen kedvez\u0151bb felt\u00e9teleket teremtenek, mint a helyi v\u00e1llalatoknak.<\/p>\n<p>Az el\u0151ny\u00f6k k\u00f6z\u00f6tt az egyik legfontosabb az anonimit\u00e1s. Az offshore \u00e1llamok, \u00e9s egyben az offshore c\u00e9gek szempontj\u00e1b\u00f3l is rendk\u00edv\u00fcl fontos az adatv\u00e9delem, melyet az offshore ter\u00fcletek titokv\u00e9delmi rendszere biztos\u00edt. Nemcsak az \u00fczleti adatok v\u00e9delm\u00e9t tartj\u00e1k szem\u00fck el\u0151tt, de nagy figyelmet szentelnek a szem\u00e9lyes adatok meg\u00f3v\u00e1s\u00e1ra is.<\/p>\n<p>\u041d\u0430\u0438\u0431\u043e\u043b\u0435\u0435 \u043f\u043e\u043f\u0443\u043b\u044f\u0440\u043d\u044b\u043c\u0438 \u043e\u0444\u0444\u0448\u043e\u0440\u043d\u044b\u043c\u0438 \u0441\u0442\u0440\u0430\u043d\u0430\u043c\u0438, \u0442\u0430\u043a \u043d\u0430\u0437\u044b\u0432\u0430\u0435\u043c\u044b\u043c\u0438 \"\u043d\u0430\u043b\u043e\u0433\u043e\u0432\u044b\u043c\u0438 \u0433\u0430\u0432\u0430\u043d\u044f\u043c\u0438\", \u044f\u0432\u043b\u044f\u044e\u0442\u0441\u044f \u0410\u043d\u0433\u0438\u043b\u044c\u044f, \u0411\u0440\u0438\u0442\u0430\u043d\u0441\u043a\u0438\u0435 \u0412\u0438\u0440\u0433\u0438\u043d\u0441\u043a\u0438\u0435 \u043e\u0441\u0442\u0440\u043e\u0432\u0430 (\u0411\u0412\u041e), \u0411\u0435\u043b\u0438\u0437, \u0414\u043e\u043c\u0438\u043d\u0438\u043a\u0430, \u0421\u0435\u043d\u0442-\u041a\u0438\u0442\u0441 \u0438 \u041d\u0435\u0432\u0438\u0441, \u0421\u0435\u0439\u0448\u0435\u043b\u044c\u0441\u043a\u0438\u0435 \u043e\u0441\u0442\u0440\u043e\u0432\u0430, \u041f\u0430\u043d\u0430\u043c\u0430, \u041a\u0438\u043f\u0440, \u0413\u0438\u0431\u0440\u0430\u043b\u0442\u0430\u0440, \u0414\u0436\u0435\u0440\u0441\u0438, \u041b\u0438\u0445\u0442\u0435\u043d\u0448\u0442\u0435\u0439\u043d. \u042d\u0442\u0438 \u043f\u0440\u0438\u043c\u0435\u0440\u044b \u043f\u043e\u043a\u0430\u0437\u044b\u0432\u0430\u044e\u0442, \u0447\u0442\u043e \u0432\u043e \u0432\u0441\u0435\u043c \u043c\u0438\u0440\u0435 - \u0432 \u041a\u0430\u0440\u0438\u0431\u0441\u043a\u043e\u043c \u0431\u0430\u0441\u0441\u0435\u0439\u043d\u0435, \u0410\u043c\u0435\u0440\u0438\u043a\u0435, \u0415\u0432\u0440\u043e\u043f\u0435 \u0438\u043b\u0438 \u0418\u043d\u0434\u0438\u0439\u0441\u043a\u043e\u043c \u043e\u043a\u0435\u0430\u043d\u0435 - \u0441\u0443\u0449\u0435\u0441\u0442\u0432\u0443\u044e\u0442 \u043f\u043e\u0442\u0435\u043d\u0446\u0438\u0430\u043b\u044c\u043d\u044b\u0435 \u043c\u0435\u0441\u0442\u0430, \u0433\u0434\u0435 \u043c\u043e\u0436\u043d\u043e \u0441\u043e\u0437\u0434\u0430\u0442\u044c \u043e\u0444\u0444\u0448\u043e\u0440\u043d\u044b\u0435 \u043a\u043e\u043c\u043f\u0430\u043d\u0438\u0438.<\/p>\n<p>Offshore c\u00e9g alap\u00edt\u00e1s\u00e1nak els\u0151 \u00e9s szinte legfontosabb l\u00e9p\u00e9se, \u00a0a c\u00e9g m\u0171k\u00f6d\u00e9s\u00e9nek meghat\u00e1roz\u00e1sa. Ez az\u00e9rt fontos, hogy a c\u00e9get a legide\u00e1lisabb helysz\u00ednen jegyezz\u00fck be az ad\u00f3z\u00e1si, jogi \u00e9s a titokv\u00e9delem szab\u00e1lyoz\u00e1sa alapj\u00e1n.<\/p>\n<p>\u00d6sszegezve teh\u00e1t az offshore c\u00e9gek alap\u00edt\u00e1s\u00e1nak f\u0151 oka a a kiv\u00e1lasztott offshore \u00e1llamot jellemz\u0151 minim\u00e1lis adminisztrat\u00edv \u00e9s egy\u00e9b k\u00f6vetelm\u00e9ny, a minim\u00e1lis, vagy nem is l\u00e9tez\u0151 ad\u00f3ztat\u00e1s \u00e9s k\u00f6telezetts\u00e9gek, illetve a rendk\u00edv\u00fcl fontos adatv\u00e9delmi rendszerek.<\/p>","protected":false},"excerpt":{"rendered":"<p>Offshore C\u00e9galap\u00edt\u00e1s Az offshore c\u00e9galap\u00edt\u00e1s l\u00e9nyege, hogy a c\u00e9g a kiv\u00e1lasztott offshore orsz\u00e1g ad\u00f3rendszer\u00e9ben ad\u00f3zik, ezzel j\u00f3csk\u00e1n megtakar\u00edt j\u00f6vedelm\u00e9b\u0151l. Ez nem csal\u00e1s, nem \u201ekiskapu\u201d, b\u00e1rkinek lehet\u0151s\u00e9ge van kihaszn\u00e1lni az offshore ny\u00fajtotta lehet\u0151s\u00e9geket. Az offshore c\u00e9g alap\u00edt\u00e1s\u00e1nak f\u0151 felt\u00e9tele, hogy a kiv\u00e1lasztott orsz\u00e1gba csak vagyonukat helyezi ki az alap\u00edt\u00f3 vagy az alap\u00edt\u00f3 tagok csoportja, vagyis a [&hellip;]<\/p>","protected":false},"author":2,"featured_media":0,"parent":0,"menu_order":0,"comment_status":"open","ping_status":"open","template":"","meta":{"footnotes":""},"yoast_head":"<!-- This site is optimized with the Yoast SEO Premium plugin v21.5 (Yoast SEO v21.5) - https:\/\/yoast.com\/wordpress\/plugins\/seo\/ -->\n<title>Offshore C\u00e9galap\u00edt\u00e1s - Offshore C\u00e9g Banksz\u00e1mlanyit\u00e1s<\/title>\n<meta name=\"description\" content=\"Az offshore c\u00e9galap\u00edt\u00e1s l\u00e9nyege, hogy a c\u00e9g a kiv\u00e1lasztott offshore orsz\u00e1g ad\u00f3rendszer\u00e9ben ad\u00f3zik, ezzel j\u00f3csk\u00e1n megtakar\u00edt j\u00f6vedelm\u00e9b\u0151l.\" \/>\n<meta name=\"robots\" content=\"index, follow, max-snippet:-1, max-image-preview:large, max-video-preview:-1\" \/>\n<link rel=\"canonical\" href=\"https:\/\/orderoffshore.com\/ru\/\" \/>\n<meta property=\"og:locale\" content=\"ru_RU\" \/>\n<meta property=\"og:type\" content=\"article\" \/>\n<meta property=\"og:title\" content=\"Offshore C\u00e9galap\u00edt\u00e1s\" \/>\n<meta property=\"og:description\" content=\"Az offshore c\u00e9galap\u00edt\u00e1s l\u00e9nyege, hogy a c\u00e9g a kiv\u00e1lasztott offshore orsz\u00e1g ad\u00f3rendszer\u00e9ben ad\u00f3zik, ezzel j\u00f3csk\u00e1n megtakar\u00edt j\u00f6vedelm\u00e9b\u0151l.\" \/>\n<meta property=\"og:url\" content=\"https:\/\/orderoffshore.com\/ru\/\" \/>\n<meta property=\"og:site_name\" content=\"Offshore C\u00e9galap\u00edt\u00e1s\" \/>\n<meta property=\"article:modified_time\" content=\"2023-05-30T21:52:35+00:00\" \/>\n<meta property=\"og:image\" content=\"https:\/\/orderoffshore.com\/wp-content\/uploads\/2014\/11\/welcome_orderoffshore_tropical_dollar-2.jpeg\" \/>\n<meta name=\"twitter:card\" content=\"summary_large_image\" \/>\n<meta name=\"twitter:label1\" content=\"\u041f\u0440\u0438\u043c\u0435\u0440\u043d\u043e\u0435 \u0432\u0440\u0435\u043c\u044f \u0434\u043b\u044f \u0447\u0442\u0435\u043d\u0438\u044f\" \/>\n\t<meta name=\"twitter:data1\" content=\"3 \u043c\u0438\u043d\u0443\u0442\u044b\" \/>\n<script type=\"application\/ld+json\" class=\"yoast-schema-graph\">{\n\t    \"@context\": \"https:\/\/schema.org\",\n\t    \"@graph\": [\n\t        {\n\t            \"@type\": \"WebPage\",\n\t            \"@id\": \"https:\/\/orderoffshore.com\/\",\n\t            \"url\": \"https:\/\/orderoffshore.com\/\",\n\t            \"name\": \"Offshore C\u00e9galap\u00edt\u00e1s - Offshore C\u00e9g Banksz\u00e1mlanyit\u00e1s\",\n\t            \"isPartOf\": {\n\t                \"@id\": \"https:\/\/orderoffshore.com\/#website\"\n\t            },\n\t            \"datePublished\": \"2014-11-06T13:52:32+00:00\",\n\t            \"dateModified\": \"2023-05-30T21:52:35+00:00\",\n\t            \"description\": \"Az offshore c\u00e9galap\u00edt\u00e1s l\u00e9nyege, hogy a c\u00e9g a kiv\u00e1lasztott offshore orsz\u00e1g ad\u00f3rendszer\u00e9ben ad\u00f3zik, ezzel j\u00f3csk\u00e1n megtakar\u00edt j\u00f6vedelm\u00e9b\u0151l.\",\n\t            \"breadcrumb\": {\n\t                \"@id\": \"https:\/\/orderoffshore.com\/#breadcrumb\"\n\t            },\n\t            \"inLanguage\": \"ru-RU\",\n\t            \"potentialAction\": [\n\t                {\n\t                    \"@type\": \"ReadAction\",\n\t                    \"target\": [\n\t                        \"https:\/\/orderoffshore.com\/\"\n\t                    ]\n\t                }\n\t            ]\n\t        },\n\t        {\n\t            \"@type\": \"BreadcrumbList\",\n\t            \"@id\": \"https:\/\/orderoffshore.com\/#breadcrumb\",\n\t            \"itemListElement\": [\n\t                {\n\t                    \"@type\": \"ListItem\",\n\t                    \"position\": 1,\n\t                    \"name\": \"Kezd\u0151lap\",\n\t                    \"item\": \"https:\/\/orderoffshore.com\/\"\n\t                },\n\t                {\n\t                    \"@type\": \"ListItem\",\n\t                    \"position\": 2,\n\t                    \"name\": \"Offshore C\u00e9galap\u00edt\u00e1s\"\n\t                }\n\t            ]\n\t        },\n\t        {\n\t            \"@type\": \"WebSite\",\n\t            \"@id\": \"https:\/\/orderoffshore.com\/#website\",\n\t            \"url\": \"https:\/\/orderoffshore.com\/\",\n\t            \"name\": \"Order Offshore\",\n\t            \"description\": \"C\u00e9galap\u00edt\u00e1s, v\u00edzum \u00e9s banksz\u00e1mla l\u00e9trehoz\u00e1s\",\n\t            \"publisher\": {\n\t                \"@id\": \"https:\/\/orderoffshore.com\/#organization\"\n\t            },\n\t            \"potentialAction\": [\n\t                {\n\t                    \"@type\": \"SearchAction\",\n\t                    \"target\": {\n\t                        \"@type\": \"EntryPoint\",\n\t                        \"urlTemplate\": \"https:\/\/orderoffshore.com\/?s={search_term_string}\"\n\t                    },\n\t                    \"query-input\": \"required name=search_term_string\"\n\t                }\n\t            ],\n\t            \"inLanguage\": \"ru-RU\"\n\t        },\n\t        {\n\t            \"@type\": \"Organization\",\n\t            \"@id\": \"https:\/\/orderoffshore.com\/#organization\",\n\t            \"name\": \"Order Offshore\",\n\t            \"url\": \"https:\/\/orderoffshore.com\/\",\n\t            \"logo\": {\n\t                \"@type\": \"ImageObject\",\n\t                \"inLanguage\": \"ru-RU\",\n\t                \"@id\": \"https:\/\/orderoffshore.com\/#\/schema\/logo\/image\/\",\n\t                \"url\": \"https:\/\/orderoffshore.com\/wp-content\/uploads\/2014\/11\/orderofshore_logo1.png\",\n\t                \"contentUrl\": \"https:\/\/orderoffshore.com\/wp-content\/uploads\/2014\/11\/orderofshore_logo1.png\",\n\t                \"width\": 250,\n\t                \"height\": 80,\n\t                \"caption\": \"Order Offshore\"\n\t            },\n\t            \"image\": {\n\t                \"@id\": \"https:\/\/orderoffshore.com\/#\/schema\/logo\/image\/\"\n\t            }\n\t        }\n\t    ]\n\t}<\/script>\n<!-- \/ Yoast SEO Premium plugin. -->","yoast_head_json":{"title":"Offshore C\u00e9galap\u00edt\u00e1s - Offshore C\u00e9g Banksz\u00e1mlanyit\u00e1s","description":"Az offshore c\u00e9galap\u00edt\u00e1s l\u00e9nyege, hogy a c\u00e9g a kiv\u00e1lasztott offshore orsz\u00e1g ad\u00f3rendszer\u00e9ben ad\u00f3zik, ezzel j\u00f3csk\u00e1n megtakar\u00edt j\u00f6vedelm\u00e9b\u0151l.","robots":{"index":"index","follow":"follow","max-snippet":"max-snippet:-1","max-image-preview":"max-image-preview:large","max-video-preview":"max-video-preview:-1"},"canonical":"https:\/\/orderoffshore.com\/ru\/","og_locale":"ru_RU","og_type":"article","og_title":"Offshore C\u00e9galap\u00edt\u00e1s","og_description":"Az offshore c\u00e9galap\u00edt\u00e1s l\u00e9nyege, hogy a c\u00e9g a kiv\u00e1lasztott offshore orsz\u00e1g ad\u00f3rendszer\u00e9ben ad\u00f3zik, ezzel j\u00f3csk\u00e1n megtakar\u00edt j\u00f6vedelm\u00e9b\u0151l.","og_url":"https:\/\/orderoffshore.com\/ru\/","og_site_name":"Offshore C\u00e9galap\u00edt\u00e1s","article_modified_time":"2023-05-30T21:52:35+00:00","og_image":[{"url":"https:\/\/orderoffshore.com\/wp-content\/uploads\/2014\/11\/welcome_orderoffshore_tropical_dollar-2.jpeg"}],"twitter_card":"summary_large_image","twitter_misc":{"\u041f\u0440\u0438\u043c\u0435\u0440\u043d\u043e\u0435 \u0432\u0440\u0435\u043c\u044f \u0434\u043b\u044f \u0447\u0442\u0435\u043d\u0438\u044f":"3 \u043c\u0438\u043d\u0443\u0442\u044b"},"schema":{"@context":"https:\/\/schema.org","@graph":[{"@type":"WebPage","@id":"https:\/\/orderoffshore.com\/","url":"https:\/\/orderoffshore.com\/","name":"Offshore C\u00e9galap\u00edt\u00e1s - Offshore C\u00e9g Banksz\u00e1mlanyit\u00e1s","isPartOf":{"@id":"https:\/\/orderoffshore.com\/#website"},"datePublished":"2014-11-06T13:52:32+00:00","dateModified":"2023-05-30T21:52:35+00:00","description":"Az offshore c\u00e9galap\u00edt\u00e1s l\u00e9nyege, hogy a c\u00e9g a kiv\u00e1lasztott offshore orsz\u00e1g ad\u00f3rendszer\u00e9ben ad\u00f3zik, ezzel j\u00f3csk\u00e1n megtakar\u00edt j\u00f6vedelm\u00e9b\u0151l.","breadcrumb":{"@id":"https:\/\/orderoffshore.com\/#breadcrumb"},"inLanguage":"ru-RU","potentialAction":[{"@type":"ReadAction","target":["https:\/\/orderoffshore.com\/"]}]},{"@type":"BreadcrumbList","@id":"https:\/\/orderoffshore.com\/#breadcrumb","itemListElement":[{"@type":"ListItem","position":1,"name":"Kezd\u0151lap","item":"https:\/\/orderoffshore.com\/"},{"@type":"ListItem","position":2,"name":"Offshore C\u00e9galap\u00edt\u00e1s"}]},{"@type":"WebSite","@id":"https:\/\/orderoffshore.com\/#website","url":"https:\/\/orderoffshore.com\/","name":"Order Offshore","description":"C\u00e9galap\u00edt\u00e1s, v\u00edzum \u00e9s banksz\u00e1mla l\u00e9trehoz\u00e1s","publisher":{"@id":"https:\/\/orderoffshore.com\/#organization"},"potentialAction":[{"@type":"SearchAction","target":{"@type":"EntryPoint","urlTemplate":"https:\/\/orderoffshore.com\/?s={search_term_string}"},"query-input":"required name=search_term_string"}],"inLanguage":"ru-RU"},{"@type":"Organization","@id":"https:\/\/orderoffshore.com\/#organization","name":"Order Offshore","url":"https:\/\/orderoffshore.com\/","logo":{"@type":"ImageObject","inLanguage":"ru-RU","@id":"https:\/\/orderoffshore.com\/#\/schema\/logo\/image\/","url":"https:\/\/orderoffshore.com\/wp-content\/uploads\/2014\/11\/orderofshore_logo1.png","contentUrl":"https:\/\/orderoffshore.com\/wp-content\/uploads\/2014\/11\/orderofshore_logo1.png","width":250,"height":80,"caption":"Order Offshore"},"image":{"@id":"https:\/\/orderoffshore.com\/#\/schema\/logo\/image\/"}}]}},"_links":{"self":[{"href":"https:\/\/orderoffshore.com\/ru\/wp-json\/wp\/v2\/pages\/55"}],"collection":[{"href":"https:\/\/orderoffshore.com\/ru\/wp-json\/wp\/v2\/pages"}],"about":[{"href":"https:\/\/orderoffshore.com\/ru\/wp-json\/wp\/v2\/types\/page"}],"author":[{"embeddable":true,"href":"https:\/\/orderoffshore.com\/ru\/wp-json\/wp\/v2\/users\/2"}],"replies":[{"embeddable":true,"href":"https:\/\/orderoffshore.com\/ru\/wp-json\/wp\/v2\/comments?post=55"}],"version-history":[{"count":8,"href":"https:\/\/orderoffshore.com\/ru\/wp-json\/wp\/v2\/pages\/55\/revisions"}],"predecessor-version":[{"id":880,"href":"https:\/\/orderoffshore.com\/ru\/wp-json\/wp\/v2\/pages\/55\/revisions\/880"}],"wp:attachment":[{"href":"https:\/\/orderoffshore.com\/ru\/wp-json\/wp\/v2\/media?parent=55"}],"curies":[{"name":"wp","href":"https:\/\/api.w.org\/{rel}","templated":true}]}}