{"id":6,"date":"2014-11-06T13:31:54","date_gmt":"2014-11-06T13:31:54","guid":{"rendered":"http:\/\/localhost\/orderoffhore\/?page_id=6"},"modified":"2024-02-13T10:33:27","modified_gmt":"2024-02-13T10:33:27","slug":"offshore-cegalapitas-arak","status":"publish","type":"page","link":"https:\/\/orderoffshore.com\/ru\/\u043e\u0444\u0448\u043e\u0440\u043d\u044b\u0439-\u0446\u0435\u0433\u0430\u043b\u0430\u043f\u0438\u0442\u0430\u0441-\u0430\u0440\u0430\u043a\/","title":{"rendered":"\u0421\u0442\u0430\u0432\u043a\u0438 \u043d\u0430 \u0444\u043e\u0440\u043c\u0438\u0440\u043e\u0432\u0430\u043d\u0438\u0435 \u043e\u0444\u0444\u0448\u043e\u0440\u043d\u044b\u0445 \u043a\u043e\u043c\u043f\u0430\u043d\u0438\u0439 \u0432 2023 \u0433\u043e\u0434\u0443!"},"content":{"rendered":"<h1 class=\"wp-block-heading\" id=\"h-offshore-cegalapitas-arak-amit-tudni-erdemes\"><span style=\"font-weight: 400;\">Offshore C\u00e9galap\u00edt\u00e1s \u00c1rak &#8211; amit tudni \u00e9rdemes<\/span><\/h1>\n\n\n\n<p>Ebben a cikkben bemutatjuk, milyen t\u00e9telekkel kell sz\u00e1molni az offshore c\u00e9galap\u00edt\u00e1s \u00e1rak k\u00f6z\u00f6tt. Milyen elemeket kell tartalmazzon, ahhoz, hogy a megfelel\u0151 csomagot kapjuk k\u00e9szhez.<\/p>\n\n\n\n<h3 class=\"wp-block-heading\" id=\"h-az-offshore-cegalapitas-koltsegei-2-csoportra-oszthatoak\"><span style=\"font-weight: 400;\">az offshore c\u00e9galap\u00edt\u00e1s k\u00f6lts\u00e9gei 2 csoportra oszthat\u00f3ak:<\/span><\/h3>\n\n\n\n<ul>\n<li><span style=\"font-weight: 400;\">\u0440\u0430\u0441\u0445\u043e\u0434\u044b \u043d\u0430 \u0441\u043e\u0437\u0434\u0430\u043d\u0438\u0435 \u043a\u043e\u043c\u043f\u0430\u043d\u0438\u0438, \u043a\u043e\u0442\u043e\u0440\u044b\u0435 \u0432\u043e\u0437\u043d\u0438\u043a\u0430\u044e\u0442 \u0442\u043e\u043b\u044c\u043a\u043e \u0432 \u043c\u043e\u043c\u0435\u043d\u0442 \u0440\u0435\u0433\u0438\u0441\u0442\u0440\u0430\u0446\u0438\u0438<\/span><\/li>\n\n\n\n<li><span style=\"font-weight: 400;\">\u043f\u043b\u0430\u0442\u0430 \u0437\u0430 \u0441\u043e\u0434\u0435\u0440\u0436\u0430\u043d\u0438\u0435 \u043a\u043e\u043c\u043f\u0430\u043d\u0438\u0438, \u043a\u043e\u0442\u043e\u0440\u0430\u044f \u043a\u0430\u0436\u0434\u044b\u0439 \u0433\u043e\u0434<\/span><\/li>\n<\/ul>\n\n\n\n<h3 class=\"wp-block-heading\" id=\"h-a-z-offshore-cegalapitas-arak-igy-tobb-tenyezotol-fuggenek\"><span style=\"font-weight: 400;\">A<\/span>z <span style=\"font-weight: 400;\">offshore c\u00e9galap\u00edt\u00e1s \u00e1rak \u00edgy t\u00f6bb t\u00e9nyez\u0151t\u0151l f\u00fcggenek:<\/span><\/h3>\n\n\n\n<ul>\n<li><span style=\"font-weight: 400;\">\u043a\u043e\u0442\u043e\u0440\u0430\u044f \u0437\u0430\u0440\u0435\u0433\u0438\u0441\u0442\u0440\u0438\u0440\u043e\u0432\u0430\u043d\u0430 \u0432 \u043e\u0444\u0444\u0448\u043e\u0440\u043d\u043e\u0439 \u0437\u043e\u043d\u0435<\/span><\/li>\n\n\n\n<li><span style=\"font-weight: 400;\">\u043a\u0430\u043a\u043e\u0439 \u043f\u0430\u043a\u0435\u0442 \u0443\u0441\u043b\u0443\u0433 \u0432\u0445\u043e\u0434\u0438\u0442 \u0432 \u043a\u043e\u043c\u043f\u043b\u0435\u043a\u0442<\/span><\/li>\n\n\n\n<li><span style=\"font-weight: 400;\">\u0443\u0440\u043e\u0432\u0435\u043d\u044c \u0430\u0443\u0442\u0435\u043d\u0442\u0438\u0444\u0438\u043a\u0430\u0446\u0438\u0438 \u0434\u043e\u043a\u0443\u043c\u0435\u043d\u0442\u043e\u0432<\/span><\/li>\n\n\n\n<li><span style=\"font-weight: 400;\">\u0435\u0441\u0442\u044c \u043b\u0438 \u043e\u0441\u043e\u0431\u044b\u0435 \u043f\u043e\u0436\u0435\u043b\u0430\u043d\u0438\u044f<\/span><\/li>\n<\/ul>\n\n\n\n<h3 class=\"wp-block-heading\" id=\"h-az-offshore-cegbejegyzes-koltsegei-a-kovetkezo-tetelekbol-allnak\"><span style=\"font-weight: 400;\">Az offshore c\u00e9gbejegyz\u00e9s k\u00f6lts\u00e9gei a k\u00f6vetkez\u0151 t\u00e9telekb\u0151l \u00e1llnak:<\/span><\/h3>\n\n\n\n<ul>\n<li><span style=\"font-weight: 400;\"><img decoding=\"async\" class=\"alignright wp-image-499\" src=\"http:\/\/orderoffshore.com\/wp-content\/uploads\/2023\/05\/PhotoFunia-1683029335.jpg\" alt=\"offshore c\u00e9galap\u00edt\u00e1s \u00e1rak\" width=\"252\" height=\"168\" srcset=\"https:\/\/orderoffshore.com\/wp-content\/uploads\/2023\/05\/PhotoFunia-1683029335.jpg 750w, https:\/\/orderoffshore.com\/wp-content\/uploads\/2023\/05\/PhotoFunia-1683029335-300x200.jpg 300w\" sizes=\"(max-width: 252px) 100vw, 252px\" \/>\u0433\u043e\u0441\u0443\u0434\u0430\u0440\u0441\u0442\u0432\u0435\u043d\u043d\u044b\u0435 \u043f\u043e\u0448\u043b\u0438\u043d\u044b<\/span><\/li>\n\n\n\n<li><span style=\"font-weight: 400;\">\u043f\u043b\u0430\u0442\u0430 \u0437\u0430 \u043c\u0435\u0441\u0442\u043e<\/span><\/li>\n\n\n\n<li><span style=\"font-weight: 400;\">\u043d\u043e\u0442\u0430\u0440\u0438\u0430\u043b\u044c\u043d\u044b\u0435 \u0438 \u0434\u0440\u0443\u0433\u0438\u0435 \u0441\u0435\u0440\u0442\u0438\u0444\u0438\u043a\u0430\u0446\u0438\u043e\u043d\u043d\u044b\u0435 \u0441\u0431\u043e\u0440\u044b<\/span><\/li>\n\n\n\n<li><span style=\"font-weight: 400;\">\u0441\u0442\u043e\u0438\u043c\u043e\u0441\u0442\u044c \u043c\u0435\u0436\u0434\u0443\u043d\u0430\u0440\u043e\u0434\u043d\u043e\u0439 \u0434\u043e\u0441\u0442\u0430\u0432\u043a\u0438<\/span><\/li>\n\n\n\n<li><span style=\"font-weight: 400;\">\u0441\u0443\u0434\u0435\u0431\u043d\u044b\u0435 \u0438\u0437\u0434\u0435\u0440\u0436\u043a\u0438<\/span><\/li>\n\n\n\n<li><span style=\"font-weight: 400;\">\u0434\u043e\u043f\u043e\u043b\u043d\u0438\u0442\u0435\u043b\u044c\u043d\u044b\u0439 \u0432\u0437\u043d\u043e\u0441 \u0434\u043b\u044f \u043d\u043e\u043c\u0438\u043d\u0430\u043b\u044c\u043d\u044b\u0445 \u0441\u043e\u0442\u0440\u0443\u0434\u043d\u0438\u043a\u043e\u0432<\/span><\/li>\n<\/ul>\n\n\n\n<p><span style=\"font-weight: 400;\">\u0412 \u0418\u043d\u0442\u0435\u0440\u043d\u0435\u0442\u0435 \u0432\u044b \u043d\u0430\u0439\u0434\u0435\u0442\u0435 \u0441\u0430\u043c\u044b\u0435 \u0440\u0430\u0437\u043d\u043e\u043e\u0431\u0440\u0430\u0437\u043d\u044b\u0435 \u043c\u0435\u0442\u043e\u0434\u044b \u0446\u0435\u043d\u043e\u043e\u0431\u0440\u0430\u0437\u043e\u0432\u0430\u043d\u0438\u044f. \u041f\u0440\u0438 \u0441\u043e\u0437\u0434\u0430\u043d\u0438\u0438 \u043a\u043e\u043c\u043f\u0430\u043d\u0438\u0438 \u043c\u044b \u043e\u0431\u044b\u0447\u043d\u043e \u0430\u043f\u043e\u0441\u0442\u0438\u043b\u0438\u0440\u0443\u0435\u043c \u043a\u0430\u043a \u043c\u0438\u043d\u0438\u043c\u0443\u043c \u0441\u043b\u0435\u0434\u0443\u044e\u0449\u0438\u0435 \u0434\u043e\u043a\u0443\u043c\u0435\u043d\u0442\u044b:<\/span><\/p>\n\n\n\n<ul>\n<li><span style=\"font-weight: 400;\">Certificate of Incorporation, amely a c\u00e9gbejegyz\u00e9st igazol\u00f3 dokumentum<\/span><\/li>\n\n\n\n<li><span style=\"font-weight: 400;\">Memorandum &amp; Articles of Association, amely a c\u00e9g t\u00e1rsas\u00e1gi szerz\u0151d\u00e9se \u00e9s alap\u00edt\u00f3 okirata<\/span><\/li>\n\n\n\n<li><span style=\"font-weight: 400;\">Resolution of Subscriber vagy m\u00e1s elnevez\u00e9s\u0171 igazgat\u00f3 kinevez\u00e9s<\/span><\/li>\n\n\n\n<li><span style=\"font-weight: 400;\">\u0414\u043e\u0432\u0435\u0440\u0435\u043d\u043d\u043e\u0441\u0442\u044c (\u0435\u0441\u043b\u0438 \u0435\u0441\u0442\u044c)<\/span><\/li>\n<\/ul>\n\n\n\n<p><span style=\"font-weight: 400;\">\u0412\u0441\u0435 \u043f\u0430\u043a\u0435\u0442\u044b, \u043a\u043e\u0442\u043e\u0440\u044b\u0435 \u043c\u044b \u0440\u0435\u043a\u043b\u0430\u043c\u0438\u0440\u0443\u0435\u043c, \u0432\u043a\u043b\u044e\u0447\u0430\u044e\u0442 \u0432 \u0441\u0435\u0431\u044f \u0437\u0430\u0432\u0435\u0440\u0435\u043d\u0438\u0435 \u0430\u043f\u043e\u0441\u0442\u0438\u043b\u0435\u043c, \u0434\u043e\u0432\u0435\u0440\u0435\u043d\u043d\u043e\u0441\u0442\u044c \u0438 \u044d\u043a\u0441\u043f\u0440\u0435\u0441\u0441-\u043f\u043e\u0447\u0442\u0443 (DHL, FedEx).<\/span><\/p>\n\n\n\n<h3 class=\"wp-block-heading\" id=\"h-offshore-cegek-bejegyzesenek-es-fenntartasanak-koltsegei\">Offshore c\u00e9gek bejegyz\u00e9s\u00e9nek \u00e9s fenntart\u00e1s\u00e1nak k\u00f6lts\u00e9gei<\/h3>\n\n\n\n<figure class=\"wp-block-table\"><table><tbody><tr><th>Offshore<br>Helysz\u00ednek<\/th><th>Nyilv\u00e1nos<br>Alap\u00edt\u00e1s<\/th><th>Nyilv\u00e1nos<br>Meg\u00faj\u00edt\u00e1s<\/th><th>Anonim<br>Alap\u00edt\u00e1s<\/th><th>Anonim<br>Meg\u00faj\u00edt\u00e1s<\/th><\/tr><tr><td><a href=\"https:\/\/orderoffshore.com\/ru\/\u0441\u0435\u0439\u0448\u0435\u043b\u044c\u0441\u043a\u0438\u0435-\u043e\u0441\u0442\u0440\u043e\u0432\u0430\/\"><strong>\u0421\u0435\u0439\u0448\u0435\u043b\u044c\u0441\u043a\u0438\u0435 \u043e\u0441\u0442\u0440\u043e\u0432\u0430<\/strong><\/a><\/td><td>990\u20ac<\/td><td>700\u20ac<\/td><td>1400\u20ac<\/td><td>1100\u20ac<\/td><\/tr><tr><td><strong>\u0411\u0435\u043b\u0438\u0437<\/strong><\/td><td>1400$<\/td><td>1500$<\/td><td>1800$<\/td><td>2000$<\/td><\/tr><tr><td><strong>\u0411\u0440\u0438\u0442\u0430\u043d\u0441\u043a\u0430\u044f \u0412\u0438\u0440\u0433\u0438\u043d\u0438\u044f - \u0441\u0438\u0433.<\/strong><\/td><td>1300\u20ac<\/td><td>800\u20ac<\/td><td>1600\u20ac<\/td><td>1300\u20ac<\/td><\/tr><tr><td><strong>\u0410\u043d\u0433\u0438\u043b\u044c\u044f<\/strong><\/td><td>1600\u20ac<\/td><td>1200\u20ac<\/td><td>2000\u20ac<\/td><td>1600\u20ac<\/td><\/tr><tr><td><strong>\u0413\u043e\u043d\u043a\u043e\u043d\u0433<\/strong><\/td><td>1600\u20ac<\/td><td>1200\u20ac<\/td><td>2500\u20ac<\/td><td>1800\u20ac<\/td><\/tr><tr><td><strong>\u0421\u0432\u044f\u0442\u043e\u0439 \u0412\u0438\u043d\u0441\u0435\u043d\u0442<\/strong><\/td><td>1600\u20ac<\/td><td>1200\u20ac<\/td><td>2000\u20ac<\/td><td>1800\u20ac<\/td><\/tr><tr><td><a href=\"https:\/\/orderoffshore.com\/ru\/panama\/\"><strong>\u041f\u0430\u043d\u0430\u043c\u0430<\/strong><\/a><\/td><td>1600\u20ac<\/td><td>1100\u20ac<\/td><td>2500\u20ac<\/td><td>1500\u20ac<\/td><\/tr><\/tbody><\/table><\/figure>\n\n\n\n<p>A c\u00e9galap\u00edt\u00e1s \u00e1rai minden esetben fedezi a c\u00e9galap\u00edt\u00e1si dokumentumokon az <a href=\"https:\/\/orderoffshore.com\/ru\/apostille\/\">apostille hiteles\u00edt\u00e9st<\/a>, \u00edgy a Certificate of Incorporation-t, Memorandum and Articles of Association-t \u00e9s Resolution of Subscriber-t, mint igazgat\u00f3i kinevez\u00e9s apostille fel\u00fclhiteles\u00edt\u00e9s\u00e9t. Az anonim c\u00e9gekn\u00e9l tartalmazza a n\u00e9vleges igazgat\u00f3 \u00e9s r\u00e9szv\u00e9nyes d\u00edj\u00e1t, illetve az igazgat\u00f3 \u00e1ltal al\u00e1\u00edrt egy darab meghatalmaz\u00e1st, ami hasonl\u00f3an k\u00f6zjegyz\u0151 el\u0151tt k\u00e9sz\u00fcl \u00e9s apostille fel\u00fclhiteles\u00edt\u00e9st kap.<\/p>\n\n\n\n<p class=\"has-text-align-center\"><strong>\u0414\u043e\u043f\u043e\u043b\u043d\u0438\u0442\u0435\u043b\u044c\u043d\u044b\u0435 \u0440\u0430\u0441\u0445\u043e\u0434\u044b:<\/strong><\/p>\n\n\n\n<figure class=\"wp-block-table\"><table><tbody><tr><td><strong>\u0421\u0432\u0438\u0434\u0435\u0442\u0435\u043b\u044c\u0441\u0442\u0432\u043e \u043e \u0445\u043e\u0440\u043e\u0448\u0435\u0439 \u0440\u0435\u043f\u0443\u0442\u0430\u0446\u0438\u0438 (\u0430\u043f\u043e\u0441\u0442\u0438\u043b\u044c-\u043b\u0435\u043b\u044c)<\/strong><\/td><td>280 \u20ac<\/td><\/tr><tr><td><strong>\u0421\u0432\u0438\u0434\u0435\u0442\u0435\u043b\u044c\u0441\u0442\u0432\u043e \u043e \u0445\u043e\u0440\u043e\u0448\u0435\u0439 \u0440\u0435\u043f\u0443\u0442\u0430\u0446\u0438\u0438<\/strong><\/td><td>160 \u20ac<\/td><\/tr><tr><td><strong>\u0421\u0432\u0438\u0434\u0435\u0442\u0435\u043b\u044c\u0441\u0442\u0432\u043e \u043e \u043d\u0435\u0441\u0443\u0434\u0438\u043c\u043e\u0441\u0442\u0438 (\u0430\u043f\u043e\u0441\u0442\u0438\u043b\u044c-\u043b\u0435\u043b\u044c)<\/strong><\/td><td>280 \u20ac<\/td><\/tr><tr><td><strong>\u0421\u0432\u0438\u0434\u0435\u0442\u0435\u043b\u044c\u0441\u0442\u0432\u043e \u043e \u0432\u0441\u0442\u0443\u043f\u043b\u0435\u043d\u0438\u0438 \u0432 \u0434\u043e\u043b\u0436\u043d\u043e\u0441\u0442\u044c<\/strong><\/td><td>160 \u20ac<\/td><\/tr><tr><td><strong>\u0414\u043e\u0432\u0435\u0440\u0435\u043d\u043d\u043e\u0441\u0442\u044c \u0441 \u0430\u043f\u043e\u0441\u0442\u0438\u043b\u0435\u043c (\u043f\u0443\u0431\u043b\u0438\u0447\u043d\u0430\u044f \u0434\u043e\u0432\u0435\u0440\u0435\u043d\u043d\u043e\u0441\u0442\u044c)<\/strong><\/td><td>350 \u20ac<\/td><\/tr><tr><td><strong>\u0423\u043d\u0438\u043a\u0430\u043b\u044c\u043d\u0430\u044f \u0434\u043e\u0432\u0435\u0440\u0435\u043d\u043d\u043e\u0441\u0442\u044c \u0441 \u0430\u043f\u043e\u0441\u0442\u0438\u043b\u0435\u043c<\/strong><\/td><td>350 \u20ac<\/td><\/tr><tr><td><strong>\u0414\u043e\u043a\u0443\u043c\u0435\u043d\u0442\u044b, \u043f\u043e\u0434\u043f\u0438\u0441\u0430\u043d\u043d\u044b\u0435 \u043c\u0435\u0441\u0442\u043d\u044b\u043c \u0430\u0434\u043c\u0438\u043d\u0438\u0441\u0442\u0440\u0430\u0442\u043e\u0440\u043e\u043c<\/strong><\/td><td>50 \u20ac<\/td><\/tr><tr><td><strong>\u041f\u043e\u0434\u043f\u0438\u0441\u0430\u043d\u0438\u0435 \u0434\u043e\u043a\u0443\u043c\u0435\u043d\u0442\u043e\u0432 \u0438 \u0434\u043e\u0433\u043e\u0432\u043e\u0440\u043e\u0432 \u0443 \u043d\u043e\u0442\u0430\u0440\u0438\u0443\u0441\u0430, \u0437\u0430\u0432\u0435\u0440\u0435\u043d\u043d\u043e\u0435 \u043d\u043e\u0442\u0430\u0440\u0438\u0443\u0441\u043e\u043c<\/strong><\/td><td>200 \u20ac<\/td><\/tr><tr><td><strong>\u0421\u0442\u043e\u0438\u043c\u043e\u0441\u0442\u044c \u0434\u043e\u0441\u0442\u0430\u0432\u043a\u0438 \u0434\u043e \u043d\u0430\u0448\u0435\u0433\u043e \u043e\u0444\u0438\u0441\u0430 \u0432 \u0411\u0443\u0434\u0430\u043f\u0435\u0448\u0442\u0435<\/strong><\/td><td>80 \u20ac<\/td><\/tr><tr><td><strong>\u041a\u043e\u043c\u0438\u0441\u0441\u0438\u044f \u0437\u0430 \u043e\u0442\u043a\u0440\u044b\u0442\u0438\u0435 \u0431\u0430\u043d\u043a\u043e\u0432\u0441\u043a\u043e\u0433\u043e \u0441\u0447\u0435\u0442\u0430<\/strong><\/td><td>2000 \u20ac<\/td><\/tr><\/tbody><\/table><\/figure>\n\n\n\n<p>Dubai c\u00e9galap\u00edt\u00e1ssal kapcsolatban nem tudunk ilyen felsorol\u00e1s szer\u0171 \u00e1rakat kitenni, mivel rengeteg v\u00e1ltoz\u00f3 t\u00e9nyez\u0151 van. \u00cdgy amennyiben <a href=\"https:\/\/orderoffshore.com\/ru\/dubai-cegalapitas\/\">\u0421\u043e\u0437\u0434\u0430\u043d\u0438\u0435 \u043a\u043e\u043c\u043f\u0430\u043d\u0438\u0438 \u0432 \u0414\u0443\u0431\u0430\u0435<\/a>ban gondolkozol, k\u00e9rlek vedd fel vel\u00fcnk a kapcsolatot annak \u00e9rdek\u00e9ben, hogy pontos aj\u00e1nlatot tudjunk adni.<\/p>","protected":false},"excerpt":{"rendered":"<p>Offshore C\u00e9galap\u00edt\u00e1s \u00c1rak &#8211; amit tudni \u00e9rdemes Ebben a cikkben bemutatjuk, milyen t\u00e9telekkel kell sz\u00e1molni az offshore c\u00e9galap\u00edt\u00e1s \u00e1rak k\u00f6z\u00f6tt. Milyen elemeket kell tartalmazzon, ahhoz, hogy a megfelel\u0151 csomagot kapjuk k\u00e9szhez. az offshore c\u00e9galap\u00edt\u00e1s k\u00f6lts\u00e9gei 2 csoportra oszthat\u00f3ak: Az offshore c\u00e9galap\u00edt\u00e1s \u00e1rak \u00edgy t\u00f6bb t\u00e9nyez\u0151t\u0151l f\u00fcggenek: Az offshore c\u00e9gbejegyz\u00e9s k\u00f6lts\u00e9gei a k\u00f6vetkez\u0151 t\u00e9telekb\u0151l \u00e1llnak: Az [&hellip;]<\/p>","protected":false},"author":2,"featured_media":0,"parent":0,"menu_order":0,"comment_status":"open","ping_status":"open","template":"","meta":{"footnotes":""},"yoast_head":"<!-- This site is optimized with the Yoast SEO Premium plugin v21.5 (Yoast SEO v21.5) - https:\/\/yoast.com\/wordpress\/plugins\/seo\/ -->\n<title>Offshore C\u00e9galap\u00edt\u00e1s \u00c1rak<\/title>\n<meta name=\"description\" content=\"Minden fontos inform\u00e1ci\u00f3, amelyet tudni \u00e9rdemes egy offshore c\u00e9galap\u00edt\u00e1s el\u0151tt. Offshore c\u00e9galap\u00edt\u00e1s \u00e1rak - Mib\u0151l \u00e1ll \u00f6ssze, mit tartalmaz?\" \/>\n<meta name=\"robots\" content=\"index, follow, max-snippet:-1, max-image-preview:large, max-video-preview:-1\" \/>\n<link rel=\"canonical\" href=\"https:\/\/orderoffshore.com\/ru\/\u043e\u0444\u0448\u043e\u0440\u043d\u044b\u0439-\u0446\u0435\u0433\u0430\u043b\u0430\u043f\u0438\u0442\u0430\u0441-\u0430\u0440\u0430\u043a\/\" \/>\n<meta property=\"og:locale\" content=\"ru_RU\" \/>\n<meta property=\"og:type\" content=\"article\" \/>\n<meta property=\"og:title\" content=\"Offshore c\u00e9galap\u00edt\u00e1s \u00e1rak 2023-ban!\" \/>\n<meta property=\"og:description\" content=\"Minden fontos inform\u00e1ci\u00f3, amelyet tudni \u00e9rdemes egy offshore c\u00e9galap\u00edt\u00e1s el\u0151tt. Offshore c\u00e9galap\u00edt\u00e1s \u00e1rak - Mib\u0151l \u00e1ll \u00f6ssze, mit tartalmaz?\" \/>\n<meta property=\"og:url\" content=\"https:\/\/orderoffshore.com\/ru\/\u043e\u0444\u0448\u043e\u0440\u043d\u044b\u0439-\u0446\u0435\u0433\u0430\u043b\u0430\u043f\u0438\u0442\u0430\u0441-\u0430\u0440\u0430\u043a\/\" \/>\n<meta property=\"og:site_name\" content=\"Offshore C\u00e9galap\u00edt\u00e1s\" \/>\n<meta property=\"article:modified_time\" content=\"2024-02-13T10:33:27+00:00\" \/>\n<meta property=\"og:image\" content=\"http:\/\/orderoffshore.com\/wp-content\/uploads\/2023\/05\/PhotoFunia-1683029335.jpg\" \/>\n<meta name=\"twitter:card\" content=\"summary_large_image\" \/>\n<meta name=\"twitter:label1\" content=\"\u041f\u0440\u0438\u043c\u0435\u0440\u043d\u043e\u0435 \u0432\u0440\u0435\u043c\u044f \u0434\u043b\u044f \u0447\u0442\u0435\u043d\u0438\u044f\" \/>\n\t<meta name=\"twitter:data1\" content=\"3 \u043c\u0438\u043d\u0443\u0442\u044b\" \/>\n<script type=\"application\/ld+json\" class=\"yoast-schema-graph\">{\n\t    \"@context\": \"https:\/\/schema.org\",\n\t    \"@graph\": [\n\t        {\n\t            \"@type\": \"WebPage\",\n\t            \"@id\": \"https:\/\/orderoffshore.com\/offshore-cegalapitas-arak\/\",\n\t            \"url\": \"https:\/\/orderoffshore.com\/offshore-cegalapitas-arak\/\",\n\t            \"name\": \"Offshore C\u00e9galap\u00edt\u00e1s \u00c1rak\",\n\t            \"isPartOf\": {\n\t                \"@id\": \"https:\/\/orderoffshore.com\/#website\"\n\t            },\n\t            \"datePublished\": \"2014-11-06T13:31:54+00:00\",\n\t            \"dateModified\": \"2024-02-13T10:33:27+00:00\",\n\t            \"description\": \"Minden fontos inform\u00e1ci\u00f3, amelyet tudni \u00e9rdemes egy offshore c\u00e9galap\u00edt\u00e1s el\u0151tt. Offshore c\u00e9galap\u00edt\u00e1s \u00e1rak - Mib\u0151l \u00e1ll \u00f6ssze, mit tartalmaz?\",\n\t            \"breadcrumb\": {\n\t                \"@id\": \"https:\/\/orderoffshore.com\/offshore-cegalapitas-arak\/#breadcrumb\"\n\t            },\n\t            \"inLanguage\": \"ru-RU\",\n\t            \"potentialAction\": [\n\t                {\n\t                    \"@type\": \"ReadAction\",\n\t                    \"target\": [\n\t                        \"https:\/\/orderoffshore.com\/offshore-cegalapitas-arak\/\"\n\t                    ]\n\t                }\n\t            ]\n\t        },\n\t        {\n\t            \"@type\": \"BreadcrumbList\",\n\t            \"@id\": \"https:\/\/orderoffshore.com\/offshore-cegalapitas-arak\/#breadcrumb\",\n\t            \"itemListElement\": [\n\t                {\n\t                    \"@type\": \"ListItem\",\n\t                    \"position\": 1,\n\t                    \"name\": \"Kezd\u0151lap\",\n\t                    \"item\": \"https:\/\/orderoffshore.com\/\"\n\t                },\n\t                {\n\t                    \"@type\": \"ListItem\",\n\t                    \"position\": 2,\n\t                    \"name\": \"Offshore c\u00e9galap\u00edt\u00e1s \u00e1rak 2023-ban!\"\n\t                }\n\t            ]\n\t        },\n\t        {\n\t            \"@type\": \"WebSite\",\n\t            \"@id\": \"https:\/\/orderoffshore.com\/#website\",\n\t            \"url\": \"https:\/\/orderoffshore.com\/\",\n\t            \"name\": \"Order Offshore\",\n\t            \"description\": \"C\u00e9galap\u00edt\u00e1s, v\u00edzum \u00e9s banksz\u00e1mla l\u00e9trehoz\u00e1s\",\n\t            \"publisher\": {\n\t                \"@id\": \"https:\/\/orderoffshore.com\/#organization\"\n\t            },\n\t            \"potentialAction\": [\n\t                {\n\t                    \"@type\": \"SearchAction\",\n\t                    \"target\": {\n\t                        \"@type\": \"EntryPoint\",\n\t                        \"urlTemplate\": \"https:\/\/orderoffshore.com\/?s={search_term_string}\"\n\t                    },\n\t                    \"query-input\": \"required name=search_term_string\"\n\t                }\n\t            ],\n\t            \"inLanguage\": \"ru-RU\"\n\t        },\n\t        {\n\t            \"@type\": \"Organization\",\n\t            \"@id\": \"https:\/\/orderoffshore.com\/#organization\",\n\t            \"name\": \"Order Offshore\",\n\t            \"url\": \"https:\/\/orderoffshore.com\/\",\n\t            \"logo\": {\n\t                \"@type\": \"ImageObject\",\n\t                \"inLanguage\": \"ru-RU\",\n\t                \"@id\": \"https:\/\/orderoffshore.com\/#\/schema\/logo\/image\/\",\n\t                \"url\": \"https:\/\/orderoffshore.com\/wp-content\/uploads\/2014\/11\/orderofshore_logo1.png\",\n\t                \"contentUrl\": \"https:\/\/orderoffshore.com\/wp-content\/uploads\/2014\/11\/orderofshore_logo1.png\",\n\t                \"width\": 250,\n\t                \"height\": 80,\n\t                \"caption\": \"Order Offshore\"\n\t            },\n\t            \"image\": {\n\t                \"@id\": \"https:\/\/orderoffshore.com\/#\/schema\/logo\/image\/\"\n\t            }\n\t        }\n\t    ]\n\t}<\/script>\n<!-- \/ Yoast SEO Premium plugin. -->","yoast_head_json":{"title":"Offshore C\u00e9galap\u00edt\u00e1s \u00c1rak","description":"Minden fontos inform\u00e1ci\u00f3, amelyet tudni \u00e9rdemes egy offshore c\u00e9galap\u00edt\u00e1s el\u0151tt. Offshore c\u00e9galap\u00edt\u00e1s \u00e1rak - Mib\u0151l \u00e1ll \u00f6ssze, mit tartalmaz?","robots":{"index":"index","follow":"follow","max-snippet":"max-snippet:-1","max-image-preview":"max-image-preview:large","max-video-preview":"max-video-preview:-1"},"canonical":"https:\/\/orderoffshore.com\/ru\/\u043e\u0444\u0448\u043e\u0440\u043d\u044b\u0439-\u0446\u0435\u0433\u0430\u043b\u0430\u043f\u0438\u0442\u0430\u0441-\u0430\u0440\u0430\u043a\/","og_locale":"ru_RU","og_type":"article","og_title":"Offshore c\u00e9galap\u00edt\u00e1s \u00e1rak 2023-ban!","og_description":"Minden fontos inform\u00e1ci\u00f3, amelyet tudni \u00e9rdemes egy offshore c\u00e9galap\u00edt\u00e1s el\u0151tt. Offshore c\u00e9galap\u00edt\u00e1s \u00e1rak - Mib\u0151l \u00e1ll \u00f6ssze, mit tartalmaz?","og_url":"https:\/\/orderoffshore.com\/ru\/\u043e\u0444\u0448\u043e\u0440\u043d\u044b\u0439-\u0446\u0435\u0433\u0430\u043b\u0430\u043f\u0438\u0442\u0430\u0441-\u0430\u0440\u0430\u043a\/","og_site_name":"Offshore C\u00e9galap\u00edt\u00e1s","article_modified_time":"2024-02-13T10:33:27+00:00","og_image":[{"url":"http:\/\/orderoffshore.com\/wp-content\/uploads\/2023\/05\/PhotoFunia-1683029335.jpg"}],"twitter_card":"summary_large_image","twitter_misc":{"\u041f\u0440\u0438\u043c\u0435\u0440\u043d\u043e\u0435 \u0432\u0440\u0435\u043c\u044f \u0434\u043b\u044f \u0447\u0442\u0435\u043d\u0438\u044f":"3 \u043c\u0438\u043d\u0443\u0442\u044b"},"schema":{"@context":"https:\/\/schema.org","@graph":[{"@type":"WebPage","@id":"https:\/\/orderoffshore.com\/offshore-cegalapitas-arak\/","url":"https:\/\/orderoffshore.com\/offshore-cegalapitas-arak\/","name":"Offshore C\u00e9galap\u00edt\u00e1s \u00c1rak","isPartOf":{"@id":"https:\/\/orderoffshore.com\/#website"},"datePublished":"2014-11-06T13:31:54+00:00","dateModified":"2024-02-13T10:33:27+00:00","description":"Minden fontos inform\u00e1ci\u00f3, amelyet tudni \u00e9rdemes egy offshore c\u00e9galap\u00edt\u00e1s el\u0151tt. Offshore c\u00e9galap\u00edt\u00e1s \u00e1rak - Mib\u0151l \u00e1ll \u00f6ssze, mit tartalmaz?","breadcrumb":{"@id":"https:\/\/orderoffshore.com\/offshore-cegalapitas-arak\/#breadcrumb"},"inLanguage":"ru-RU","potentialAction":[{"@type":"ReadAction","target":["https:\/\/orderoffshore.com\/offshore-cegalapitas-arak\/"]}]},{"@type":"BreadcrumbList","@id":"https:\/\/orderoffshore.com\/offshore-cegalapitas-arak\/#breadcrumb","itemListElement":[{"@type":"ListItem","position":1,"name":"Kezd\u0151lap","item":"https:\/\/orderoffshore.com\/"},{"@type":"ListItem","position":2,"name":"Offshore c\u00e9galap\u00edt\u00e1s \u00e1rak 2023-ban!"}]},{"@type":"WebSite","@id":"https:\/\/orderoffshore.com\/#website","url":"https:\/\/orderoffshore.com\/","name":"Order Offshore","description":"C\u00e9galap\u00edt\u00e1s, v\u00edzum \u00e9s banksz\u00e1mla l\u00e9trehoz\u00e1s","publisher":{"@id":"https:\/\/orderoffshore.com\/#organization"},"potentialAction":[{"@type":"SearchAction","target":{"@type":"EntryPoint","urlTemplate":"https:\/\/orderoffshore.com\/?s={search_term_string}"},"query-input":"required name=search_term_string"}],"inLanguage":"ru-RU"},{"@type":"Organization","@id":"https:\/\/orderoffshore.com\/#organization","name":"Order Offshore","url":"https:\/\/orderoffshore.com\/","logo":{"@type":"ImageObject","inLanguage":"ru-RU","@id":"https:\/\/orderoffshore.com\/#\/schema\/logo\/image\/","url":"https:\/\/orderoffshore.com\/wp-content\/uploads\/2014\/11\/orderofshore_logo1.png","contentUrl":"https:\/\/orderoffshore.com\/wp-content\/uploads\/2014\/11\/orderofshore_logo1.png","width":250,"height":80,"caption":"Order Offshore"},"image":{"@id":"https:\/\/orderoffshore.com\/#\/schema\/logo\/image\/"}}]}},"_links":{"self":[{"href":"https:\/\/orderoffshore.com\/ru\/wp-json\/wp\/v2\/pages\/6"}],"collection":[{"href":"https:\/\/orderoffshore.com\/ru\/wp-json\/wp\/v2\/pages"}],"about":[{"href":"https:\/\/orderoffshore.com\/ru\/wp-json\/wp\/v2\/types\/page"}],"author":[{"embeddable":true,"href":"https:\/\/orderoffshore.com\/ru\/wp-json\/wp\/v2\/users\/2"}],"replies":[{"embeddable":true,"href":"https:\/\/orderoffshore.com\/ru\/wp-json\/wp\/v2\/comments?post=6"}],"version-history":[{"count":8,"href":"https:\/\/orderoffshore.com\/ru\/wp-json\/wp\/v2\/pages\/6\/revisions"}],"predecessor-version":[{"id":1710,"href":"https:\/\/orderoffshore.com\/ru\/wp-json\/wp\/v2\/pages\/6\/revisions\/1710"}],"wp:attachment":[{"href":"https:\/\/orderoffshore.com\/ru\/wp-json\/wp\/v2\/media?parent=6"}],"curies":[{"name":"wp","href":"https:\/\/api.w.org\/{rel}","templated":true}]}}