{"id":74,"date":"2014-11-06T14:18:12","date_gmt":"2014-11-06T14:18:12","guid":{"rendered":"http:\/\/localhost\/orderoffhore\/?page_id=74"},"modified":"2015-06-30T09:44:23","modified_gmt":"2015-06-30T09:44:23","slug":"mire-jo-egy-offshore-ceg","status":"publish","type":"page","link":"https:\/\/orderoffshore.com\/ru\/mire-jo-egy-offshore-ceg\/","title":{"rendered":"Mire J\u00f3 egy Offshore C\u00e9g?"},"content":{"rendered":"<p>\u041a\u043b\u044e\u0447\u0435\u0432\u044b\u043c \u0440\u0435\u0448\u0435\u043d\u0438\u0435\u043c \u043f\u0440\u0438 \u0441\u043e\u0437\u0434\u0430\u043d\u0438\u0438 \u043e\u0444\u0444\u0448\u043e\u0440\u043d\u043e\u0439 \u043a\u043e\u043c\u043f\u0430\u043d\u0438\u0438 \u044f\u0432\u043b\u044f\u0435\u0442\u0441\u044f \u0442\u043e, \u0434\u043b\u044f \u0447\u0435\u0433\u043e \u0432\u044b \u0445\u043e\u0442\u0438\u0442\u0435 \u0438\u0441\u043f\u043e\u043b\u044c\u0437\u043e\u0432\u0430\u0442\u044c \u0441\u0432\u043e\u0439 \u043d\u043e\u0432\u044b\u0439 \u0431\u0438\u0437\u043d\u0435\u0441. \u0412 \u043d\u0430\u0441\u0442\u043e\u044f\u0449\u0435\u0435 \u0432\u0440\u0435\u043c\u044f \u0441\u0443\u0449\u0435\u0441\u0442\u0432\u0443\u0435\u0442 \u043c\u043d\u043e\u0436\u0435\u0441\u0442\u0432\u043e \u0432\u0430\u0440\u0438\u0430\u043d\u0442\u043e\u0432, \u043f\u043e\u0437\u0432\u043e\u043b\u044f\u044e\u0449\u0438\u0445 \u043a\u043b\u0438\u0435\u043d\u0442\u0443 \u043f\u0440\u0438\u0441\u043f\u043e\u0441\u043e\u0431\u0438\u0442\u044c \u043e\u0444\u0444\u0448\u043e\u0440\u043d\u0443\u044e \u043a\u043e\u043c\u043f\u0430\u043d\u0438\u044e \u043a \u0441\u0432\u043e\u0435\u0439 \u0434\u0435\u044f\u0442\u0435\u043b\u044c\u043d\u043e\u0441\u0442\u0438. \u041a\u043e\u043d\u0435\u0447\u043d\u043e, \u043d\u0430\u0438\u0431\u043e\u043b\u0435\u0435 \u0440\u0430\u0441\u043f\u0440\u043e\u0441\u0442\u0440\u0430\u043d\u0435\u043d\u043d\u044b\u0435 \u0432\u0438\u0434\u044b \u0438\u0441\u043f\u043e\u043b\u044c\u0437\u043e\u0432\u0430\u043d\u0438\u044f \u043e\u0444\u0444\u0448\u043e\u0440\u043d\u044b\u0445 \u043a\u043e\u043c\u043f\u0430\u043d\u0438\u0439 \u0432\u043a\u043b\u044e\u0447\u0430\u044e\u0442:<!--more--><\/p>\n<ul>\n<li>1. ad\u00f3cs\u00f6kkent\u00e9s, nyeres\u00e9gad\u00f3 cs\u00f6kkent\u00e9se \u2013 a legt\u00f6bb Offshore c\u00e9g ezzel a c\u00e9llal j\u00f6n l\u00e9tre<\/li>\n<li>2. nemzetk\u00f6zi kereskedelmi \u00fcgyletek lebonyol\u00edt\u00e1sa &#8211;<\/li>\n<li>3. holding t\u00e1rsas\u00e1gok<\/li>\n<li>4. munk\u00e1ltat\u00f3 t\u00e1rsas\u00e1gok, munkaer\u0151 k\u00f6lcs\u00f6nz\u00e9s<\/li>\n<li>5. k\u00fclf\u00f6ldi beruh\u00e1z\u00e1s<\/li>\n<li>6. finansz\u00edroz\u00f3 t\u00e1rsas\u00e1gok<\/li>\n<li>7. kamatad\u00f3, \u00e1rfolyamnyeres\u00e9gad\u00f3 megtart\u00e1sa<\/li>\n<li>8. osztal\u00e9kfizet\u00e9s, \u00e9rt\u00e9kpap\u00edrkereskedelem, \u00fczletr\u00e9szek ad\u00e1sv\u00e9tele ad\u00f3mentesen<\/li>\n<li>9. vagyonv\u00e9delem<\/li>\n<li>10. jogd\u00edj, szabadalom, v\u00e9djegy<\/li>\n<li>11. offshore bankok, biztos\u00edt\u00f3k<\/li>\n<li>12. presztizs c\u00e9g<\/li>\n<\/ul>\n<p>Fontos, hogy a v\u00e1lasztott t\u00edpusnak megfelel\u0151en v\u00e1lasszunk offshore \u00e1llamot, hiszen a jogi \u00e9s ad\u00f3z\u00e1si elt\u00e9r\u00e9sek bizonyos t\u00edpusok eset\u00e9ben esetleg m\u00e9g kedvez\u0151bb aj\u00e1nlattal szolg\u00e1lhatnak. Ebben seg\u00edt \u00d6nnek az OrderOffshore.com, ahol folyamatosan figyelemmel k\u00f6vetj\u00fck az offshore t\u00e9m\u00e1ban t\u00f6rt\u00e9nt v\u00e1ltoz\u00e1sokat, legyen jogi vagy \u00fczleti a m\u00f3dos\u00edt\u00e1s, term\u00e9szetesen ez \u00e9rinti mind a legn\u00e9pszer\u0171bb offshore \u00e1llamok, mind pedig Magyarorsz\u00e1g aktu\u00e1lis offshore politik\u00e1j\u00e1t.<\/p>","protected":false},"excerpt":{"rendered":"<p>\u041a\u043b\u044e\u0447\u0435\u0432\u044b\u043c \u0440\u0435\u0448\u0435\u043d\u0438\u0435\u043c \u043f\u0440\u0438 \u0441\u043e\u0437\u0434\u0430\u043d\u0438\u0438 \u043e\u0444\u0444\u0448\u043e\u0440\u043d\u043e\u0439 \u043a\u043e\u043c\u043f\u0430\u043d\u0438\u0438 \u044f\u0432\u043b\u044f\u0435\u0442\u0441\u044f \u0442\u043e, \u0434\u043b\u044f \u0447\u0435\u0433\u043e \u0432\u044b \u0445\u043e\u0442\u0438\u0442\u0435 \u0438\u0441\u043f\u043e\u043b\u044c\u0437\u043e\u0432\u0430\u0442\u044c \u0441\u0432\u043e\u0439 \u043d\u043e\u0432\u044b\u0439 \u0431\u0438\u0437\u043d\u0435\u0441. \u0412 \u043d\u0430\u0441\u0442\u043e\u044f\u0449\u0435\u0435 \u0432\u0440\u0435\u043c\u044f \u0441\u0443\u0449\u0435\u0441\u0442\u0432\u0443\u0435\u0442 \u043c\u043d\u043e\u0436\u0435\u0441\u0442\u0432\u043e \u0432\u0430\u0440\u0438\u0430\u043d\u0442\u043e\u0432, \u043f\u043e\u0437\u0432\u043e\u043b\u044f\u044e\u0449\u0438\u0445 \u043a\u043b\u0438\u0435\u043d\u0442\u0443 \u043f\u0440\u0438\u0441\u043f\u043e\u0441\u043e\u0431\u0438\u0442\u044c \u043e\u0444\u0444\u0448\u043e\u0440\u043d\u0443\u044e \u043a\u043e\u043c\u043f\u0430\u043d\u0438\u044e \u043a \u0441\u0432\u043e\u0435\u0439 \u0434\u0435\u044f\u0442\u0435\u043b\u044c\u043d\u043e\u0441\u0442\u0438. \u041a\u043e\u043d\u0435\u0447\u043d\u043e, \u043d\u0430\u0438\u0431\u043e\u043b\u0435\u0435 \u0440\u0430\u0441\u043f\u0440\u043e\u0441\u0442\u0440\u0430\u043d\u0435\u043d\u043d\u044b\u0435 \u0432\u0438\u0434\u044b \u0438\u0441\u043f\u043e\u043b\u044c\u0437\u043e\u0432\u0430\u043d\u0438\u044f \u043e\u0444\u0444\u0448\u043e\u0440\u043d\u044b\u0445 \u043a\u043e\u043c\u043f\u0430\u043d\u0438\u0439 \u0432\u043a\u043b\u044e\u0447\u0430\u044e\u0442:<\/p>","protected":false},"author":2,"featured_media":0,"parent":0,"menu_order":0,"comment_status":"open","ping_status":"open","template":"","meta":{"footnotes":""},"yoast_head":"<!-- This site is optimized with the Yoast SEO Premium plugin v21.5 (Yoast SEO v21.5) - https:\/\/yoast.com\/wordpress\/plugins\/seo\/ -->\n<title>Mire J\u00f3 egy Offshore C\u00e9g? - Offshore C\u00e9galap\u00edt\u00e1s<\/title>\n<meta name=\"description\" content=\"Egy offshore c\u00e9g alap\u00edt\u00e1s\u00e1nak kulcs d\u00f6nt\u00e9se, hogy mire is szeretn\u00e9nk felhaszn\u00e1lni \u00faj v\u00e1llalkoz\u00e1sunkat.\" \/>\n<meta name=\"robots\" content=\"index, follow, max-snippet:-1, max-image-preview:large, max-video-preview:-1\" \/>\n<link rel=\"canonical\" href=\"https:\/\/orderoffshore.com\/ru\/mire-jo-egy-offshore-ceg\/\" \/>\n<meta property=\"og:locale\" content=\"ru_RU\" \/>\n<meta property=\"og:type\" content=\"article\" \/>\n<meta property=\"og:title\" content=\"Mire J\u00f3 egy Offshore C\u00e9g?\" \/>\n<meta property=\"og:description\" content=\"Egy offshore c\u00e9g alap\u00edt\u00e1s\u00e1nak kulcs d\u00f6nt\u00e9se, hogy mire is szeretn\u00e9nk felhaszn\u00e1lni \u00faj v\u00e1llalkoz\u00e1sunkat.\" \/>\n<meta property=\"og:url\" content=\"https:\/\/orderoffshore.com\/ru\/mire-jo-egy-offshore-ceg\/\" \/>\n<meta property=\"og:site_name\" content=\"Offshore C\u00e9galap\u00edt\u00e1s\" \/>\n<meta property=\"article:modified_time\" content=\"2015-06-30T09:44:23+00:00\" \/>\n<meta name=\"twitter:card\" content=\"summary_large_image\" \/>\n<meta name=\"twitter:label1\" content=\"\u041f\u0440\u0438\u043c\u0435\u0440\u043d\u043e\u0435 \u0432\u0440\u0435\u043c\u044f \u0434\u043b\u044f \u0447\u0442\u0435\u043d\u0438\u044f\" \/>\n\t<meta name=\"twitter:data1\" content=\"1 \u043c\u0438\u043d\u0443\u0442\u0430\" \/>\n<script type=\"application\/ld+json\" class=\"yoast-schema-graph\">{\n\t    \"@context\": \"https:\/\/schema.org\",\n\t    \"@graph\": [\n\t        {\n\t            \"@type\": \"WebPage\",\n\t            \"@id\": \"https:\/\/orderoffshore.com\/mire-jo-egy-offshore-ceg\/\",\n\t            \"url\": \"https:\/\/orderoffshore.com\/mire-jo-egy-offshore-ceg\/\",\n\t            \"name\": \"Mire J\u00f3 egy Offshore C\u00e9g? - Offshore C\u00e9galap\u00edt\u00e1s\",\n\t            \"isPartOf\": {\n\t                \"@id\": \"https:\/\/orderoffshore.com\/#website\"\n\t            },\n\t            \"datePublished\": \"2014-11-06T14:18:12+00:00\",\n\t            \"dateModified\": \"2015-06-30T09:44:23+00:00\",\n\t            \"description\": \"Egy offshore c\u00e9g alap\u00edt\u00e1s\u00e1nak kulcs d\u00f6nt\u00e9se, hogy mire is szeretn\u00e9nk felhaszn\u00e1lni \u00faj v\u00e1llalkoz\u00e1sunkat.\",\n\t            \"breadcrumb\": {\n\t                \"@id\": \"https:\/\/orderoffshore.com\/mire-jo-egy-offshore-ceg\/#breadcrumb\"\n\t            },\n\t            \"inLanguage\": \"ru-RU\",\n\t            \"potentialAction\": [\n\t                {\n\t                    \"@type\": \"ReadAction\",\n\t                    \"target\": [\n\t                        \"https:\/\/orderoffshore.com\/mire-jo-egy-offshore-ceg\/\"\n\t                    ]\n\t                }\n\t            ]\n\t        },\n\t        {\n\t            \"@type\": \"BreadcrumbList\",\n\t            \"@id\": \"https:\/\/orderoffshore.com\/mire-jo-egy-offshore-ceg\/#breadcrumb\",\n\t            \"itemListElement\": [\n\t                {\n\t                    \"@type\": \"ListItem\",\n\t                    \"position\": 1,\n\t                    \"name\": \"Kezd\u0151lap\",\n\t                    \"item\": \"https:\/\/orderoffshore.com\/\"\n\t                },\n\t                {\n\t                    \"@type\": \"ListItem\",\n\t                    \"position\": 2,\n\t                    \"name\": \"Mire J\u00f3 egy Offshore C\u00e9g?\"\n\t                }\n\t            ]\n\t        },\n\t        {\n\t            \"@type\": \"WebSite\",\n\t            \"@id\": \"https:\/\/orderoffshore.com\/#website\",\n\t            \"url\": \"https:\/\/orderoffshore.com\/\",\n\t            \"name\": \"Order Offshore\",\n\t            \"description\": \"C\u00e9galap\u00edt\u00e1s, v\u00edzum \u00e9s banksz\u00e1mla l\u00e9trehoz\u00e1s\",\n\t            \"publisher\": {\n\t                \"@id\": \"https:\/\/orderoffshore.com\/#organization\"\n\t            },\n\t            \"potentialAction\": [\n\t                {\n\t                    \"@type\": \"SearchAction\",\n\t                    \"target\": {\n\t                        \"@type\": \"EntryPoint\",\n\t                        \"urlTemplate\": \"https:\/\/orderoffshore.com\/?s={search_term_string}\"\n\t                    },\n\t                    \"query-input\": \"required name=search_term_string\"\n\t                }\n\t            ],\n\t            \"inLanguage\": \"ru-RU\"\n\t        },\n\t        {\n\t            \"@type\": \"Organization\",\n\t            \"@id\": \"https:\/\/orderoffshore.com\/#organization\",\n\t            \"name\": \"Order Offshore\",\n\t            \"url\": \"https:\/\/orderoffshore.com\/\",\n\t            \"logo\": {\n\t                \"@type\": \"ImageObject\",\n\t                \"inLanguage\": \"ru-RU\",\n\t                \"@id\": \"https:\/\/orderoffshore.com\/#\/schema\/logo\/image\/\",\n\t                \"url\": \"https:\/\/orderoffshore.com\/wp-content\/uploads\/2014\/11\/orderofshore_logo1.png\",\n\t                \"contentUrl\": \"https:\/\/orderoffshore.com\/wp-content\/uploads\/2014\/11\/orderofshore_logo1.png\",\n\t                \"width\": 250,\n\t                \"height\": 80,\n\t                \"caption\": \"Order Offshore\"\n\t            },\n\t            \"image\": {\n\t                \"@id\": \"https:\/\/orderoffshore.com\/#\/schema\/logo\/image\/\"\n\t            }\n\t        }\n\t    ]\n\t}<\/script>\n<!-- \/ Yoast SEO Premium plugin. -->","yoast_head_json":{"title":"Mire J\u00f3 egy Offshore C\u00e9g? - Offshore C\u00e9galap\u00edt\u00e1s","description":"Egy offshore c\u00e9g alap\u00edt\u00e1s\u00e1nak kulcs d\u00f6nt\u00e9se, hogy mire is szeretn\u00e9nk felhaszn\u00e1lni \u00faj v\u00e1llalkoz\u00e1sunkat.","robots":{"index":"index","follow":"follow","max-snippet":"max-snippet:-1","max-image-preview":"max-image-preview:large","max-video-preview":"max-video-preview:-1"},"canonical":"https:\/\/orderoffshore.com\/ru\/mire-jo-egy-offshore-ceg\/","og_locale":"ru_RU","og_type":"article","og_title":"Mire J\u00f3 egy Offshore C\u00e9g?","og_description":"Egy offshore c\u00e9g alap\u00edt\u00e1s\u00e1nak kulcs d\u00f6nt\u00e9se, hogy mire is szeretn\u00e9nk felhaszn\u00e1lni \u00faj v\u00e1llalkoz\u00e1sunkat.","og_url":"https:\/\/orderoffshore.com\/ru\/mire-jo-egy-offshore-ceg\/","og_site_name":"Offshore C\u00e9galap\u00edt\u00e1s","article_modified_time":"2015-06-30T09:44:23+00:00","twitter_card":"summary_large_image","twitter_misc":{"\u041f\u0440\u0438\u043c\u0435\u0440\u043d\u043e\u0435 \u0432\u0440\u0435\u043c\u044f \u0434\u043b\u044f \u0447\u0442\u0435\u043d\u0438\u044f":"1 \u043c\u0438\u043d\u0443\u0442\u0430"},"schema":{"@context":"https:\/\/schema.org","@graph":[{"@type":"WebPage","@id":"https:\/\/orderoffshore.com\/mire-jo-egy-offshore-ceg\/","url":"https:\/\/orderoffshore.com\/mire-jo-egy-offshore-ceg\/","name":"Mire J\u00f3 egy Offshore C\u00e9g? - Offshore C\u00e9galap\u00edt\u00e1s","isPartOf":{"@id":"https:\/\/orderoffshore.com\/#website"},"datePublished":"2014-11-06T14:18:12+00:00","dateModified":"2015-06-30T09:44:23+00:00","description":"Egy offshore c\u00e9g alap\u00edt\u00e1s\u00e1nak kulcs d\u00f6nt\u00e9se, hogy mire is szeretn\u00e9nk felhaszn\u00e1lni \u00faj v\u00e1llalkoz\u00e1sunkat.","breadcrumb":{"@id":"https:\/\/orderoffshore.com\/mire-jo-egy-offshore-ceg\/#breadcrumb"},"inLanguage":"ru-RU","potentialAction":[{"@type":"ReadAction","target":["https:\/\/orderoffshore.com\/mire-jo-egy-offshore-ceg\/"]}]},{"@type":"BreadcrumbList","@id":"https:\/\/orderoffshore.com\/mire-jo-egy-offshore-ceg\/#breadcrumb","itemListElement":[{"@type":"ListItem","position":1,"name":"Kezd\u0151lap","item":"https:\/\/orderoffshore.com\/"},{"@type":"ListItem","position":2,"name":"Mire J\u00f3 egy Offshore C\u00e9g?"}]},{"@type":"WebSite","@id":"https:\/\/orderoffshore.com\/#website","url":"https:\/\/orderoffshore.com\/","name":"Order Offshore","description":"C\u00e9galap\u00edt\u00e1s, v\u00edzum \u00e9s banksz\u00e1mla l\u00e9trehoz\u00e1s","publisher":{"@id":"https:\/\/orderoffshore.com\/#organization"},"potentialAction":[{"@type":"SearchAction","target":{"@type":"EntryPoint","urlTemplate":"https:\/\/orderoffshore.com\/?s={search_term_string}"},"query-input":"required name=search_term_string"}],"inLanguage":"ru-RU"},{"@type":"Organization","@id":"https:\/\/orderoffshore.com\/#organization","name":"Order Offshore","url":"https:\/\/orderoffshore.com\/","logo":{"@type":"ImageObject","inLanguage":"ru-RU","@id":"https:\/\/orderoffshore.com\/#\/schema\/logo\/image\/","url":"https:\/\/orderoffshore.com\/wp-content\/uploads\/2014\/11\/orderofshore_logo1.png","contentUrl":"https:\/\/orderoffshore.com\/wp-content\/uploads\/2014\/11\/orderofshore_logo1.png","width":250,"height":80,"caption":"Order Offshore"},"image":{"@id":"https:\/\/orderoffshore.com\/#\/schema\/logo\/image\/"}}]}},"_links":{"self":[{"href":"https:\/\/orderoffshore.com\/ru\/wp-json\/wp\/v2\/pages\/74"}],"collection":[{"href":"https:\/\/orderoffshore.com\/ru\/wp-json\/wp\/v2\/pages"}],"about":[{"href":"https:\/\/orderoffshore.com\/ru\/wp-json\/wp\/v2\/types\/page"}],"author":[{"embeddable":true,"href":"https:\/\/orderoffshore.com\/ru\/wp-json\/wp\/v2\/users\/2"}],"replies":[{"embeddable":true,"href":"https:\/\/orderoffshore.com\/ru\/wp-json\/wp\/v2\/comments?post=74"}],"version-history":[{"count":2,"href":"https:\/\/orderoffshore.com\/ru\/wp-json\/wp\/v2\/pages\/74\/revisions"}],"predecessor-version":[{"id":79,"href":"https:\/\/orderoffshore.com\/ru\/wp-json\/wp\/v2\/pages\/74\/revisions\/79"}],"wp:attachment":[{"href":"https:\/\/orderoffshore.com\/ru\/wp-json\/wp\/v2\/media?parent=74"}],"curies":[{"name":"wp","href":"https:\/\/api.w.org\/{rel}","templated":true}]}}