{"id":76,"date":"2014-11-06T14:18:50","date_gmt":"2014-11-06T14:18:50","guid":{"rendered":"http:\/\/localhost\/orderoffhore\/?page_id=76"},"modified":"2015-06-30T09:45:37","modified_gmt":"2015-06-30T09:45:37","slug":"offshore-szotar","status":"publish","type":"page","link":"https:\/\/orderoffshore.com\/ru\/\u043c\u043e\u0440\u0441\u043a\u043e\u0439-\u0441\u043e\u0442\u0430\u0440\/","title":{"rendered":"\u041e\u0444\u0444\u0448\u043e\u0440\u043d\u044b\u0439 \u0441\u043b\u043e\u0432\u0430\u0440\u044c"},"content":{"rendered":"<p>\u041f\u043e\u0436\u0430\u043b\u0443\u0439, \u0441\u0430\u043c\u043e\u0435 \u0441\u043b\u043e\u0436\u043d\u043e\u0435 \u0432 \u043c\u0438\u0440\u0435 \u043e\u0444\u0444\u0448\u043e\u0440\u043e\u0432 \u0434\u043b\u044f \u043d\u0435\u0441\u043f\u0435\u0446\u0438\u0430\u043b\u0438\u0441\u0442\u043e\u0432 - \u043f\u043e\u043d\u044f\u0442\u044c, \u0447\u0442\u043e \u0442\u0430\u043a\u043e\u0435 \u043e\u0444\u0444\u0448\u043e\u0440. \u0412\u0430\u0436\u043d\u044b\u043c \u043f\u0435\u0440\u0432\u044b\u043c \u0448\u0430\u0433\u043e\u043c \u044f\u0432\u043b\u044f\u0435\u0442\u0441\u044f \u043e\u0437\u043d\u0430\u043a\u043e\u043c\u043b\u0435\u043d\u0438\u0435 \u0441 \u043e\u0431\u0449\u0435\u043f\u0440\u0438\u043d\u044f\u0442\u044b\u043c\u0438 \u0442\u0435\u0440\u043c\u0438\u043d\u0430\u043c\u0438, \u043a\u043e\u0442\u043e\u0440\u044b\u0435 \u043f\u043e\u043c\u043e\u0433\u0443\u0442 \u0432\u0430\u043c \u043e\u0440\u0438\u0435\u043d\u0442\u0438\u0440\u043e\u0432\u0430\u0442\u044c\u0441\u044f \u0432 \u044d\u0442\u043e\u0439 \u0431\u0438\u0437\u043d\u0435\u0441-\u0441\u0440\u0435\u0434\u0435 \u0438 \u0440\u0430\u0437\u0431\u0438\u0440\u0430\u0442\u044c\u0441\u044f \u0432 \u043b\u0438\u0442\u0435\u0440\u0430\u0442\u0443\u0440\u0435. \u041a\u0430\u043a \u0438 \u0432 \u043e\u0441\u043d\u043e\u0432\u043d\u044b\u0445 \u0441\u0444\u0435\u0440\u0430\u0445 \u0431\u0438\u0437\u043d\u0435\u0441\u0430, \u0437\u043d\u0430\u043d\u0438\u0435 \u0430\u043d\u0433\u043b\u0438\u0439\u0441\u043a\u043e\u0433\u043e \u044f\u0437\u044b\u043a\u0430 \u044f\u0432\u043b\u044f\u0435\u0442\u0441\u044f \u043f\u0440\u0435\u0438\u043c\u0443\u0449\u0435\u0441\u0442\u0432\u043e\u043c \u0432 \u043c\u0438\u0440\u0435 \u043e\u0444\u0444\u0448\u043e\u0440\u043d\u043e\u0433\u043e \u0431\u0438\u0437\u043d\u0435\u0441\u0430, \u043d\u043e \u0441\u043e\u043e\u0442\u0432\u0435\u0442\u0441\u0442\u0432\u0443\u044e\u0449\u0438\u0439 \u0441\u043b\u043e\u0432\u0430\u0440\u043d\u044b\u0439 \u0437\u0430\u043f\u0430\u0441 \u043c\u043e\u0436\u043d\u043e \u043e\u0441\u0432\u043e\u0438\u0442\u044c \u0438 \u0431\u0435\u0437 \u043d\u0435\u0433\u043e.<!--more--><\/p>\n<p>\u0421\u043b\u0435\u0434\u0443\u044e\u0449\u0438\u0435 \u0442\u0435\u0440\u043c\u0438\u043d\u044b \u0432\u043a\u043b\u044e\u0447\u0435\u043d\u044b \u0432 \"\u041e\u0444\u0444\u0448\u043e\u0440\u043d\u044b\u0439 \u0441\u043b\u043e\u0432\u0430\u0440\u044c\":<\/p>\n<table border=\"0\" align=\"center\">\n<tbody>\n<tr>\n<td>\u041e\u0444\u0444\u0448\u043e\u0440:<\/td>\n<td>\u043a\u043e\u043c\u043f\u0430\u043d\u0438\u044f, \u043d\u0435 \u043e\u0441\u0443\u0449\u0435\u0441\u0442\u0432\u043b\u044f\u044e\u0449\u0430\u044f \u043d\u0438\u043a\u0430\u043a\u043e\u0439 \u044d\u043a\u043e\u043d\u043e\u043c\u0438\u0447\u0435\u0441\u043a\u043e\u0439 \u0434\u0435\u044f\u0442\u0435\u043b\u044c\u043d\u043e\u0441\u0442\u0438 \u043f\u043e \u043c\u0435\u0441\u0442\u0443 \u0440\u0435\u0433\u0438\u0441\u0442\u0440\u0430\u0446\u0438\u0438<\/td>\n<\/tr>\n<tr>\n<td>\u041e\u0444\u0444\u0448\u043e\u0440\u043d\u0430\u044f \u043a\u043e\u043c\u043f\u0430\u043d\u0438\u044f:<\/td>\n<td>\u043e\u0444\u0444\u0448\u043e\u0440\u043d\u0430\u044f \u043a\u043e\u043c\u043f\u0430\u043d\u0438\u044f<\/td>\n<\/tr>\n<tr>\n<td>\u041e\u0444\u0444\u0448\u043e\u0440\u043d\u044b\u0435 \u043a\u043e\u043c\u043f\u0430\u043d\u0438\u0438:<\/td>\n<td>\u043e\u0444\u0444\u0448\u043e\u0440\u043d\u044b\u0435 \u043a\u043e\u043c\u043f\u0430\u043d\u0438\u0438<\/td>\n<\/tr>\n<tr>\n<td>\u041e\u0444\u0444\u0448\u043e\u0440\u043d\u044b\u0435 \u0431\u0430\u043d\u043a\u043e\u0432\u0441\u043a\u0438\u0435 \u043e\u043f\u0435\u0440\u0430\u0446\u0438\u0438:<\/td>\n<td>\u041e\u0444\u0444\u0448\u043e\u0440\u043d\u044b\u0435 \u0431\u0430\u043d\u043a\u043e\u0432\u0441\u043a\u0438\u0435 \u0443\u0441\u043b\u0443\u0433\u0438<\/td>\n<\/tr>\n<tr>\n<td>\u041e\u0444\u0444\u0448\u043e\u0440\u043d\u044b\u0439 \u0441\u0447\u0435\u0442:<\/td>\n<td>\u043e\u0444\u0444\u0448\u043e\u0440\u043d\u044b\u0439 \u0441\u0447\u0451\u0442<\/td>\n<\/tr>\n<tr>\n<td>\u041e\u0444\u0448\u043e\u0440\u043d\u044b\u0439 \u0430\u0443\u0442\u0441\u043e\u0440\u0441\u0438\u043d\u0433:<\/td>\n<td>\u043e\u0444\u0448\u043e\u0440\u043d\u044b\u0439 \u0430\u0443\u0442\u0441\u043e\u0440\u0441\u0438\u043d\u0433<\/td>\n<\/tr>\n<tr>\n<td>\u041e\u0444\u0444\u0448\u043e\u0440\u043d\u044b\u0435 \u0443\u0441\u043b\u0443\u0433\u0438:<\/td>\n<td>\u043e\u0444\u0444\u0448\u043e\u0440\u043d\u044b\u0435 \u0443\u0441\u043b\u0443\u0433\u0438<\/td>\n<\/tr>\n<tr>\n<td>\u041e\u0444\u0444\u0448\u043e\u0440\u043d\u044b\u0439 \u0431\u0430\u043d\u043a\u043e\u0432\u0441\u043a\u0438\u0439 \u0441\u0447\u0435\u0442:<\/td>\n<td>\u043e\u0444\u0444\u0448\u043e\u0440\u043d\u044b\u0439 \u0431\u0430\u043d\u043a\u043e\u0432\u0441\u043a\u0438\u0439 \u0441\u0447\u0451\u0442<\/td>\n<\/tr>\n<tr>\n<td>\u041e\u0444\u0444\u0448\u043e\u0440\u043d\u044b\u0435 \u0431\u0430\u043d\u043a\u0438:<\/td>\n<td>\u043e\u0444\u0444\u0448\u043e\u0440\u043d\u044b\u0435 \u0431\u0430\u043d\u043a\u0438<\/td>\n<\/tr>\n<tr>\n<td>\u0421\u0435\u0439\u0448\u0435\u043b\u044c\u0441\u043a\u0438\u0435 \u043e\u0441\u0442\u0440\u043e\u0432\u0430:<\/td>\n<td>\u0421\u0435\u0439\u0448\u0435\u043b\u044c\u0441\u043a\u0438\u0435 \u043e\u0441\u0442\u0440\u043e\u0432\u0430<\/td>\n<\/tr>\n<tr>\n<td>\u041c\u043e\u0440\u0441\u043a\u043e\u0439 \u043e\u0441\u0442\u0440\u043e\u0432:<\/td>\n<td>\u041c\u043e\u0440\u0441\u043a\u043e\u0439 \u043e\u0441\u0442\u0440\u043e\u0432<\/td>\n<\/tr>\n<tr>\n<td>\u041e\u0444\u0444\u0448\u043e\u0440 \u043e\u043d\u043b\u0430\u0439\u043d<\/td>\n<td>\u043e\u043d\u043b\u0430\u0439\u043d-\u043e\u0444\u0448\u043e\u0440<\/td>\n<\/tr>\n<tr>\n<td>\u0421\u043e\u0437\u0434\u0430\u043d\u0438\u0435 \u043e\u0444\u0444\u0448\u043e\u0440\u043d\u044b\u0445 \u043a\u043e\u043c\u043f\u0430\u043d\u0438\u0439:<\/td>\n<td>\u0441\u043e\u0437\u0434\u0430\u043d\u0438\u0435 \u043e\u0444\u0444\u0448\u043e\u0440\u043d\u043e\u0439 \u043a\u043e\u043c\u043f\u0430\u043d\u0438\u0438<\/td>\n<\/tr>\n<tr>\n<td>\u041e\u0444\u0444\u0448\u043e\u0440\u043d\u044b\u0439 \u0438\u043d\u043a\u043e\u0440\u043f\u043e\u0440\u0435\u0439\u0442\u0435\u0434:<\/td>\n<td>\u0440\u0435\u0433\u0438\u0441\u0442\u0440\u0430\u0446\u0438\u044f \u043e\u0444\u0444\u0448\u043e\u0440\u043d\u043e\u0439 \u043a\u043e\u043c\u043f\u0430\u043d\u0438\u0438<\/td>\n<\/tr>\n<tr>\n<td>\u041e\u0444\u0444\u0448\u043e\u0440 \u0411\u0435\u043b\u0438\u0437\u0430:<\/td>\n<td>\u0411\u0435\u043b\u0438\u0437\u0441\u043a\u0438\u0435 \u043e\u0444\u0444\u0448\u043e\u0440\u044b<\/td>\n<\/tr>\n<tr>\n<td>\u041d\u0430\u043b\u043e\u0433\u043e\u0432\u044b\u0439 \u0440\u0430\u0439:<\/td>\n<td>\u043d\u0430\u043b\u043e\u0433\u043e\u0432\u0430\u044f \u0433\u0430\u0432\u0430\u043d\u044c<\/td>\n<\/tr>\n<tr>\n<td>\u041e\u0444\u0448\u043e\u0440\u043d\u043e\u0435 \u0437\u0430\u043a\u043e\u043d\u043e\u0434\u0430\u0442\u0435\u043b\u044c\u0441\u0442\u0432\u043e:<\/td>\n<td>\u043e\u0444\u0444\u0448\u043e\u0440\u043d\u043e\u0435 \u043f\u0440\u0430\u0432\u043e<\/td>\n<\/tr>\n<tr>\n<td>\u042e\u0440\u0438\u0434\u0438\u0447\u0435\u0441\u043a\u0438\u0435 \u043e\u0444\u0444\u0448\u043e\u0440\u044b:<\/td>\n<td>\u044e\u0440\u0438\u0434\u0438\u0447\u0435\u0441\u043a\u0438\u0435 \u043e\u0444\u0444\u0448\u043e\u0440\u044b<\/td>\n<\/tr>\n<tr>\n<td>\u0423\u043f\u0440\u0430\u0432\u043b\u0435\u043d\u0438\u0435 \u043e\u0444\u0444\u0448\u043e\u0440\u043d\u044b\u043c\u0438 \u0430\u043a\u0442\u0438\u0432\u0430\u043c\u0438:<\/td>\n<td>\u0443\u043f\u0440\u0430\u0432\u043b\u0435\u043d\u0438\u0435 \u043e\u0444\u0444\u0448\u043e\u0440\u043d\u044b\u043c\u0438 \u0430\u043a\u0442\u0438\u0432\u0430\u043c\u0438<\/td>\n<\/tr>\n<tr>\n<td>\u0417\u0430\u0449\u0438\u0442\u0430 \u0438\u043c\u0443\u0449\u0435\u0441\u0442\u0432\u0430<\/td>\n<td>\u0437\u0430\u0449\u0438\u0442\u0430 \u0430\u043a\u0442\u0438\u0432\u043e\u0432<\/td>\n<\/tr>\n<tr>\n<td>\u0411\u0435\u0437\u043e\u043f\u0430\u0441\u043d\u043e\u0441\u0442\u044c:<\/td>\n<td>\u041e\u0431\u043e\u0440\u043e\u043d\u0430<\/td>\n<\/tr>\n<tr>\n<td>\u0422\u043e\u0440\u0433\u043e\u0432\u043b\u044f \u0444\u044c\u044e\u0447\u0435\u0440\u0441\u0430\u043c\u0438:<\/td>\n<td>\u0431\u0438\u0440\u0436\u0435\u0432\u0430\u044f \u0442\u043e\u0440\u0433\u043e\u0432\u043b\u044f<\/td>\n<\/tr>\n<tr>\n<td>\u041e\u0444\u0444\u0448\u043e\u0440 BVI (\u0411\u0440\u0438\u0442\u0430\u043d\u0441\u043a\u0438\u0435 \u0412\u0438\u0440\u0433\u0438\u043d\u0441\u043a\u0438\u0435 \u043e\u0441\u0442\u0440\u043e\u0432\u0430):<\/td>\n<td>\u041e\u0444\u0448\u043e\u0440 BVI (\u0411\u0440\u0438\u0442\u0430\u043d\u0441\u043a\u0438\u0435 \u0412\u0438\u0440\u0433\u0438\u043d\u0441\u043a\u0438\u0435 \u043e\u0441\u0442\u0440\u043e\u0432\u0430)<\/td>\n<\/tr>\n<\/tbody>\n<\/table>","protected":false},"excerpt":{"rendered":"<p>Az offshore vil\u00e1gban a legnehezebb tal\u00e1n a laikus embereknek, meg\u00e9rteni mindazt, amir\u0151l az offshore sz\u00f3l. Fontos els\u0151 l\u00e9p\u00e9s megismerkedni a gyakran haszn\u00e1lt kifejez\u00e9seket, melyek seg\u00edthetnek eligazodni ebben az \u00fczleti k\u00f6rnyezetben, illetve meg\u00e9rteni a szakirodalom tartalm\u00e1t. Ahogy az \u00fczleti \u00e9let f\u0151bb ter\u00fcletein, az offshore business vil\u00e1g\u00e1ban is el\u0151nyt jelent az angol nyelv ismerete, de az ide [&hellip;]<\/p>","protected":false},"author":2,"featured_media":0,"parent":0,"menu_order":0,"comment_status":"open","ping_status":"open","template":"","meta":{"footnotes":""},"yoast_head":"<!-- This site is optimized with the Yoast SEO Premium plugin v21.5 (Yoast SEO v21.5) - https:\/\/yoast.com\/wordpress\/plugins\/seo\/ -->\n<title>Offshore sz\u00f3t\u00e1r - Offshore C\u00e9galap\u00edt\u00e1s<\/title>\n<meta name=\"description\" content=\"Fontos els\u0151 l\u00e9p\u00e9s megismerkedni a gyakran haszn\u00e1lt kifejez\u00e9seket, melyek seg\u00edthetnek eligazodni ebben az \u00fczleti k\u00f6rnyezetben, illetve meg\u00e9rteni a szakirodalom tartalm\u00e1t.\" \/>\n<meta name=\"robots\" content=\"index, follow, max-snippet:-1, max-image-preview:large, max-video-preview:-1\" \/>\n<link rel=\"canonical\" href=\"https:\/\/orderoffshore.com\/ru\/\u043c\u043e\u0440\u0441\u043a\u043e\u0439-\u0441\u043e\u0442\u0430\u0440\/\" \/>\n<meta property=\"og:locale\" content=\"ru_RU\" \/>\n<meta property=\"og:type\" content=\"article\" \/>\n<meta property=\"og:title\" content=\"Offshore sz\u00f3t\u00e1r\" \/>\n<meta property=\"og:description\" content=\"Fontos els\u0151 l\u00e9p\u00e9s megismerkedni a gyakran haszn\u00e1lt kifejez\u00e9seket, melyek seg\u00edthetnek eligazodni ebben az \u00fczleti k\u00f6rnyezetben, illetve meg\u00e9rteni a szakirodalom tartalm\u00e1t.\" \/>\n<meta property=\"og:url\" content=\"https:\/\/orderoffshore.com\/ru\/\u043c\u043e\u0440\u0441\u043a\u043e\u0439-\u0441\u043e\u0442\u0430\u0440\/\" \/>\n<meta property=\"og:site_name\" content=\"Offshore C\u00e9galap\u00edt\u00e1s\" \/>\n<meta property=\"article:modified_time\" content=\"2015-06-30T09:45:37+00:00\" \/>\n<meta name=\"twitter:card\" content=\"summary_large_image\" \/>\n<meta name=\"twitter:label1\" content=\"\u041f\u0440\u0438\u043c\u0435\u0440\u043d\u043e\u0435 \u0432\u0440\u0435\u043c\u044f \u0434\u043b\u044f \u0447\u0442\u0435\u043d\u0438\u044f\" \/>\n\t<meta name=\"twitter:data1\" content=\"1 \u043c\u0438\u043d\u0443\u0442\u0430\" \/>\n<script type=\"application\/ld+json\" class=\"yoast-schema-graph\">{\n\t    \"@context\": \"https:\/\/schema.org\",\n\t    \"@graph\": [\n\t        {\n\t            \"@type\": \"WebPage\",\n\t            \"@id\": \"https:\/\/orderoffshore.com\/offshore-szotar\/\",\n\t            \"url\": \"https:\/\/orderoffshore.com\/offshore-szotar\/\",\n\t            \"name\": \"Offshore sz\u00f3t\u00e1r - Offshore C\u00e9galap\u00edt\u00e1s\",\n\t            \"isPartOf\": {\n\t                \"@id\": \"https:\/\/orderoffshore.com\/#website\"\n\t            },\n\t            \"datePublished\": \"2014-11-06T14:18:50+00:00\",\n\t            \"dateModified\": \"2015-06-30T09:45:37+00:00\",\n\t            \"description\": \"Fontos els\u0151 l\u00e9p\u00e9s megismerkedni a gyakran haszn\u00e1lt kifejez\u00e9seket, melyek seg\u00edthetnek eligazodni ebben az \u00fczleti k\u00f6rnyezetben, illetve meg\u00e9rteni a szakirodalom tartalm\u00e1t.\",\n\t            \"breadcrumb\": {\n\t                \"@id\": \"https:\/\/orderoffshore.com\/offshore-szotar\/#breadcrumb\"\n\t            },\n\t            \"inLanguage\": \"ru-RU\",\n\t            \"potentialAction\": [\n\t                {\n\t                    \"@type\": \"ReadAction\",\n\t                    \"target\": [\n\t                        \"https:\/\/orderoffshore.com\/offshore-szotar\/\"\n\t                    ]\n\t                }\n\t            ]\n\t        },\n\t        {\n\t            \"@type\": \"BreadcrumbList\",\n\t            \"@id\": \"https:\/\/orderoffshore.com\/offshore-szotar\/#breadcrumb\",\n\t            \"itemListElement\": [\n\t                {\n\t                    \"@type\": \"ListItem\",\n\t                    \"position\": 1,\n\t                    \"name\": \"Kezd\u0151lap\",\n\t                    \"item\": \"https:\/\/orderoffshore.com\/\"\n\t                },\n\t                {\n\t                    \"@type\": \"ListItem\",\n\t                    \"position\": 2,\n\t                    \"name\": \"Offshore sz\u00f3t\u00e1r\"\n\t                }\n\t            ]\n\t        },\n\t        {\n\t            \"@type\": \"WebSite\",\n\t            \"@id\": \"https:\/\/orderoffshore.com\/#website\",\n\t            \"url\": \"https:\/\/orderoffshore.com\/\",\n\t            \"name\": \"Order Offshore\",\n\t            \"description\": \"C\u00e9galap\u00edt\u00e1s, v\u00edzum \u00e9s banksz\u00e1mla l\u00e9trehoz\u00e1s\",\n\t            \"publisher\": {\n\t                \"@id\": \"https:\/\/orderoffshore.com\/#organization\"\n\t            },\n\t            \"potentialAction\": [\n\t                {\n\t                    \"@type\": \"SearchAction\",\n\t                    \"target\": {\n\t                        \"@type\": \"EntryPoint\",\n\t                        \"urlTemplate\": \"https:\/\/orderoffshore.com\/?s={search_term_string}\"\n\t                    },\n\t                    \"query-input\": \"required name=search_term_string\"\n\t                }\n\t            ],\n\t            \"inLanguage\": \"ru-RU\"\n\t        },\n\t        {\n\t            \"@type\": \"Organization\",\n\t            \"@id\": \"https:\/\/orderoffshore.com\/#organization\",\n\t            \"name\": \"Order Offshore\",\n\t            \"url\": \"https:\/\/orderoffshore.com\/\",\n\t            \"logo\": {\n\t                \"@type\": \"ImageObject\",\n\t                \"inLanguage\": \"ru-RU\",\n\t                \"@id\": \"https:\/\/orderoffshore.com\/#\/schema\/logo\/image\/\",\n\t                \"url\": \"https:\/\/orderoffshore.com\/wp-content\/uploads\/2014\/11\/orderofshore_logo1.png\",\n\t                \"contentUrl\": \"https:\/\/orderoffshore.com\/wp-content\/uploads\/2014\/11\/orderofshore_logo1.png\",\n\t                \"width\": 250,\n\t                \"height\": 80,\n\t                \"caption\": \"Order Offshore\"\n\t            },\n\t            \"image\": {\n\t                \"@id\": \"https:\/\/orderoffshore.com\/#\/schema\/logo\/image\/\"\n\t            }\n\t        }\n\t    ]\n\t}<\/script>\n<!-- \/ Yoast SEO Premium plugin. -->","yoast_head_json":{"title":"Offshore sz\u00f3t\u00e1r - Offshore C\u00e9galap\u00edt\u00e1s","description":"Fontos els\u0151 l\u00e9p\u00e9s megismerkedni a gyakran haszn\u00e1lt kifejez\u00e9seket, melyek seg\u00edthetnek eligazodni ebben az \u00fczleti k\u00f6rnyezetben, illetve meg\u00e9rteni a szakirodalom tartalm\u00e1t.","robots":{"index":"index","follow":"follow","max-snippet":"max-snippet:-1","max-image-preview":"max-image-preview:large","max-video-preview":"max-video-preview:-1"},"canonical":"https:\/\/orderoffshore.com\/ru\/\u043c\u043e\u0440\u0441\u043a\u043e\u0439-\u0441\u043e\u0442\u0430\u0440\/","og_locale":"ru_RU","og_type":"article","og_title":"Offshore sz\u00f3t\u00e1r","og_description":"Fontos els\u0151 l\u00e9p\u00e9s megismerkedni a gyakran haszn\u00e1lt kifejez\u00e9seket, melyek seg\u00edthetnek eligazodni ebben az \u00fczleti k\u00f6rnyezetben, illetve meg\u00e9rteni a szakirodalom tartalm\u00e1t.","og_url":"https:\/\/orderoffshore.com\/ru\/\u043c\u043e\u0440\u0441\u043a\u043e\u0439-\u0441\u043e\u0442\u0430\u0440\/","og_site_name":"Offshore C\u00e9galap\u00edt\u00e1s","article_modified_time":"2015-06-30T09:45:37+00:00","twitter_card":"summary_large_image","twitter_misc":{"\u041f\u0440\u0438\u043c\u0435\u0440\u043d\u043e\u0435 \u0432\u0440\u0435\u043c\u044f \u0434\u043b\u044f \u0447\u0442\u0435\u043d\u0438\u044f":"1 \u043c\u0438\u043d\u0443\u0442\u0430"},"schema":{"@context":"https:\/\/schema.org","@graph":[{"@type":"WebPage","@id":"https:\/\/orderoffshore.com\/offshore-szotar\/","url":"https:\/\/orderoffshore.com\/offshore-szotar\/","name":"Offshore sz\u00f3t\u00e1r - Offshore C\u00e9galap\u00edt\u00e1s","isPartOf":{"@id":"https:\/\/orderoffshore.com\/#website"},"datePublished":"2014-11-06T14:18:50+00:00","dateModified":"2015-06-30T09:45:37+00:00","description":"Fontos els\u0151 l\u00e9p\u00e9s megismerkedni a gyakran haszn\u00e1lt kifejez\u00e9seket, melyek seg\u00edthetnek eligazodni ebben az \u00fczleti k\u00f6rnyezetben, illetve meg\u00e9rteni a szakirodalom tartalm\u00e1t.","breadcrumb":{"@id":"https:\/\/orderoffshore.com\/offshore-szotar\/#breadcrumb"},"inLanguage":"ru-RU","potentialAction":[{"@type":"ReadAction","target":["https:\/\/orderoffshore.com\/offshore-szotar\/"]}]},{"@type":"BreadcrumbList","@id":"https:\/\/orderoffshore.com\/offshore-szotar\/#breadcrumb","itemListElement":[{"@type":"ListItem","position":1,"name":"Kezd\u0151lap","item":"https:\/\/orderoffshore.com\/"},{"@type":"ListItem","position":2,"name":"Offshore sz\u00f3t\u00e1r"}]},{"@type":"WebSite","@id":"https:\/\/orderoffshore.com\/#website","url":"https:\/\/orderoffshore.com\/","name":"Order Offshore","description":"C\u00e9galap\u00edt\u00e1s, v\u00edzum \u00e9s banksz\u00e1mla l\u00e9trehoz\u00e1s","publisher":{"@id":"https:\/\/orderoffshore.com\/#organization"},"potentialAction":[{"@type":"SearchAction","target":{"@type":"EntryPoint","urlTemplate":"https:\/\/orderoffshore.com\/?s={search_term_string}"},"query-input":"required name=search_term_string"}],"inLanguage":"ru-RU"},{"@type":"Organization","@id":"https:\/\/orderoffshore.com\/#organization","name":"Order Offshore","url":"https:\/\/orderoffshore.com\/","logo":{"@type":"ImageObject","inLanguage":"ru-RU","@id":"https:\/\/orderoffshore.com\/#\/schema\/logo\/image\/","url":"https:\/\/orderoffshore.com\/wp-content\/uploads\/2014\/11\/orderofshore_logo1.png","contentUrl":"https:\/\/orderoffshore.com\/wp-content\/uploads\/2014\/11\/orderofshore_logo1.png","width":250,"height":80,"caption":"Order Offshore"},"image":{"@id":"https:\/\/orderoffshore.com\/#\/schema\/logo\/image\/"}}]}},"_links":{"self":[{"href":"https:\/\/orderoffshore.com\/ru\/wp-json\/wp\/v2\/pages\/76"}],"collection":[{"href":"https:\/\/orderoffshore.com\/ru\/wp-json\/wp\/v2\/pages"}],"about":[{"href":"https:\/\/orderoffshore.com\/ru\/wp-json\/wp\/v2\/types\/page"}],"author":[{"embeddable":true,"href":"https:\/\/orderoffshore.com\/ru\/wp-json\/wp\/v2\/users\/2"}],"replies":[{"embeddable":true,"href":"https:\/\/orderoffshore.com\/ru\/wp-json\/wp\/v2\/comments?post=76"}],"version-history":[{"count":2,"href":"https:\/\/orderoffshore.com\/ru\/wp-json\/wp\/v2\/pages\/76\/revisions"}],"predecessor-version":[{"id":80,"href":"https:\/\/orderoffshore.com\/ru\/wp-json\/wp\/v2\/pages\/76\/revisions\/80"}],"wp:attachment":[{"href":"https:\/\/orderoffshore.com\/ru\/wp-json\/wp\/v2\/media?parent=76"}],"curies":[{"name":"wp","href":"https:\/\/api.w.org\/{rel}","templated":true}]}}