{"id":8,"date":"2014-11-06T13:32:21","date_gmt":"2014-11-06T13:32:21","guid":{"rendered":"http:\/\/localhost\/orderoffhore\/?page_id=8"},"modified":"2023-05-07T09:15:17","modified_gmt":"2023-05-07T09:15:17","slug":"helyszinek","status":"publish","type":"page","link":"https:\/\/orderoffshore.com\/ru\/helyszinek\/","title":{"rendered":"\u041c\u0435\u0441\u0442\u0430 \u0444\u043e\u0440\u043c\u0438\u0440\u043e\u0432\u0430\u043d\u0438\u044f \u043e\u0444\u0444\u0448\u043e\u0440\u043d\u044b\u0445 \u043a\u043e\u043c\u043f\u0430\u043d\u0438\u0439 \u0432 2023 \u0433\u043e\u0434\u0443!"},"content":{"rendered":"<h1>Offshore C\u00e9galap\u00edt\u00e1s Helysz\u00ednek 2023-ban<\/h1>\n<p>Offshore c\u00e9galap\u00edt\u00e1s helysz\u00ednek kiv\u00e1laszt\u00e1sa sor\u00e1n a legt\u00f6bb\u00fcnknek az els\u0151 \u00e9s legnehezebben eld\u00f6nthet\u0151 k\u00e9rd\u00e9ssel tal\u00e1ljuk szembe magunkat, hogy hol jegyezz\u00fck be offshore c\u00e9g\u00fcnket. Az offshore c\u00e9galap\u00edt\u00e1s legels\u0151 l\u00e9p\u00e9se szakemberrel val\u00f3 konzult\u00e1ci\u00f3 \u00e9s ut\u00e1na a szakemberrel t\u00f6rt\u00e9n\u0151 c\u00e9galap\u00edt\u00e1s. A t\u00f6k\u00e9letes tervez\u00e9s ut\u00e1n m\u00e1r csak a t\u00f6k\u00e9letes megval\u00f3s\u00edt\u00e1sra van sz\u00fcks\u00e9g.<\/p>\n<p>Offshore c\u00e9galap\u00edt\u00e1s helysz\u00edn\u00e9nek eld\u00f6nt\u00e9s\u00e9hez a lehet\u0151 legt\u00f6bb inform\u00e1ci\u00f3val sz\u00fcks\u00e9ges rendelkezn\u00fcnk. Fontos, hogy mi a tev\u00e9kenys\u00e9g\u00fcnk, mi a term\u00e9k\u00fcnk, szolg\u00e1ltat\u00e1sunk, kik az \u00fcgyfeleink, partnereink, hogyan szedem be a p\u00e9nzt \u00e9s ezek mekkora \u00f6sszegek, milyen deviz\u00e1ban. Illetve javasoljuk a tov\u00e1bbgondol\u00e1s\u00e1t, hogy mi fog ut\u00e1na t\u00f6rt\u00e9nni a bev\u00e9tellel.<\/p>\n<p>Amennyiben a fenti inform\u00e1ci\u00f3kkal rendelkezik, \u00fagy ki tudjuk tal\u00e1lni, hogy mely helysz\u00ednen lenne \u00e9rdemes az offshore c\u00e9get megalap\u00edtni.<\/p>\n<h2 style=\"text-align: justify;\">C\u00e9g\u00fcnk az al\u00e1bbi helysz\u00edneken jegyez be c\u00e9geket:<\/h2>\n<ul>\n<li><img decoding=\"async\" class=\"alignright wp-image-517\" src=\"http:\/\/orderoffshore.com\/wp-content\/uploads\/2023\/05\/IMG_4504-225x300.jpg\" alt=\"offshore c\u00e9galap\u00edt\u00e1s helysz\u00ednek\" width=\"163\" height=\"218\" srcset=\"https:\/\/orderoffshore.com\/wp-content\/uploads\/2023\/05\/IMG_4504-225x300.jpg 225w, https:\/\/orderoffshore.com\/wp-content\/uploads\/2023\/05\/IMG_4504-768x1024.jpg 768w, https:\/\/orderoffshore.com\/wp-content\/uploads\/2023\/05\/IMG_4504-1152x1536.jpg 1152w, https:\/\/orderoffshore.com\/wp-content\/uploads\/2023\/05\/IMG_4504.jpg 1350w\" sizes=\"(max-width: 163px) 100vw, 163px\" \/>\u0421\u0435\u0439\u0448\u0435\u043b\u044c\u0441\u043a\u0438\u0435 \u043e\u0441\u0442\u0440\u043e\u0432\u0430<\/li>\n<li>\u0411\u0435\u043b\u0438\u0437<\/li>\n<li>\u0413\u043e\u043d\u043a\u043e\u043d\u0433<\/li>\n<li>\u0411\u0440\u0438\u0442\u0430\u043d\u0441\u043a\u0438\u0435 \u0412\u0438\u0440\u0433\u0438\u043d\u0441\u043a\u0438\u0435 \u043e\u0441\u0442\u0440\u043e\u0432\u0430<\/li>\n<li>St. Vincent \u00e9s a Grenadine-szigetek<\/li>\n<li>\u041f\u0430\u043d\u0430\u043c\u0430<\/li>\n<li>\u0410\u043d\u0433\u0438\u043b\u044c\u044f<\/li>\n<li>az USA \u00f6sszeg \u00e1llam\u00e1ban<\/li>\n<li>Gibralt\u00e1r<\/li>\n<li>Ciprus<\/li>\n<li>\u041e\u0431\u044a\u0435\u0434\u0438\u043d\u0435\u043d\u043d\u044b\u0435 \u0410\u0440\u0430\u0431\u0441\u043a\u0438\u0435 \u042d\u043c\u0438\u0440\u0430\u0442\u044b<\/li>\n<li>\u00daj-Z\u00e9land<\/li>\n<li>Cayman-szigetek<\/li>\n<li>Samoa<\/li>\n<li>Mauritius<\/li>\n<\/ul>\n<div>Amennyiben egyedi ig\u00e9nyei vannak, k\u00e9rj\u00fck vegye fel a kapcsolatot vel\u00fcnk az <a href=\"mailto:info@orderoffshore.com\">info@orderoffshore.com<\/a> e-mail c\u00edmen.<\/div>","protected":false},"excerpt":{"rendered":"<p>Offshore C\u00e9galap\u00edt\u00e1s Helysz\u00ednek 2023-ban Offshore c\u00e9galap\u00edt\u00e1s helysz\u00ednek kiv\u00e1laszt\u00e1sa sor\u00e1n a legt\u00f6bb\u00fcnknek az els\u0151 \u00e9s legnehezebben eld\u00f6nthet\u0151 k\u00e9rd\u00e9ssel tal\u00e1ljuk szembe magunkat, hogy hol jegyezz\u00fck be offshore c\u00e9g\u00fcnket. Az offshore c\u00e9galap\u00edt\u00e1s legels\u0151 l\u00e9p\u00e9se szakemberrel val\u00f3 konzult\u00e1ci\u00f3 \u00e9s ut\u00e1na a szakemberrel t\u00f6rt\u00e9n\u0151 c\u00e9galap\u00edt\u00e1s. A t\u00f6k\u00e9letes tervez\u00e9s ut\u00e1n m\u00e1r csak a t\u00f6k\u00e9letes megval\u00f3s\u00edt\u00e1sra van sz\u00fcks\u00e9g. Offshore c\u00e9galap\u00edt\u00e1s helysz\u00edn\u00e9nek eld\u00f6nt\u00e9s\u00e9hez [&hellip;]<\/p>","protected":false},"author":2,"featured_media":0,"parent":0,"menu_order":0,"comment_status":"open","ping_status":"open","template":"","meta":{"footnotes":""},"yoast_head":"<!-- This site is optimized with the Yoast SEO Premium plugin v21.5 (Yoast SEO v21.5) - https:\/\/yoast.com\/wordpress\/plugins\/seo\/ -->\n<title>Offshore C\u00e9galap\u00edt\u00e1s Helysz\u00ednek<\/title>\n<meta name=\"description\" content=\"Megmutatjuk mely inform\u00e1ci\u00f3k alapj\u00e1n tud v\u00e1lasztani az offshore c\u00e9galap\u00edt\u00e1s helysz\u00ednek k\u00f6z\u00fcl. Milyen inform\u00e1ci\u00f3kkal kell m\u00e1r rendelkezni c\u00e9galap\u00edt\u00e1s el\u0151tt.\" \/>\n<meta name=\"robots\" content=\"index, follow, max-snippet:-1, max-image-preview:large, max-video-preview:-1\" \/>\n<link rel=\"canonical\" href=\"https:\/\/orderoffshore.com\/ru\/helyszinek\/\" \/>\n<meta property=\"og:locale\" content=\"ru_RU\" \/>\n<meta property=\"og:type\" content=\"article\" \/>\n<meta property=\"og:title\" content=\"Offshore C\u00e9galap\u00edt\u00e1s Helysz\u00ednek 2023-ban!\" \/>\n<meta property=\"og:description\" content=\"Megmutatjuk mely inform\u00e1ci\u00f3k alapj\u00e1n tud v\u00e1lasztani az offshore c\u00e9galap\u00edt\u00e1s helysz\u00ednek k\u00f6z\u00fcl. Milyen inform\u00e1ci\u00f3kkal kell m\u00e1r rendelkezni c\u00e9galap\u00edt\u00e1s el\u0151tt.\" \/>\n<meta property=\"og:url\" content=\"https:\/\/orderoffshore.com\/ru\/helyszinek\/\" \/>\n<meta property=\"og:site_name\" content=\"Offshore C\u00e9galap\u00edt\u00e1s\" \/>\n<meta property=\"article:modified_time\" content=\"2023-05-07T09:15:17+00:00\" \/>\n<meta property=\"og:image\" content=\"http:\/\/orderoffshore.com\/wp-content\/uploads\/2023\/05\/IMG_4504-225x300.jpg\" \/>\n<meta name=\"twitter:card\" content=\"summary_large_image\" \/>\n<meta name=\"twitter:label1\" content=\"\u041f\u0440\u0438\u043c\u0435\u0440\u043d\u043e\u0435 \u0432\u0440\u0435\u043c\u044f \u0434\u043b\u044f \u0447\u0442\u0435\u043d\u0438\u044f\" \/>\n\t<meta name=\"twitter:data1\" content=\"1 \u043c\u0438\u043d\u0443\u0442\u0430\" \/>\n<script type=\"application\/ld+json\" class=\"yoast-schema-graph\">{\n\t    \"@context\": \"https:\/\/schema.org\",\n\t    \"@graph\": [\n\t        {\n\t            \"@type\": \"WebPage\",\n\t            \"@id\": \"https:\/\/orderoffshore.com\/helyszinek\/\",\n\t            \"url\": \"https:\/\/orderoffshore.com\/helyszinek\/\",\n\t            \"name\": \"Offshore C\u00e9galap\u00edt\u00e1s Helysz\u00ednek\",\n\t            \"isPartOf\": {\n\t                \"@id\": \"https:\/\/orderoffshore.com\/#website\"\n\t            },\n\t            \"datePublished\": \"2014-11-06T13:32:21+00:00\",\n\t            \"dateModified\": \"2023-05-07T09:15:17+00:00\",\n\t            \"description\": \"Megmutatjuk mely inform\u00e1ci\u00f3k alapj\u00e1n tud v\u00e1lasztani az offshore c\u00e9galap\u00edt\u00e1s helysz\u00ednek k\u00f6z\u00fcl. Milyen inform\u00e1ci\u00f3kkal kell m\u00e1r rendelkezni c\u00e9galap\u00edt\u00e1s el\u0151tt.\",\n\t            \"breadcrumb\": {\n\t                \"@id\": \"https:\/\/orderoffshore.com\/helyszinek\/#breadcrumb\"\n\t            },\n\t            \"inLanguage\": \"ru-RU\",\n\t            \"potentialAction\": [\n\t                {\n\t                    \"@type\": \"ReadAction\",\n\t                    \"target\": [\n\t                        \"https:\/\/orderoffshore.com\/helyszinek\/\"\n\t                    ]\n\t                }\n\t            ]\n\t        },\n\t        {\n\t            \"@type\": \"BreadcrumbList\",\n\t            \"@id\": \"https:\/\/orderoffshore.com\/helyszinek\/#breadcrumb\",\n\t            \"itemListElement\": [\n\t                {\n\t                    \"@type\": \"ListItem\",\n\t                    \"position\": 1,\n\t                    \"name\": \"Kezd\u0151lap\",\n\t                    \"item\": \"https:\/\/orderoffshore.com\/\"\n\t                },\n\t                {\n\t                    \"@type\": \"ListItem\",\n\t                    \"position\": 2,\n\t                    \"name\": \"Offshore C\u00e9galap\u00edt\u00e1s Helysz\u00ednek 2023-ban!\"\n\t                }\n\t            ]\n\t        },\n\t        {\n\t            \"@type\": \"WebSite\",\n\t            \"@id\": \"https:\/\/orderoffshore.com\/#website\",\n\t            \"url\": \"https:\/\/orderoffshore.com\/\",\n\t            \"name\": \"Order Offshore\",\n\t            \"description\": \"C\u00e9galap\u00edt\u00e1s, v\u00edzum \u00e9s banksz\u00e1mla l\u00e9trehoz\u00e1s\",\n\t            \"publisher\": {\n\t                \"@id\": \"https:\/\/orderoffshore.com\/#organization\"\n\t            },\n\t            \"potentialAction\": [\n\t                {\n\t                    \"@type\": \"SearchAction\",\n\t                    \"target\": {\n\t                        \"@type\": \"EntryPoint\",\n\t                        \"urlTemplate\": \"https:\/\/orderoffshore.com\/?s={search_term_string}\"\n\t                    },\n\t                    \"query-input\": \"required name=search_term_string\"\n\t                }\n\t            ],\n\t            \"inLanguage\": \"ru-RU\"\n\t        },\n\t        {\n\t            \"@type\": \"Organization\",\n\t            \"@id\": \"https:\/\/orderoffshore.com\/#organization\",\n\t            \"name\": \"Order Offshore\",\n\t            \"url\": \"https:\/\/orderoffshore.com\/\",\n\t            \"logo\": {\n\t                \"@type\": \"ImageObject\",\n\t                \"inLanguage\": \"ru-RU\",\n\t                \"@id\": \"https:\/\/orderoffshore.com\/#\/schema\/logo\/image\/\",\n\t                \"url\": \"https:\/\/orderoffshore.com\/wp-content\/uploads\/2014\/11\/orderofshore_logo1.png\",\n\t                \"contentUrl\": \"https:\/\/orderoffshore.com\/wp-content\/uploads\/2014\/11\/orderofshore_logo1.png\",\n\t                \"width\": 250,\n\t                \"height\": 80,\n\t                \"caption\": \"Order Offshore\"\n\t            },\n\t            \"image\": {\n\t                \"@id\": \"https:\/\/orderoffshore.com\/#\/schema\/logo\/image\/\"\n\t            }\n\t        }\n\t    ]\n\t}<\/script>\n<!-- \/ Yoast SEO Premium plugin. -->","yoast_head_json":{"title":"Offshore C\u00e9galap\u00edt\u00e1s Helysz\u00ednek","description":"Megmutatjuk mely inform\u00e1ci\u00f3k alapj\u00e1n tud v\u00e1lasztani az offshore c\u00e9galap\u00edt\u00e1s helysz\u00ednek k\u00f6z\u00fcl. Milyen inform\u00e1ci\u00f3kkal kell m\u00e1r rendelkezni c\u00e9galap\u00edt\u00e1s el\u0151tt.","robots":{"index":"index","follow":"follow","max-snippet":"max-snippet:-1","max-image-preview":"max-image-preview:large","max-video-preview":"max-video-preview:-1"},"canonical":"https:\/\/orderoffshore.com\/ru\/helyszinek\/","og_locale":"ru_RU","og_type":"article","og_title":"Offshore C\u00e9galap\u00edt\u00e1s Helysz\u00ednek 2023-ban!","og_description":"Megmutatjuk mely inform\u00e1ci\u00f3k alapj\u00e1n tud v\u00e1lasztani az offshore c\u00e9galap\u00edt\u00e1s helysz\u00ednek k\u00f6z\u00fcl. Milyen inform\u00e1ci\u00f3kkal kell m\u00e1r rendelkezni c\u00e9galap\u00edt\u00e1s el\u0151tt.","og_url":"https:\/\/orderoffshore.com\/ru\/helyszinek\/","og_site_name":"Offshore C\u00e9galap\u00edt\u00e1s","article_modified_time":"2023-05-07T09:15:17+00:00","og_image":[{"url":"http:\/\/orderoffshore.com\/wp-content\/uploads\/2023\/05\/IMG_4504-225x300.jpg"}],"twitter_card":"summary_large_image","twitter_misc":{"\u041f\u0440\u0438\u043c\u0435\u0440\u043d\u043e\u0435 \u0432\u0440\u0435\u043c\u044f \u0434\u043b\u044f \u0447\u0442\u0435\u043d\u0438\u044f":"1 \u043c\u0438\u043d\u0443\u0442\u0430"},"schema":{"@context":"https:\/\/schema.org","@graph":[{"@type":"WebPage","@id":"https:\/\/orderoffshore.com\/helyszinek\/","url":"https:\/\/orderoffshore.com\/helyszinek\/","name":"Offshore C\u00e9galap\u00edt\u00e1s Helysz\u00ednek","isPartOf":{"@id":"https:\/\/orderoffshore.com\/#website"},"datePublished":"2014-11-06T13:32:21+00:00","dateModified":"2023-05-07T09:15:17+00:00","description":"Megmutatjuk mely inform\u00e1ci\u00f3k alapj\u00e1n tud v\u00e1lasztani az offshore c\u00e9galap\u00edt\u00e1s helysz\u00ednek k\u00f6z\u00fcl. Milyen inform\u00e1ci\u00f3kkal kell m\u00e1r rendelkezni c\u00e9galap\u00edt\u00e1s el\u0151tt.","breadcrumb":{"@id":"https:\/\/orderoffshore.com\/helyszinek\/#breadcrumb"},"inLanguage":"ru-RU","potentialAction":[{"@type":"ReadAction","target":["https:\/\/orderoffshore.com\/helyszinek\/"]}]},{"@type":"BreadcrumbList","@id":"https:\/\/orderoffshore.com\/helyszinek\/#breadcrumb","itemListElement":[{"@type":"ListItem","position":1,"name":"Kezd\u0151lap","item":"https:\/\/orderoffshore.com\/"},{"@type":"ListItem","position":2,"name":"Offshore C\u00e9galap\u00edt\u00e1s Helysz\u00ednek 2023-ban!"}]},{"@type":"WebSite","@id":"https:\/\/orderoffshore.com\/#website","url":"https:\/\/orderoffshore.com\/","name":"Order Offshore","description":"C\u00e9galap\u00edt\u00e1s, v\u00edzum \u00e9s banksz\u00e1mla l\u00e9trehoz\u00e1s","publisher":{"@id":"https:\/\/orderoffshore.com\/#organization"},"potentialAction":[{"@type":"SearchAction","target":{"@type":"EntryPoint","urlTemplate":"https:\/\/orderoffshore.com\/?s={search_term_string}"},"query-input":"required name=search_term_string"}],"inLanguage":"ru-RU"},{"@type":"Organization","@id":"https:\/\/orderoffshore.com\/#organization","name":"Order Offshore","url":"https:\/\/orderoffshore.com\/","logo":{"@type":"ImageObject","inLanguage":"ru-RU","@id":"https:\/\/orderoffshore.com\/#\/schema\/logo\/image\/","url":"https:\/\/orderoffshore.com\/wp-content\/uploads\/2014\/11\/orderofshore_logo1.png","contentUrl":"https:\/\/orderoffshore.com\/wp-content\/uploads\/2014\/11\/orderofshore_logo1.png","width":250,"height":80,"caption":"Order Offshore"},"image":{"@id":"https:\/\/orderoffshore.com\/#\/schema\/logo\/image\/"}}]}},"_links":{"self":[{"href":"https:\/\/orderoffshore.com\/ru\/wp-json\/wp\/v2\/pages\/8"}],"collection":[{"href":"https:\/\/orderoffshore.com\/ru\/wp-json\/wp\/v2\/pages"}],"about":[{"href":"https:\/\/orderoffshore.com\/ru\/wp-json\/wp\/v2\/types\/page"}],"author":[{"embeddable":true,"href":"https:\/\/orderoffshore.com\/ru\/wp-json\/wp\/v2\/users\/2"}],"replies":[{"embeddable":true,"href":"https:\/\/orderoffshore.com\/ru\/wp-json\/wp\/v2\/comments?post=8"}],"version-history":[{"count":15,"href":"https:\/\/orderoffshore.com\/ru\/wp-json\/wp\/v2\/pages\/8\/revisions"}],"predecessor-version":[{"id":870,"href":"https:\/\/orderoffshore.com\/ru\/wp-json\/wp\/v2\/pages\/8\/revisions\/870"}],"wp:attachment":[{"href":"https:\/\/orderoffshore.com\/ru\/wp-json\/wp\/v2\/media?parent=8"}],"curies":[{"name":"wp","href":"https:\/\/api.w.org\/{rel}","templated":true}]}}