{"id":81,"date":"2014-11-06T14:22:48","date_gmt":"2014-11-06T14:22:48","guid":{"rendered":"http:\/\/localhost\/orderoffhore\/?page_id=81"},"modified":"2024-08-26T11:46:24","modified_gmt":"2024-08-26T11:46:24","slug":"kapcsolat-widget","status":"publish","type":"page","link":"https:\/\/orderoffshore.com\/ru\/kapcsolat-widget\/","title":{"rendered":"Kapcsolat (widget)"},"content":{"rendered":"<ul>\n<li><strong>Blue and Red Consulting Limited<br \/>\n<\/strong><\/li>\n<li><span class=\"location-icon\">\u041f\u0440\u0435\u0434\u0441\u0442\u0430\u0432\u0438\u0442\u0435\u043b\u044c\u0441\u0442\u0432\u043e: <\/span><\/li>\n<li><span class=\"location-icon\">Budapest, II. ker\u00fclet,<br \/>\nB\u00e9g utca 3-5<\/span><\/li>\n<li><span class=\"tel-icon\">+36 70 941 5142<\/span><\/li>\n<li><span class=\"skype-icon\">daniel.freedom621<\/span><\/li>\n<li><a href=\"mailto:info@orderoffshore.com\"><span class=\"mail-icon\">info@orderoffshore.com<\/span><\/a><\/li>\n<\/ul>","protected":false},"excerpt":{"rendered":"<p>Blue and Red Consulting Limited K\u00e9pviselet: Budapest, II. ker\u00fclet, B\u00e9g utca 3-5 +36 70 941 5142 daniel.freedom621 info@orderoffshore.com<\/p>","protected":false},"author":2,"featured_media":0,"parent":0,"menu_order":0,"comment_status":"closed","ping_status":"open","template":"","meta":{"footnotes":""},"yoast_head":"<!-- This site is optimized with the Yoast SEO Premium plugin v21.5 (Yoast SEO v21.5) - https:\/\/yoast.com\/wordpress\/plugins\/seo\/ -->\n<title>Kapcsolat (widget) - Offshore C\u00e9galap\u00edt\u00e1s<\/title>\n<meta name=\"robots\" content=\"index, follow, max-snippet:-1, max-image-preview:large, max-video-preview:-1\" \/>\n<link rel=\"canonical\" href=\"https:\/\/orderoffshore.com\/ru\/kapcsolat-widget\/\" \/>\n<meta property=\"og:locale\" content=\"ru_RU\" \/>\n<meta property=\"og:type\" content=\"article\" \/>\n<meta property=\"og:title\" content=\"Kapcsolat (widget)\" \/>\n<meta property=\"og:description\" content=\"Blue and Red Consulting Limited K\u00e9pviselet: Budapest, II. ker\u00fclet, B\u00e9g utca 3-5 +36 70 941 5142 daniel.freedom621 info@orderoffshore.com\" \/>\n<meta property=\"og:url\" content=\"https:\/\/orderoffshore.com\/ru\/kapcsolat-widget\/\" \/>\n<meta property=\"og:site_name\" content=\"Offshore C\u00e9galap\u00edt\u00e1s\" \/>\n<meta property=\"article:modified_time\" content=\"2024-08-26T11:46:24+00:00\" \/>\n<meta name=\"twitter:card\" content=\"summary_large_image\" \/>\n<meta name=\"twitter:label1\" content=\"\u041f\u0440\u0438\u043c\u0435\u0440\u043d\u043e\u0435 \u0432\u0440\u0435\u043c\u044f \u0434\u043b\u044f \u0447\u0442\u0435\u043d\u0438\u044f\" \/>\n\t<meta name=\"twitter:data1\" content=\"1 \u043c\u0438\u043d\u0443\u0442\u0430\" \/>\n<script type=\"application\/ld+json\" class=\"yoast-schema-graph\">{\n\t    \"@context\": \"https:\/\/schema.org\",\n\t    \"@graph\": [\n\t        {\n\t            \"@type\": \"WebPage\",\n\t            \"@id\": \"https:\/\/orderoffshore.com\/kapcsolat-widget\/\",\n\t            \"url\": \"https:\/\/orderoffshore.com\/kapcsolat-widget\/\",\n\t            \"name\": \"Kapcsolat (widget) - Offshore C\u00e9galap\u00edt\u00e1s\",\n\t            \"isPartOf\": {\n\t                \"@id\": \"https:\/\/orderoffshore.com\/#website\"\n\t            },\n\t            \"datePublished\": \"2014-11-06T14:22:48+00:00\",\n\t            \"dateModified\": \"2024-08-26T11:46:24+00:00\",\n\t            \"breadcrumb\": {\n\t                \"@id\": \"https:\/\/orderoffshore.com\/kapcsolat-widget\/#breadcrumb\"\n\t            },\n\t            \"inLanguage\": \"ru-RU\",\n\t            \"potentialAction\": [\n\t                {\n\t                    \"@type\": \"ReadAction\",\n\t                    \"target\": [\n\t                        \"https:\/\/orderoffshore.com\/kapcsolat-widget\/\"\n\t                    ]\n\t                }\n\t            ]\n\t        },\n\t        {\n\t            \"@type\": \"BreadcrumbList\",\n\t            \"@id\": \"https:\/\/orderoffshore.com\/kapcsolat-widget\/#breadcrumb\",\n\t            \"itemListElement\": [\n\t                {\n\t                    \"@type\": \"ListItem\",\n\t                    \"position\": 1,\n\t                    \"name\": \"Kezd\u0151lap\",\n\t                    \"item\": \"https:\/\/orderoffshore.com\/\"\n\t                },\n\t                {\n\t                    \"@type\": \"ListItem\",\n\t                    \"position\": 2,\n\t                    \"name\": \"Kapcsolat (widget)\"\n\t                }\n\t            ]\n\t        },\n\t        {\n\t            \"@type\": \"WebSite\",\n\t            \"@id\": \"https:\/\/orderoffshore.com\/#website\",\n\t            \"url\": \"https:\/\/orderoffshore.com\/\",\n\t            \"name\": \"Order Offshore\",\n\t            \"description\": \"C\u00e9galap\u00edt\u00e1s, v\u00edzum \u00e9s banksz\u00e1mla l\u00e9trehoz\u00e1s\",\n\t            \"publisher\": {\n\t                \"@id\": \"https:\/\/orderoffshore.com\/#organization\"\n\t            },\n\t            \"potentialAction\": [\n\t                {\n\t                    \"@type\": \"SearchAction\",\n\t                    \"target\": {\n\t                        \"@type\": \"EntryPoint\",\n\t                        \"urlTemplate\": \"https:\/\/orderoffshore.com\/?s={search_term_string}\"\n\t                    },\n\t                    \"query-input\": \"required name=search_term_string\"\n\t                }\n\t            ],\n\t            \"inLanguage\": \"ru-RU\"\n\t        },\n\t        {\n\t            \"@type\": \"Organization\",\n\t            \"@id\": \"https:\/\/orderoffshore.com\/#organization\",\n\t            \"name\": \"Order Offshore\",\n\t            \"url\": \"https:\/\/orderoffshore.com\/\",\n\t            \"logo\": {\n\t                \"@type\": \"ImageObject\",\n\t                \"inLanguage\": \"ru-RU\",\n\t                \"@id\": \"https:\/\/orderoffshore.com\/#\/schema\/logo\/image\/\",\n\t                \"url\": \"https:\/\/orderoffshore.com\/wp-content\/uploads\/2014\/11\/orderofshore_logo1.png\",\n\t                \"contentUrl\": \"https:\/\/orderoffshore.com\/wp-content\/uploads\/2014\/11\/orderofshore_logo1.png\",\n\t                \"width\": 250,\n\t                \"height\": 80,\n\t                \"caption\": \"Order Offshore\"\n\t            },\n\t            \"image\": {\n\t                \"@id\": \"https:\/\/orderoffshore.com\/#\/schema\/logo\/image\/\"\n\t            }\n\t        }\n\t    ]\n\t}<\/script>\n<!-- \/ Yoast SEO Premium plugin. -->","yoast_head_json":{"title":"Kapcsolat (widget) - Offshore C\u00e9galap\u00edt\u00e1s","robots":{"index":"index","follow":"follow","max-snippet":"max-snippet:-1","max-image-preview":"max-image-preview:large","max-video-preview":"max-video-preview:-1"},"canonical":"https:\/\/orderoffshore.com\/ru\/kapcsolat-widget\/","og_locale":"ru_RU","og_type":"article","og_title":"Kapcsolat (widget)","og_description":"Blue and Red Consulting Limited K\u00e9pviselet: Budapest, II. ker\u00fclet, B\u00e9g utca 3-5 +36 70 941 5142 daniel.freedom621 info@orderoffshore.com","og_url":"https:\/\/orderoffshore.com\/ru\/kapcsolat-widget\/","og_site_name":"Offshore C\u00e9galap\u00edt\u00e1s","article_modified_time":"2024-08-26T11:46:24+00:00","twitter_card":"summary_large_image","twitter_misc":{"\u041f\u0440\u0438\u043c\u0435\u0440\u043d\u043e\u0435 \u0432\u0440\u0435\u043c\u044f \u0434\u043b\u044f \u0447\u0442\u0435\u043d\u0438\u044f":"1 \u043c\u0438\u043d\u0443\u0442\u0430"},"schema":{"@context":"https:\/\/schema.org","@graph":[{"@type":"WebPage","@id":"https:\/\/orderoffshore.com\/kapcsolat-widget\/","url":"https:\/\/orderoffshore.com\/kapcsolat-widget\/","name":"Kapcsolat (widget) - Offshore C\u00e9galap\u00edt\u00e1s","isPartOf":{"@id":"https:\/\/orderoffshore.com\/#website"},"datePublished":"2014-11-06T14:22:48+00:00","dateModified":"2024-08-26T11:46:24+00:00","breadcrumb":{"@id":"https:\/\/orderoffshore.com\/kapcsolat-widget\/#breadcrumb"},"inLanguage":"ru-RU","potentialAction":[{"@type":"ReadAction","target":["https:\/\/orderoffshore.com\/kapcsolat-widget\/"]}]},{"@type":"BreadcrumbList","@id":"https:\/\/orderoffshore.com\/kapcsolat-widget\/#breadcrumb","itemListElement":[{"@type":"ListItem","position":1,"name":"Kezd\u0151lap","item":"https:\/\/orderoffshore.com\/"},{"@type":"ListItem","position":2,"name":"Kapcsolat (widget)"}]},{"@type":"WebSite","@id":"https:\/\/orderoffshore.com\/#website","url":"https:\/\/orderoffshore.com\/","name":"Order Offshore","description":"C\u00e9galap\u00edt\u00e1s, v\u00edzum \u00e9s banksz\u00e1mla l\u00e9trehoz\u00e1s","publisher":{"@id":"https:\/\/orderoffshore.com\/#organization"},"potentialAction":[{"@type":"SearchAction","target":{"@type":"EntryPoint","urlTemplate":"https:\/\/orderoffshore.com\/?s={search_term_string}"},"query-input":"required name=search_term_string"}],"inLanguage":"ru-RU"},{"@type":"Organization","@id":"https:\/\/orderoffshore.com\/#organization","name":"Order Offshore","url":"https:\/\/orderoffshore.com\/","logo":{"@type":"ImageObject","inLanguage":"ru-RU","@id":"https:\/\/orderoffshore.com\/#\/schema\/logo\/image\/","url":"https:\/\/orderoffshore.com\/wp-content\/uploads\/2014\/11\/orderofshore_logo1.png","contentUrl":"https:\/\/orderoffshore.com\/wp-content\/uploads\/2014\/11\/orderofshore_logo1.png","width":250,"height":80,"caption":"Order Offshore"},"image":{"@id":"https:\/\/orderoffshore.com\/#\/schema\/logo\/image\/"}}]}},"_links":{"self":[{"href":"https:\/\/orderoffshore.com\/ru\/wp-json\/wp\/v2\/pages\/81"}],"collection":[{"href":"https:\/\/orderoffshore.com\/ru\/wp-json\/wp\/v2\/pages"}],"about":[{"href":"https:\/\/orderoffshore.com\/ru\/wp-json\/wp\/v2\/types\/page"}],"author":[{"embeddable":true,"href":"https:\/\/orderoffshore.com\/ru\/wp-json\/wp\/v2\/users\/2"}],"replies":[{"embeddable":true,"href":"https:\/\/orderoffshore.com\/ru\/wp-json\/wp\/v2\/comments?post=81"}],"version-history":[{"count":7,"href":"https:\/\/orderoffshore.com\/ru\/wp-json\/wp\/v2\/pages\/81\/revisions"}],"predecessor-version":[{"id":354,"href":"https:\/\/orderoffshore.com\/ru\/wp-json\/wp\/v2\/pages\/81\/revisions\/354"}],"wp:attachment":[{"href":"https:\/\/orderoffshore.com\/ru\/wp-json\/wp\/v2\/media?parent=81"}],"curies":[{"name":"wp","href":"https:\/\/api.w.org\/{rel}","templated":true}]}}